{"id":14787,"date":"2025-11-30T14:09:20","date_gmt":"2025-11-30T14:09:20","guid":{"rendered":"https:\/\/culturechiangmai-ngodong.com\/?page_id=14787"},"modified":"2025-12-20T04:30:27","modified_gmt":"2025-12-20T04:30:27","slug":"memories","status":"publish","type":"page","link":"https:\/\/culturechiangmai-ngodong.com\/vi\/memories\/","title":{"rendered":"Memories"},"content":{"rendered":"\n<pre class=\"wp-block-code\"><code><\/code><\/pre>\n\n\n\n<iframe width=\"100%\"  height=\"550\" src=\"https:\/\/www.youtube.com\/embed\/tH3Y-0i5jR8?si=AKYxotvgPwbtcPvK\" title=\"YouTube video player\" frameborder=\"0\" allow=\"accelerometer; autoplay; clipboard-write; encrypted-media; gyroscope; picture-in-picture; web-share\" referrerpolicy=\"strict-origin-when-cross-origin\" allowfullscreen><\/iframe>\n\n\n\n<p><\/p>\n\n\n\n<h2 class=\"wp-block-heading\"><strong>K\u1ef7 ni\u1ec7m chuy\u1ebfn \u0111i Th\u00e1i Lan<\/strong><\/h2>\n\n\n\n<p>H\u00e3y c\u00f9ng \u0111\u1eafm m\u00ecnh v\u00e0o v\u1ebb \u0111\u1eb9p k\u1ef3 di\u1ec7u c\u1ee7a Th\u00e1i Lan v\u1edbi b\u1ed9 s\u01b0u t\u1eadp nh\u1eefng kho\u1ea3nh kh\u1eafc kh\u00f3 qu\u00ean n\u00e0y. T\u1eeb nh\u1eefng ng\u00f4i \u0111\u1ec1n v\u00e0ng r\u1ef1c r\u1ee1 v\u00e0 nh\u1eefng khu ch\u1ee3 \u0111\u00eam nh\u1ed9n nh\u1ecbp \u0111\u1ebfn nh\u1eefng b\u00e3i bi\u1ec3n trong v\u1eaft v\u00e0 nh\u1eefng vi\u00ean ng\u1ecdc \u1ea9n m\u00ecnh c\u1ee7a \u0111\u1ecba ph\u01b0\u01a1ng, m\u1ed7i b\u1ee9c \u1ea3nh \u0111\u1ec1u ghi l\u1ea1i m\u1ed9t ph\u1ea7n c\u1ee7a h\u00e0nh tr\u00ecnh \u2014 h\u01b0\u01a1ng v\u1ecb, n\u1ee5 c\u01b0\u1eddi v\u00e0 nh\u1eefng c\u00e2u chuy\u1ec7n \u0111\u00e3 l\u00e0m n\u00ean chuy\u1ebfn \u0111i th\u1ef1c s\u1ef1 \u0111\u1eb7c bi\u1ec7t n\u00e0y. H\u00e3y cu\u1ed9n xu\u1ed1ng v\u00e0 s\u1ed1ng l\u1ea1i cu\u1ed9c phi\u00eau l\u01b0u, t\u1eebng k\u1ef7 ni\u1ec7m m\u1ed9t.<\/p>\n\n\n\n<h2 class=\"wp-block-heading\">Video<\/h2>\n\n\n\n<style>\n.video-tabs-image {\n  margin-bottom: 40px;\n  font-family: inherit;\n}\n\n\/* ===== TAB HEADER ===== *\/\n.tab-header {\n  display: grid;\n  grid-template-columns: repeat(auto-fit, minmax(160px, 1fr));\n  gap: 20px;\n}\n\n.tab-card {\n  cursor: pointer;\n  text-align: center;\n  border-radius: 14px;\n  overflow: hidden;\n  background: #000;\n  color: #fff;\n  transition: all .25s ease;\n  border: 2px solid #fff;\n  width: 80%;\n  margin: 0 auto;\n}\n\n.tab-card img {\n  width: 100%;\n  height: 140px;\n  object-fit: cover;\n  display: block;\n}\n\n.tab-card span {\n  display: block;\n  padding: 14px 10px;\n  font-weight: 600;\n  font-size: 16px;\n  transition: all .25s ease;\n}\n\n\/* ===== ACTIVE ===== *\/\n.tab-card.active {\n  background: #fff;\n  color: #000;\n}\n\n.tab-card.active span {\n  font-size: 19px;\n  font-weight: 700;\n  color: #000 !important;\n}\n\n\/* ===== TAB CONTENT ===== *\/\n.tab-content {\n  display: none;\n  margin-top: 30px;\n}\n\n\/* ===== VIDEO GRID ===== *\/\n.video-grid {\n  display: grid;\n  grid-template-columns: repeat(3, 1fr);\n  gap: 18px;\n}\n\n.video-grid video {\n  width: 100%;\n  aspect-ratio: 16 \/ 9;   \/* \ud83d\udc48 \u00c9P VIDEO NGANG *\/\n  height: auto;\n   object-fit: contain; \n  border-radius: 10px;\n  background: #000;\n}\n\n\/* ===== RESPONSIVE ===== *\/\n@media (max-width: 768px) {\n  .video-grid {\n    grid-template-columns: repeat(1, 1fr);\n  }\n\n  .tab-card img {\n    height: 120px;\n  }\n}\n<\/style>\n\n<div class=\"video-tabs-image\">\n\n  <div class=\"tab-header\">\n    <div class=\"tab-card\" data-tab=\"Sky-Lantern\">\n      <img decoding=\"async\" src=\"https:\/\/culturechiangmai-ngodong.com\/wp-content\/uploads\/2025\/12\/583093351_1563334778157979_1224107662929039124_n.jpg\">\n      <span>L\u1ec5 h\u1ed9i th\u1ea3 \u0111\u00e8n<\/span>\n    <\/div>\n\n    <div class=\"tab-card\" data-tab=\"New-Year-Countdown\">\n      <img decoding=\"async\" src=\"https:\/\/culturechiangmai-ngodong.com\/wp-content\/uploads\/2025\/12\/481357879_1359821201842672_6294482747847240346_n.jpg\">\n      <span>L\u1ec5 h\u1ed9i ch\u00e0o \u0111\u00f3n n\u0103m m\u1edbi<\/span>\n    <\/div>\n  <\/div>\n\n  <div class=\"tab-content\" id=\"Sky-Lantern\">\n    <div class=\"video-grid\">\n      <video controls src=\"https:\/\/culturechiangmai-ngodong.com\/video\/Chiangmai%20CAD%20Yeepeng%20KhomLoy%20Sky%20Lantern%20Festival%202025.mp4?_t=1766148893\"><\/video>\n      <video controls src=\"https:\/\/culturechiangmai-ngodong.com\/video\/Yeepeng%202025%20%E2%80%93%20review%20from%20fb%20Ph%E1%BA%A1m%20Ng%E1%BB%8Dc%20Anh.mp4?_t=1766148902\"><\/video>\n      <video controls src=\"https:\/\/culturechiangmai-ngodong.com\/video\/L%E1%BB%85%20th%E1%BA%A3%20%C4%91%C3%A8n%20YiPeng%20%E1%BB%9F%20Chiang%20Mai%20-%20Th%C3%A1i%20Lan.%20M%E1%BB%97i%20n%C4%83m%20s%E1%BA%BD%20t%E1%BB%95%20ch%E1%BB%A9c%20v%C3%A0o%202%20ng%C3%A0y%20c%E1%BB%A7a%20th%C3%A1ng%2011%20d%C6%B0%C6%A1ng%20l%E1%BB%8Bch.mp4?_t=1766127421\"><\/video>\n    <\/div>\n <div class=\"video-grid\">\n      <video controls src=\"https:\/\/culturechiangmai-ngodong.com\/video\/Behind%20the%20scene%20in%20Yeepeng%202025.mp4?_t=1766203799\"><\/video>\n<video controls src=\"https:\/\/culturechiangmai-ngodong.com\/video\/V%C3%A0o%20ng%C3%A0y%2030%20v%C3%A0%2031122024%20Ban%20T%E1%BB%95%20Ch%E1%BB%A9c%20CAD%20c%C5%A9ng%20c%C3%B3%20l%E1%BB%85%20h%E1%BB%99i%20Countdown%20ho%C3%A0nh%20tr%C3%A1ng%20kh%C3%B4ng%20k%C3%A9m%20l%E1%BB%85%20h%E1%BB%99i%20Yeepeng..mp4?_t=1766127398\"><\/video>\n    <\/div>\n  <\/div>\n\n  <div class=\"tab-content\" id=\"New-Year-Countdown\">\n    <div class=\"video-grid\">\n      <video controls src=\"https:\/\/culturechiangmai-ngodong.com\/video\/Video%20clip%20of%20Chiangmai%20CAD%20New%20Year%20Countdown%20%E2%80%93%2030%20%26%2031122024.mp4?_t=1766204566\"><\/video>\n      <video controls src=\"https:\/\/culturechiangmai-ngodong.com\/video\/CAD%202025.mp4?_t=1765343610\"><\/video>\n      <video controls src=\"https:\/\/culturechiangmai-ngodong.com\/video\/Review%20fireworks%20in%20Chiangmai%20CAD%20New%20Year%20Countdown%202024%20from%20fb%20Xoan%20H%C3%A0.mp4?_t=1766204782\"><\/video>\n    <\/div>\n<div class=\"video-grid\">\n      <video controls src=\"https:\/\/culturechiangmai-ngodong.com\/video\/M%C3%A0n%20b%E1%BA%AFn%20ph%C3%A1o%20hoa%20v%C3%B4%20c%C3%B9ng%20m%C3%A3n%20nh%C3%A3n%20c%E1%BB%A7a%20l%E1%BB%85%20h%E1%BB%99i%20Countdown%20thu%E1%BB%99c%20BTC%20CAD%20v%C3%A0o%20t%E1%BB%91i%20h%C3%B4m%20qua%20n%C3%A8%20m%E1%BB%8Di%20ng%C6%B0%E1%BB%9Di.mp4?_t=1766127407\"><\/video>\n    <\/div>\n  <\/div>\n<\/div>\n\n<script>\nconst tabs = document.querySelectorAll('.tab-card');\nconst contents = document.querySelectorAll('.tab-content');\nconst videos = document.querySelectorAll('video');\n\ntabs.forEach(tab => {\n  tab.addEventListener('click', () => {\n    const target = tab.dataset.tab;\n    const content = document.getElementById(target);\n    const isActive = tab.classList.contains('active');\n\n    \/\/ pause + tho\u00e1t fullscreen n\u1ebfu c\u00f3\n    videos.forEach(v => {\n      v.pause();\n      if (document.fullscreenElement) {\n        document.exitFullscreen().catch(() => {});\n      }\n    });\n\n    \/\/ reset\n    tabs.forEach(t => t.classList.remove('active'));\n    contents.forEach(c => c.style.display = 'none');\n\n    \/\/ toggle\n    if (!isActive) {\n      tab.classList.add('active');\n      content.style.display = 'block';\n    }\n  });\n});\n<\/script>\n\n","protected":false},"excerpt":{"rendered":"<p>K\u1ef7 ni\u1ec7m chuy\u1ebfn \u0111i Th\u00e1i Lan H\u00e3y c\u00f9ng \u0111\u1eafm m\u00ecnh v\u00e0o v\u1ebb \u0111\u1eb9p k\u1ef3 di\u1ec7u c\u1ee7a Th\u00e1i Lan v\u1edbi b\u1ed9 s\u01b0u t\u1eadp nh\u1eefng kho\u1ea3nh kh\u1eafc kh\u00f3 qu\u00ean n\u00e0y. T\u1eeb nh\u1eefng ng\u00f4i \u0111\u1ec1n v\u00e0ng r\u1ef1c r\u1ee1 v\u00e0 nh\u1eefng khu ch\u1ee3 \u0111\u00eam nh\u1ed9n nh\u1ecbp \u0111\u1ebfn nh\u1eefng b\u00e3i bi\u1ec3n trong v\u1eaft v\u00e0 nh\u1eefng vi\u00ean ng\u1ecdc \u1ea9n m\u00ecnh c\u1ee7a [&hellip;]<\/p>\n","protected":false},"author":1,"featured_media":16213,"parent":0,"menu_order":0,"comment_status":"closed","ping_status":"closed","template":"","meta":{"ngg_post_thumbnail":0,"footnotes":""},"class_list":["post-14787","page","type-page","status-publish","has-post-thumbnail","hentry"],"yoast_head":"<!-- This site is optimized with the Yoast SEO plugin v26.7 - https:\/\/yoast.com\/wordpress\/plugins\/seo\/ -->\n<title>Memories<\/title>\n<meta name=\"robots\" content=\"index, follow, max-snippet:-1, max-image-preview:large, max-video-preview:-1\" \/>\n<link rel=\"canonical\" href=\"https:\/\/culturechiangmai-ngodong.com\/vi\/memories\/\" \/>\n<meta property=\"og:locale\" content=\"vi_VN\" \/>\n<meta property=\"og:locale:alternate\" content=\"en_US\" \/>\n<meta property=\"og:type\" content=\"article\" \/>\n<meta property=\"og:title\" content=\"Memories\" \/>\n<meta property=\"og:description\" content=\"K\u1ef7 ni\u1ec7m chuy\u1ebfn \u0111i Th\u00e1i Lan H\u00e3y c\u00f9ng \u0111\u1eafm m\u00ecnh v\u00e0o v\u1ebb \u0111\u1eb9p k\u1ef3 di\u1ec7u c\u1ee7a Th\u00e1i Lan v\u1edbi b\u1ed9 s\u01b0u t\u1eadp nh\u1eefng kho\u1ea3nh kh\u1eafc kh\u00f3 qu\u00ean n\u00e0y. T\u1eeb nh\u1eefng ng\u00f4i \u0111\u1ec1n v\u00e0ng r\u1ef1c r\u1ee1 v\u00e0 nh\u1eefng khu ch\u1ee3 \u0111\u00eam nh\u1ed9n nh\u1ecbp \u0111\u1ebfn nh\u1eefng b\u00e3i bi\u1ec3n trong v\u1eaft v\u00e0 nh\u1eefng vi\u00ean ng\u1ecdc \u1ea9n m\u00ecnh c\u1ee7a [&hellip;]\" \/>\n<meta property=\"og:url\" content=\"https:\/\/culturechiangmai-ngodong.com\/vi\/memories\/\" \/>\n<meta property=\"og:site_name\" content=\"travel\" \/>\n<meta property=\"article:modified_time\" content=\"2025-12-20T04:30:27+00:00\" \/>\n<meta property=\"og:image\" content=\"https:\/\/culturechiangmai-ngodong.com\/wp-content\/uploads\/2025\/12\/CAD-949-1.jpg\" \/>\n\t<meta property=\"og:image:width\" content=\"2000\" \/>\n\t<meta property=\"og:image:height\" content=\"1333\" \/>\n\t<meta property=\"og:image:type\" content=\"image\/jpeg\" \/>\n<meta name=\"twitter:card\" content=\"summary_large_image\" \/>\n<meta name=\"twitter:label1\" content=\"\u01af\u1edbc t\u00ednh th\u1eddi gian \u0111\u1ecdc\" \/>\n\t<meta name=\"twitter:data1\" content=\"1 ph\u00fat\" \/>\n<script type=\"application\/ld+json\" class=\"yoast-schema-graph\">{\"@context\":\"https:\/\/schema.org\",\"@graph\":[{\"@type\":\"WebPage\",\"@id\":\"https:\/\/culturechiangmai-ngodong.com\/vi\/memories\/\",\"url\":\"https:\/\/culturechiangmai-ngodong.com\/vi\/memories\/\",\"name\":\"Memories\",\"isPartOf\":{\"@id\":\"https:\/\/culturechiangmai-ngodong.com\/#website\"},\"primaryImageOfPage\":{\"@id\":\"https:\/\/culturechiangmai-ngodong.com\/vi\/memories\/#primaryimage\"},\"image\":{\"@id\":\"https:\/\/culturechiangmai-ngodong.com\/vi\/memories\/#primaryimage\"},\"thumbnailUrl\":\"https:\/\/culturechiangmai-ngodong.com\/wp-content\/uploads\/2025\/12\/CAD-949-1.jpg\",\"datePublished\":\"2025-11-30T14:09:20+00:00\",\"dateModified\":\"2025-12-20T04:30:27+00:00\",\"breadcrumb\":{\"@id\":\"https:\/\/culturechiangmai-ngodong.com\/vi\/memories\/#breadcrumb\"},\"inLanguage\":\"vi\",\"potentialAction\":[{\"@type\":\"ReadAction\",\"target\":[\"https:\/\/culturechiangmai-ngodong.com\/vi\/memories\/\"]}]},{\"@type\":\"ImageObject\",\"inLanguage\":\"vi\",\"@id\":\"https:\/\/culturechiangmai-ngodong.com\/vi\/memories\/#primaryimage\",\"url\":\"https:\/\/culturechiangmai-ngodong.com\/wp-content\/uploads\/2025\/12\/CAD-949-1.jpg\",\"contentUrl\":\"https:\/\/culturechiangmai-ngodong.com\/wp-content\/uploads\/2025\/12\/CAD-949-1.jpg\",\"width\":2000,\"height\":1333},{\"@type\":\"BreadcrumbList\",\"@id\":\"https:\/\/culturechiangmai-ngodong.com\/vi\/memories\/#breadcrumb\",\"itemListElement\":[{\"@type\":\"ListItem\",\"position\":1,\"name\":\"Home\",\"item\":\"https:\/\/culturechiangmai-ngodong.com\/\"},{\"@type\":\"ListItem\",\"position\":2,\"name\":\"Memories\"}]},{\"@type\":\"WebSite\",\"@id\":\"https:\/\/culturechiangmai-ngodong.com\/#website\",\"url\":\"https:\/\/culturechiangmai-ngodong.com\/\",\"name\":\"Culture Chiangmai Ngo Dong\",\"description\":\"\",\"potentialAction\":[{\"@type\":\"SearchAction\",\"target\":{\"@type\":\"EntryPoint\",\"urlTemplate\":\"https:\/\/culturechiangmai-ngodong.com\/?s={search_term_string}\"},\"query-input\":{\"@type\":\"PropertyValueSpecification\",\"valueRequired\":true,\"valueName\":\"search_term_string\"}}],\"inLanguage\":\"vi\"}]}<\/script>\n<!-- \/ Yoast SEO plugin. -->","yoast_head_json":{"title":"Memories","robots":{"index":"index","follow":"follow","max-snippet":"max-snippet:-1","max-image-preview":"max-image-preview:large","max-video-preview":"max-video-preview:-1"},"canonical":"https:\/\/culturechiangmai-ngodong.com\/vi\/memories\/","og_locale":"vi_VN","og_type":"article","og_title":"[:en]Memories[:] - travel","og_description":"K\u1ef7 ni\u1ec7m chuy\u1ebfn \u0111i Th\u00e1i Lan H\u00e3y c\u00f9ng \u0111\u1eafm m\u00ecnh v\u00e0o v\u1ebb \u0111\u1eb9p k\u1ef3 di\u1ec7u c\u1ee7a Th\u00e1i Lan v\u1edbi b\u1ed9 s\u01b0u t\u1eadp nh\u1eefng kho\u1ea3nh kh\u1eafc kh\u00f3 qu\u00ean n\u00e0y. T\u1eeb nh\u1eefng ng\u00f4i \u0111\u1ec1n v\u00e0ng r\u1ef1c r\u1ee1 v\u00e0 nh\u1eefng khu ch\u1ee3 \u0111\u00eam nh\u1ed9n nh\u1ecbp \u0111\u1ebfn nh\u1eefng b\u00e3i bi\u1ec3n trong v\u1eaft v\u00e0 nh\u1eefng vi\u00ean ng\u1ecdc \u1ea9n m\u00ecnh c\u1ee7a [&hellip;]","og_url":"https:\/\/culturechiangmai-ngodong.com\/vi\/memories\/","og_site_name":"travel","article_modified_time":"2025-12-20T04:30:27+00:00","og_image":[{"width":2000,"height":1333,"url":"https:\/\/culturechiangmai-ngodong.com\/wp-content\/uploads\/2025\/12\/CAD-949-1.jpg","type":"image\/jpeg"}],"twitter_card":"summary_large_image","twitter_misc":{"\u01af\u1edbc t\u00ednh th\u1eddi gian \u0111\u1ecdc":"1 ph\u00fat"},"schema":{"@context":"https:\/\/schema.org","@graph":[{"@type":"WebPage","@id":"https:\/\/culturechiangmai-ngodong.com\/vi\/memories\/","url":"https:\/\/culturechiangmai-ngodong.com\/vi\/memories\/","name":"Memories","isPartOf":{"@id":"https:\/\/culturechiangmai-ngodong.com\/#website"},"primaryImageOfPage":{"@id":"https:\/\/culturechiangmai-ngodong.com\/vi\/memories\/#primaryimage"},"image":{"@id":"https:\/\/culturechiangmai-ngodong.com\/vi\/memories\/#primaryimage"},"thumbnailUrl":"https:\/\/culturechiangmai-ngodong.com\/wp-content\/uploads\/2025\/12\/CAD-949-1.jpg","datePublished":"2025-11-30T14:09:20+00:00","dateModified":"2025-12-20T04:30:27+00:00","breadcrumb":{"@id":"https:\/\/culturechiangmai-ngodong.com\/vi\/memories\/#breadcrumb"},"inLanguage":"vi","potentialAction":[{"@type":"ReadAction","target":["https:\/\/culturechiangmai-ngodong.com\/vi\/memories\/"]}]},{"@type":"ImageObject","inLanguage":"vi","@id":"https:\/\/culturechiangmai-ngodong.com\/vi\/memories\/#primaryimage","url":"https:\/\/culturechiangmai-ngodong.com\/wp-content\/uploads\/2025\/12\/CAD-949-1.jpg","contentUrl":"https:\/\/culturechiangmai-ngodong.com\/wp-content\/uploads\/2025\/12\/CAD-949-1.jpg","width":2000,"height":1333},{"@type":"BreadcrumbList","@id":"https:\/\/culturechiangmai-ngodong.com\/vi\/memories\/#breadcrumb","itemListElement":[{"@type":"ListItem","position":1,"name":"Home","item":"https:\/\/culturechiangmai-ngodong.com\/"},{"@type":"ListItem","position":2,"name":"Memories"}]},{"@type":"WebSite","@id":"https:\/\/culturechiangmai-ngodong.com\/#website","url":"https:\/\/culturechiangmai-ngodong.com\/","name":"Culture Chiangmai Ngo Dong","description":"","potentialAction":[{"@type":"SearchAction","target":{"@type":"EntryPoint","urlTemplate":"https:\/\/culturechiangmai-ngodong.com\/?s={search_term_string}"},"query-input":{"@type":"PropertyValueSpecification","valueRequired":true,"valueName":"search_term_string"}}],"inLanguage":"vi"}]}},"_links":{"self":[{"href":"https:\/\/culturechiangmai-ngodong.com\/vi\/wp-json\/wp\/v2\/pages\/14787","targetHints":{"allow":["GET"]}}],"collection":[{"href":"https:\/\/culturechiangmai-ngodong.com\/vi\/wp-json\/wp\/v2\/pages"}],"about":[{"href":"https:\/\/culturechiangmai-ngodong.com\/vi\/wp-json\/wp\/v2\/types\/page"}],"author":[{"embeddable":true,"href":"https:\/\/culturechiangmai-ngodong.com\/vi\/wp-json\/wp\/v2\/users\/1"}],"replies":[{"embeddable":true,"href":"https:\/\/culturechiangmai-ngodong.com\/vi\/wp-json\/wp\/v2\/comments?post=14787"}],"version-history":[{"count":79,"href":"https:\/\/culturechiangmai-ngodong.com\/vi\/wp-json\/wp\/v2\/pages\/14787\/revisions"}],"predecessor-version":[{"id":16394,"href":"https:\/\/culturechiangmai-ngodong.com\/vi\/wp-json\/wp\/v2\/pages\/14787\/revisions\/16394"}],"wp:featuredmedia":[{"embeddable":true,"href":"https:\/\/culturechiangmai-ngodong.com\/vi\/wp-json\/wp\/v2\/media\/16213"}],"wp:attachment":[{"href":"https:\/\/culturechiangmai-ngodong.com\/vi\/wp-json\/wp\/v2\/media?parent=14787"}],"curies":[{"name":"wp","href":"https:\/\/api.w.org\/{rel}","templated":true}]}}