{"id":15329,"date":"2025-12-11T06:15:50","date_gmt":"2025-12-11T06:15:50","guid":{"rendered":"https:\/\/culturechiangmai-ngodong.com\/?page_id=15329"},"modified":"2026-01-06T05:08:04","modified_gmt":"2026-01-06T05:08:04","slug":"privacy-policy-2","status":"publish","type":"page","link":"https:\/\/culturechiangmai-ngodong.com\/vi\/privacy-policy-2\/","title":{"rendered":"Ch\u00ednh s\u00e1ch b\u1ea3o m\u1eadt"},"content":{"rendered":"\n<h3 class=\"wp-block-heading\"><strong>1. M\u1ee5c \u0111\u00edch thu th\u1eadp th\u00f4ng tin c\u00e1 nh\u00e2n<\/strong><\/h3>\n\n\n\n<p style=\"font-size:16px\">&#8211; C\u00e1c th\u00f4ng tin c\u00e1 nh\u00e2n thu th\u1eadp th\u00f4ng qua website n\u00e0y s\u1ebd gi\u00fap ch\u00fang t\u00f4i:<\/p>\n\n\n\n<p style=\"font-size:16px\">H\u1ed7 tr\u1ee3 kh\u00e1ch h\u00e0ng khi mua s\u1ea3n ph\u1ea9m.<\/p>\n\n\n\n<p style=\"font-size:16px\">Gi\u1ea3i \u0111\u00e1p th\u1eafc m\u1eafc kh\u00e1ch h\u00e0ng.<\/p>\n\n\n\n<p style=\"font-size:16px\">Cung c\u1ea5p cho b\u1ea1n th\u00f4ng tin m\u1edbi nh\u1ea5t tr\u00ean Website c\u1ee7a ch\u00fang t\u00f4i.<\/p>\n\n\n\n<p style=\"font-size:16px\">Xem x\u00e9t v\u00e0 n\u00e2ng c\u1ea5p n\u1ed9i dung v\u00e0 giao di\u1ec7n c\u1ee7a Website.<\/p>\n\n\n\n<p style=\"font-size:16px\">Th\u1ef1c hi\u1ec7n c\u00e1c ho\u1ea1t \u0111\u1ed9ng qu\u1ea3ng b\u00e1 li\u00ean quan \u0111\u1ebfn c\u00e1c s\u1ea3n ph\u1ea9m v\u00e0 d\u1ecbch v\u1ee5 du l\u1ecbch c\u1ee7a c\u00f4ng ty ch\u00fang t\u00f4i<\/p>\n\n\n\n<p style=\"font-size:16px\">&#8211; \u0110\u1ec3 truy c\u1eadp v\u00e0 s\u1eed d\u1ee5ng m\u1ed9t s\u1ed1 d\u1ecbch v\u1ee5 t\u1ea1i trang web n\u00e0y, qu\u00fd kh\u00e1ch c\u00f3 th\u1ec3 s\u1ebd \u0111\u01b0\u1ee3c y\u00eau c\u1ea7u \u0111\u0103ng k\u00fd v\u1edbi ch\u00fang t\u00f4i th\u00f4ng tin c\u00e1 nh\u00e2n (Email, H\u1ecd t\u00ean, S\u1ed1 \u0110T li\u00ean l\u1ea1c\u2026). M\u1ecdi th\u00f4ng tin khai b\u00e1o ph\u1ea3i \u0111\u1ea3m b\u1ea3o t\u00ednh ch\u00ednh x\u00e1c v\u00e0 h\u1ee3p ph\u00e1p. C\u00f4ng ty ch\u00fang t\u00f4i kh\u00f4ng ch\u1ecbu m\u1ecdi tr\u00e1ch nhi\u1ec7m li\u00ean quan \u0111\u1ebfn ph\u00e1p lu\u1eadt c\u1ee7a th\u00f4ng tin khai b\u00e1o.<\/p>\n\n\n\n<p style=\"font-size:16px\">&#8211; Ch\u00fang t\u00f4i c\u0169ng c\u00f3 th\u1ec3 thu th\u1eadp th\u00f4ng tin v\u1ec1 s\u1ed1 l\u1ea7n vi\u1ebfng th\u0103m, bao g\u1ed3m s\u1ed1 trang qu\u00fd kh\u00e1ch xem, s\u1ed1 links (li\u00ean k\u1ebft) b\u1ea1n nh\u1ea5n v\u00e0o v\u00e0 nh\u1eefng th\u00f4ng tin kh\u00e1c li\u00ean quan \u0111\u1ebfn vi\u1ec7c k\u1ebft n\u1ed1i \u0111\u1ebfn trang web n\u00e0y.<\/p>\n\n\n\n<p style=\"font-size:16px\">Th\u00f4ng tin c\u00e1 nh\u00e2n c\u1ee7a b\u1ea1n \u0111\u01b0\u1ee3c thu th\u1eadp \u0111\u01b0\u1ee3c s\u1ebd ch\u1ec9 \u0111\u01b0\u1ee3c s\u1eed d\u1ee5ng trong n\u1ed9i b\u1ed9 c\u00f4ng ty.<br>Khi b\u1ea1n li\u00ean h\u1ec7 \u0111\u0103ng k\u00fd d\u1ecbch v\u1ee5, th\u00f4ng tin c\u00e1 nh\u00e2n m\u00e0 ch\u00fang t\u00f4i thu th\u1eadp bao g\u1ed3m:<\/p>\n\n\n\n<p style=\"font-size:16px\">&#8211; H\u1ecd v\u00e0 t\u00ean<\/p>\n\n\n\n<p style=\"font-size:16px\">&#8211; \u0110i\u1ec7n tho\u1ea1i<\/p>\n\n\n\n<p style=\"font-size:16px\">&#8211; Email<\/p>\n\n\n\n<p style=\"font-size:16px\">&#8211; T\u00ean t\u00e0i kho\u1ea3n Facebook\/ t\u00e0i kho\u1ea3n zalo<\/p>\n\n\n\n<p style=\"font-size:16px\">Ngo\u00e0i th\u00f4ng tin c\u00e1 nh\u00e2n l\u00e0 c\u00e1c th\u00f4ng tin v\u1ec1 s\u1ea3n ph\u1ea9m<\/p>\n\n\n\n<p style=\"font-size:16px\">&#8211; T\u00ean s\u1ea3n ph\u1ea9m<\/p>\n\n\n\n<p style=\"font-size:16px\">&#8211; S\u1ed1 l\u01b0\u1ee3ng<\/p>\n\n\n\n<h3 class=\"wp-block-heading\"><strong>2. Ph\u1ea1m vi s\u1eed d\u1ee5ng th\u00f4ng tin c\u00e1 nh\u00e2n<\/strong><\/h3>\n\n\n\n<p style=\"font-size:16px\">Ch\u00fang t\u00f4i thu th\u1eadp v\u00e0 s\u1eed d\u1ee5ng th\u00f4ng tin c\u00e1 nh\u00e2n b\u1ea1n v\u1edbi m\u1ee5c \u0111\u00edch ph\u00f9 h\u1ee3p v\u00e0 ho\u00e0n to\u00e0n tu\u00e2n th\u1ee7 quy ch\u1ebf mua h\u00e0ng c\u1ee7a c\u00f4ng ty Du Nhi\u00ean. Khi c\u1ea7n thi\u1ebft, ch\u00fang t\u00f4i c\u00f3 th\u1ec3 s\u1eed d\u1ee5ng nh\u1eefng th\u00f4ng tin n\u00e0y \u0111\u1ec3 li\u00ean h\u1ec7 tr\u1ef1c ti\u1ebfp v\u1edbi b\u1ea1n d\u01b0\u1edbi c\u00e1c h\u00ecnh th\u1ee9c nh\u01b0: g\u1eedi email x\u00e1c nh\u1eadn \u0111\u01a1n \u0111\u1eb7t h\u00e0ng, email c\u1ea3m \u01a1n, tr\u01b0ng c\u1ea7u \u00fd ki\u1ebfn \u0111\u00e1nh gi\u00e1 v\u1ec1 d\u1ecbch v\u1ee5<\/p>\n\n\n\n<h3 class=\"wp-block-heading\"><strong>3. Th\u1eddi gian l\u01b0u tr\u1eef th\u00f4ng tin<\/strong><\/h3>\n\n\n\n<p style=\"font-size:16px\">Ch\u00fang t\u00f4i l\u01b0u tr\u1eef th\u00f4ng tin c\u1ee7a Qu\u00fd kh\u00e1ch trong th\u1eddi gian Qu\u00fd kh\u00e1ch duy tr\u00ec t\u00e0i kho\u1ea3n tr\u00ean website&nbsp;<a href=\"https:\/\/culturechiangmai-ngodong.com\/\">https:\/\/culturechiangmai-ngodong.com\/<\/a>.&nbsp;Trong tr\u01b0\u1eddng h\u1ee3p Qu\u00fd kh\u00e1ch kh\u00f4ng duy tr\u00ec t\u00e0i kho\u1ea3n c\u1ee7a m\u00ecnh t\u1ea1i website&nbsp;<a href=\"https:\/\/culturechiangmai-ngodong.com\/\">https:\/\/culturechiangmai-ngodong.com\/<\/a> b\u1eb1ng c\u00e1ch x\u00f3a t\u00e0i kho\u1ea3n, th\u00f4ng tin c\u1ee7a Qu\u00fd kh\u00e1ch s\u1ebd \u0111\u01b0\u1ee3c l\u01b0u tr\u1eef trong th\u1eddi gian t\u1ed1i \u0111a t\u1eeb 6 th\u00e1ng \u0111\u1ebfn 1 n\u0103m.<\/p>\n\n\n\n<h3 class=\"wp-block-heading\"><strong>4. Nh\u1eefng ng\u01b0\u1eddi ho\u1eb7c t\u1ed5 ch\u1ee9c c\u00f3 th\u1ec3 \u0111\u01b0\u1ee3c ti\u1ebfp c\u1eadn v\u1edbi th\u00f4ng tin.<\/strong><\/h3>\n\n\n\n<p style=\"font-size:16px\">D\u1eef li\u1ec7u c\u00e1 nh\u00e2n c\u1ee7a Qu\u00fd Kh\u00e1ch H\u00e0ng \u0111\u01b0\u1ee3c c\u00f4ng ty Du Nhi\u00ean cam k\u1ebft b\u1ea3o m\u1eadt tuy\u1ec7t \u0111\u1ed1i theo Ch\u00ednh S\u00e1ch n\u00e0y v\u00e0 ch\u1ec9 \u0111\u01b0\u1ee3c chia s\u1ebb cho c\u00e1c b\u00ean d\u01b0\u1edbi:<\/p>\n\n\n\n<p style=\"font-size:16px\">&#8211; C\u00e1c \u0111\u1ed1i t\u00e1c t\u1ed5 ch\u1ee9c s\u1ef1 ki\u1ec7n, vi\u1ec5n th\u00f4ng, cung c\u1ea5p d\u1ecbch v\u1ee5 tin nh\u1eafn qua internet, \u0111\u1ed1i t\u00e1c l\u00e0 c\u00f4ng ty t\u00e0i ch\u00ednh, doanh nghi\u1ec7p b\u1ea3o hi\u1ec3m, th\u01b0\u01a1ng nh\u00e2n kinh doanh d\u1ecbch v\u1ee5 khuy\u1ebfn m\u1ea1i, th\u01b0\u01a1ng nh\u00e2n ph\u1ed1i h\u1ee3p v\u1edbi ch\u00fang t\u00f4i th\u1ef1c hi\u1ec7n ch\u01b0\u01a1ng tr\u00ecnh khuy\u1ebfn m\u1ea1i.&nbsp;<\/p>\n\n\n\n<p style=\"font-size:16px\">&#8211; Lu\u1eadt s\u01b0, c\u1ed1 v\u1ea5n, \u0111\u01a1n v\u1ecb ki\u1ec3m to\u00e1n c\u1ee7a c\u00f4ng ty Du Nhi\u00ean<\/p>\n\n\n\n<p style=\"font-size:16px\">&#8211; B\u00ean x\u1eed l\u00fd D\u1eef li\u1ec7u c\u00e1 nh\u00e2n cho c\u00f4ng ty Du Nhi\u00ean theo H\u1ee3p \u0111\u1ed3ng cung c\u1ea5p d\u1ecbch v\u1ee5 t\u1ea1i t\u1eebng th\u1eddi \u0111i\u1ec3m.<\/p>\n\n\n\n<p style=\"font-size:16px\">&#8211; C\u00e1c b\u00ean th\u1ee9 ba kh\u00e1c n\u1ebfu \u0111\u01b0\u1ee3c s\u1ef1 \u0111\u1ed3ng \u00fd c\u1ee7a Qu\u00fd Kh\u00e1ch H\u00e0ng t\u1ea1i t\u1eebng th\u1eddi \u0111i\u1ec3m.<\/p>\n\n\n\n<h3 class=\"wp-block-heading\"><strong>5. \u0110\u1ecba ch\u1ec9 c\u1ee7a \u0111\u01a1n v\u1ecb thu th\u1eadp v\u00e0 qu\u1ea3n l\u00fd th\u00f4ng tin c\u00e1 nh\u00e2n<\/strong><\/h3>\n\n\n\n<p style=\"font-size:16px\">C\u00d4NG TY TNHH TH\u01af\u01a0NG MAI DU NHI\u00caN<\/p>\n\n\n\n<p style=\"font-size:16px\">\u0110\u1ecba ch\u1ec9: 20\/36\/2 \u0111\u01b0\u1eddng Nguy\u1ec5n Ng\u1ecdc Nh\u1ef1t, Ph\u01b0\u1eddng Ph\u00fa Th\u1ecd H\u00f2a, Th\u00e0nh Ph\u1ed1 H\u1ed3 Ch\u00ed Minh, Vi\u1ec7t Nam<\/p>\n\n\n\n<h3 class=\"wp-block-heading\"><strong>6. Ph\u01b0\u01a1ng ti\u00ean \u0111\u1ec3 ng\u01b0\u1eddi d\u00f9ng ti\u1ebfp c\u1eadp v\u00e0 ch\u1ec9nh s\u1eeda d\u1eef li\u1ec7u c\u00e1 nh\u00e2n<\/strong><\/h3>\n\n\n\n<p style=\"font-size:16px\">Qu\u00fd kh\u00e1ch c\u00f3 th\u1ec3 ti\u1ebfp c\u1eadn v\u00e0 ch\u1ec9nh s\u1eeda d\u1eef li\u1ec7u c\u00e1 nh\u00e2n c\u1ee7a m\u00ecnh th\u00f4ng qua \u0111\u1ecba ch\u1ec9 t\u00e0i kho\u1ea3n c\u00e1 nh\u00e2n m\u00e0 qu\u00fd kh\u00e1ch \u0111\u00e3 \u0111\u0103ng k\u00fd t\u1ea1i website <a href=\"https:\/\/culturechiangmai-ngodong.com\/\">https:\/\/culturechiangmai-ngodong.com\/<\/a> . T\u1ea1i \u0111\u00e2y, ch\u00fang t\u00f4i cung c\u1ea5p cho Qu\u00fd kh\u00e1ch ph\u01b0\u01a1ng ti\u1ec7n \u0111\u1ec3 xem, b\u1ed5 sung ho\u1eb7c ch\u1ec9nh s\u1eeda th\u00f4ng tin c\u00e1 nh\u00e2n c\u1ee7a m\u00ecnh b\u1ea5t c\u1ee9 l\u00fac n\u00e0o.<\/p>\n\n\n\n<h3 class=\"wp-block-heading\"><strong>7. C\u01a1 ch\u1ebf ti\u1ebfp nh\u1eadn v\u00e0 gi\u1ea3i quy\u1ebft khi\u1ebfu n\u1ea1i c\u1ee7a ng\u01b0\u1eddi ti\u00eau d\u00f9ng li\u00ean quan<\/strong><\/h3>\n\n\n\n<p style=\"font-size:16px\">Ng\u01b0\u1eddi mua h\u00e0ng c\u00f3 th\u1ec3 g\u1eedi khi\u1ebfu n\u1ea1i c\u1ee7a m\u00ecnh \u0111\u1ebfn ch\u00fang t\u00f4i qua c\u00e1c ph\u01b0\u01a1ng ti\u1ec7n sau:<\/p>\n\n\n\n<p style=\"font-size:16px\">&#8211; Qua website t\u1ea1i ph\u1ea7n li\u00ean h\u1ec7 c\u1ee7a web<\/p>\n\n\n\n<p style=\"font-size:16px\">&#8211; Qua \u0110i\u1ec7n tho\u1ea1i: +66 930950191 (VN v\u00e0 TH); +84 768155564 (EN)<\/p>\n\n\n\n<p style=\"font-size:16px\">&#8211; Qua email: enquire@culturechiangmai-ngodong.com<\/p>\n\n\n\n<h3 class=\"wp-block-heading\"><strong>8. Cam k\u1ebft<\/strong><\/h3>\n\n\n\n<p style=\"font-size:16px\">Cam k\u1ebft s\u1ebd b\u1ea3o m\u1eadt nh\u1eefng th\u00f4ng tin mang t\u00ednh ri\u00eang t\u01b0 c\u1ee7a kh\u00e1ch h\u00e0ng. Ch\u00fang t\u00f4i kh\u00f4ng b\u00e1n, chia s\u1ebb hay trao \u0111\u1ed5i th\u00f4ng tin c\u00e1 nh\u00e2n c\u1ee7a kh\u00e1ch h\u00e0ng thu th\u1eadp tr\u00ean trang web cho m\u1ed9t b\u00ean th\u1ee9 ba n\u00e0o kh\u00e1c.<\/p>\n\n\n\n<h3 class=\"wp-block-heading\"><strong>9. Th\u1ef1c thi ph\u00e1p lu\u1eadt<\/strong><\/h3>\n\n\n\n<p style=\"font-size:16px\">Ch\u00fang t\u00f4i c\u00f3 th\u1ec3 cung c\u1ea5p c\u00e1c nh\u1eadn bi\u1ebft c\u00e1 nh\u00e2n v\u00e0 th\u00f4ng tin t\u00e0i kho\u1ea3n trong c\u00e1c tr\u01b0\u1eddng h\u1ee3p \u0111\u1eb7c bi\u1ec7t nh\u01b0 y\u00eau c\u1ea7u c\u1ee7a lu\u1eadt ph\u00e1p ho\u1eb7c y\u00eau c\u1ea7u c\u1ee7a ti\u1ebfn tr\u00ecnh t\u1ed1 t\u1ee5ng \u0111\u1ec3 b\u1ea3o v\u1ec7 quy\u1ec1n l\u1ee3i v\u00e0 s\u1ef1 an to\u00e0n cho ch\u00fang t\u00f4i v\u00e0 nh\u1eefng ng\u01b0\u1eddi s\u1eed d\u1ee5ng. \u0110i\u1ec1u n\u00e0y bao g\u1ed3m vi\u1ec7c trao \u0111\u1ed5i th\u00f4ng tin v\u1edbi c\u00e1c c\u00f4ng ty kh\u00e1c v\u00ec m\u1ee5c \u0111\u00edch gi\u1ea3m v\u00e0 ch\u1ed1ng vi\u1ec7c gi\u1ea3 m\u1ea1o th\u1ebb t\u00edn d\u1ee5ng.<\/p>\n\n\n\n<h3 class=\"wp-block-heading\"><strong>10. Li\u00ean k\u1ebft website<\/strong><\/h3>\n\n\n\n<p style=\"font-size:16px\">Trang web c\u1ee7a ch\u00fang t\u00f4i c\u00f3 ch\u1ee9a c\u00e1c k\u1ebft n\u1ed1i t\u1edbi c\u00e1c trang web b\u00ean ngo\u00e0i v\u00e0 c\u00e1c trang web c\u00f9ng lo\u1ea1i c\u00f3 th\u1ec3 do m\u1ed9t c\u00f4ng ty kh\u00e1c \u0111i\u1ec1u h\u00e0nh v\u00e0 h\u1ecd c\u00f3 th\u1ec3 c\u00f3 c\u00e1c quy ch\u1ebf b\u1ea3o m\u1eadt kh\u00e1c v\u1edbi website: <a href=\"https:\/\/culturechiangmai-ngodong.com\/\">https:\/\/culturechiangmai-ngodong.com\/<\/a>. M\u1ed9t trang web c\u00f9ng lo\u1ea1i th\u00f4ng th\u01b0\u1eddng \u0111\u01b0\u1ee3c \u0111i\u1ec1u h\u00e0nh b\u1edfi m\u1ed9t b\u00ean th\u1ee9 ba. Khi b\u1ea1n click v\u00e0o c\u00e1c li\u00ean k\u1ebft d\u1eabn b\u1ea1n t\u1edbi trang web t\u01b0\u01a1ng t\u1ef1 \u0111\u00f3 b\u1ea1n s\u1ebd ph\u1ea3i tu\u00e2n th\u1ee7 theo ch\u00ednh s\u00e1ch c\u1ee7a h\u1ecd.<\/p>\n\n\n\n<h3 class=\"wp-block-heading\"><strong>11.&nbsp; S\u1eed d\u1ee5ng &#8220;Cookie&#8221;<\/strong><\/h3>\n\n\n\n<p style=\"font-size:16px\">Cookies th\u01b0\u1eddng \u0111\u01b0\u1ee3c s\u1eed d\u1ee5ng b\u1edfi ph\u1ea7n l\u1edbn, n\u1ebfu kh\u00f4ng ph\u1ea3i t\u1ea5t c\u1ea3, b\u1edfi c\u00e1c h\u00e3ng th\u01b0\u01a1ng m\u1ea1i \u0111i\u1ec7n t\u1eed. M\u1ed9t cookie l\u00e0 m\u1ed9t m\u1ea9u d\u1eef li\u1ec7u \u0111\u01b0\u1ee3c l\u01b0u tr\u1eef trong \u1ed5 c\u1ee9ng c\u1ee7a ng\u01b0\u1eddi s\u1eed d\u1ee5ng qua ch\u01b0\u01a1ng tr\u00ecnh duy\u1ec7t web bao g\u1ed3m c\u00e1c th\u00f4ng tin c\u1ee7a ng\u01b0\u1eddi s\u1eed d\u1ee5ng cho ph\u00e9p ch\u00fang t\u00f4i theo d\u00f5i v\u00e0 c\u00e1 nh\u00e2n h\u00f3a trang web. V\u00ed d\u1ee5, b\u1eb1ng c\u00e1ch t\u1ea1o m\u1ed9t cookie, ch\u00fang t\u00f4i c\u00f3 th\u1ec3 cung c\u1ea5p cho b\u1ea1n c\u00e1c m\u1eb7t h\u00e0ng trong kho khi b\u1ea1n mua h\u00e0ng. Tuy v\u1eady, n\u1ebfu c\u00f3 ng\u01b0\u1eddi s\u1eed d\u1ee5ng t\u1eeb ch\u1ed1i cookie, h\u1ecd v\u1eabn c\u00f3 th\u1ec3 s\u1eed d\u1ee5ng trang web c\u1ee7a ch\u00fang t\u00f4i. N\u1ebfu b\u1ea1n mu\u1ed1n c\u00f3 c\u00e2u h\u1ecfi n\u00e0o v\u1ec1 cookies, xin vui l\u00f2ng li\u00ean l\u1ea1c v\u1edbi ch\u00fang t\u00f4i theo \u0111\u1ecba ch\u1ec9:&nbsp;enquire@culturechiangmai-ngodong.com<\/p>\n\n\n\n<p style=\"font-size:16px\">Th\u00f4ng tin li\u00ean h\u1ec7: N\u1ebfu qu\u00fd kh\u00e1ch c\u00f3 b\u1ea5t k\u1ef3 c\u00e2u h\u1ecfi hay th\u1eafc m\u1eafc g\u00ec v\u1ec1 \u0111i\u1ec1u kho\u1ea3n B\u1ea3o m\u1eadt n\u00e0y, vui l\u00f2ng li\u00ean h\u1ec7 ch\u00fang t\u00f4i&nbsp; <a href=\"mailto:info@phanvantravel.com\">enquire@culturechiangmai-ngodong.com<\/a><\/p>\n","protected":false},"excerpt":{"rendered":"<p>1. M\u1ee5c \u0111\u00edch thu th\u1eadp th\u00f4ng tin c\u00e1 nh\u00e2n &#8211; C\u00e1c th\u00f4ng tin c\u00e1 nh\u00e2n thu th\u1eadp th\u00f4ng qua website n\u00e0y s\u1ebd gi\u00fap ch\u00fang t\u00f4i: H\u1ed7 tr\u1ee3 kh\u00e1ch h\u00e0ng khi mua s\u1ea3n ph\u1ea9m. Gi\u1ea3i \u0111\u00e1p th\u1eafc m\u1eafc kh\u00e1ch h\u00e0ng. Cung c\u1ea5p cho b\u1ea1n th\u00f4ng tin m\u1edbi nh\u1ea5t tr\u00ean Website c\u1ee7a ch\u00fang t\u00f4i. Xem x\u00e9t v\u00e0 [&hellip;]<\/p>\n","protected":false},"author":1,"featured_media":15418,"parent":0,"menu_order":0,"comment_status":"open","ping_status":"closed","template":"","meta":{"ngg_post_thumbnail":0,"footnotes":""},"class_list":["post-15329","page","type-page","status-publish","has-post-thumbnail","hentry"],"yoast_head":"<!-- This site is optimized with the Yoast SEO plugin v26.7 - https:\/\/yoast.com\/wordpress\/plugins\/seo\/ -->\n<title>Ch\u00ednh s\u00e1ch b\u1ea3o m\u1eadt<\/title>\n<meta name=\"robots\" content=\"index, follow, max-snippet:-1, max-image-preview:large, max-video-preview:-1\" \/>\n<link rel=\"canonical\" href=\"https:\/\/culturechiangmai-ngodong.com\/vi\/privacy-policy-2\/\" \/>\n<meta property=\"og:locale\" content=\"vi_VN\" \/>\n<meta property=\"og:locale:alternate\" content=\"en_US\" \/>\n<meta property=\"og:type\" content=\"article\" \/>\n<meta property=\"og:title\" content=\"Ch\u00ednh s\u00e1ch b\u1ea3o m\u1eadt\" \/>\n<meta property=\"og:description\" content=\"1. M\u1ee5c \u0111\u00edch thu th\u1eadp th\u00f4ng tin c\u00e1 nh\u00e2n &#8211; C\u00e1c th\u00f4ng tin c\u00e1 nh\u00e2n thu th\u1eadp th\u00f4ng qua website n\u00e0y s\u1ebd gi\u00fap ch\u00fang t\u00f4i: H\u1ed7 tr\u1ee3 kh\u00e1ch h\u00e0ng khi mua s\u1ea3n ph\u1ea9m. Gi\u1ea3i \u0111\u00e1p th\u1eafc m\u1eafc kh\u00e1ch h\u00e0ng. Cung c\u1ea5p cho b\u1ea1n th\u00f4ng tin m\u1edbi nh\u1ea5t tr\u00ean Website c\u1ee7a ch\u00fang t\u00f4i. Xem x\u00e9t v\u00e0 [&hellip;]\" \/>\n<meta property=\"og:url\" content=\"https:\/\/culturechiangmai-ngodong.com\/vi\/privacy-policy-2\/\" \/>\n<meta property=\"og:site_name\" content=\"travel\" \/>\n<meta property=\"article:modified_time\" content=\"2026-01-06T05:08:04+00:00\" \/>\n<meta property=\"og:image\" content=\"https:\/\/culturechiangmai-ngodong.com\/wp-content\/uploads\/2025\/12\/cybersecurity-privacy-concepts-protect-data-260nw-2268386621.webp\" \/>\n\t<meta property=\"og:image:width\" content=\"523\" \/>\n\t<meta property=\"og:image:height\" content=\"280\" \/>\n\t<meta property=\"og:image:type\" content=\"image\/webp\" \/>\n<meta name=\"twitter:card\" content=\"summary_large_image\" \/>\n<meta name=\"twitter:label1\" content=\"\u01af\u1edbc t\u00ednh th\u1eddi gian \u0111\u1ecdc\" \/>\n\t<meta name=\"twitter:data1\" content=\"13 ph\u00fat\" \/>\n<script type=\"application\/ld+json\" class=\"yoast-schema-graph\">{\"@context\":\"https:\/\/schema.org\",\"@graph\":[{\"@type\":\"WebPage\",\"@id\":\"https:\/\/culturechiangmai-ngodong.com\/vi\/privacy-policy-2\/\",\"url\":\"https:\/\/culturechiangmai-ngodong.com\/vi\/privacy-policy-2\/\",\"name\":\"Ch\u00ednh s\u00e1ch b\u1ea3o m\u1eadt\",\"isPartOf\":{\"@id\":\"https:\/\/culturechiangmai-ngodong.com\/#website\"},\"primaryImageOfPage\":{\"@id\":\"https:\/\/culturechiangmai-ngodong.com\/vi\/privacy-policy-2\/#primaryimage\"},\"image\":{\"@id\":\"https:\/\/culturechiangmai-ngodong.com\/vi\/privacy-policy-2\/#primaryimage\"},\"thumbnailUrl\":\"https:\/\/culturechiangmai-ngodong.com\/wp-content\/uploads\/2025\/12\/cybersecurity-privacy-concepts-protect-data-260nw-2268386621.webp\",\"datePublished\":\"2025-12-11T06:15:50+00:00\",\"dateModified\":\"2026-01-06T05:08:04+00:00\",\"breadcrumb\":{\"@id\":\"https:\/\/culturechiangmai-ngodong.com\/vi\/privacy-policy-2\/#breadcrumb\"},\"inLanguage\":\"vi\",\"potentialAction\":[{\"@type\":\"ReadAction\",\"target\":[\"https:\/\/culturechiangmai-ngodong.com\/vi\/privacy-policy-2\/\"]}]},{\"@type\":\"ImageObject\",\"inLanguage\":\"vi\",\"@id\":\"https:\/\/culturechiangmai-ngodong.com\/vi\/privacy-policy-2\/#primaryimage\",\"url\":\"https:\/\/culturechiangmai-ngodong.com\/wp-content\/uploads\/2025\/12\/cybersecurity-privacy-concepts-protect-data-260nw-2268386621.webp\",\"contentUrl\":\"https:\/\/culturechiangmai-ngodong.com\/wp-content\/uploads\/2025\/12\/cybersecurity-privacy-concepts-protect-data-260nw-2268386621.webp\",\"width\":523,\"height\":280},{\"@type\":\"BreadcrumbList\",\"@id\":\"https:\/\/culturechiangmai-ngodong.com\/vi\/privacy-policy-2\/#breadcrumb\",\"itemListElement\":[{\"@type\":\"ListItem\",\"position\":1,\"name\":\"Home\",\"item\":\"https:\/\/culturechiangmai-ngodong.com\/\"},{\"@type\":\"ListItem\",\"position\":2,\"name\":\"Ch\u00ednh s\u00e1ch b\u1ea3o m\u1eadt\"}]},{\"@type\":\"WebSite\",\"@id\":\"https:\/\/culturechiangmai-ngodong.com\/#website\",\"url\":\"https:\/\/culturechiangmai-ngodong.com\/\",\"name\":\"Culture Chiangmai Ngo Dong\",\"description\":\"\",\"potentialAction\":[{\"@type\":\"SearchAction\",\"target\":{\"@type\":\"EntryPoint\",\"urlTemplate\":\"https:\/\/culturechiangmai-ngodong.com\/?s={search_term_string}\"},\"query-input\":{\"@type\":\"PropertyValueSpecification\",\"valueRequired\":true,\"valueName\":\"search_term_string\"}}],\"inLanguage\":\"vi\"}]}<\/script>\n<!-- \/ Yoast SEO plugin. -->","yoast_head_json":{"title":"Ch\u00ednh s\u00e1ch b\u1ea3o m\u1eadt","robots":{"index":"index","follow":"follow","max-snippet":"max-snippet:-1","max-image-preview":"max-image-preview:large","max-video-preview":"max-video-preview:-1"},"canonical":"https:\/\/culturechiangmai-ngodong.com\/vi\/privacy-policy-2\/","og_locale":"vi_VN","og_type":"article","og_title":"[:en]Privacy Policy[:vi]Ch\u00ednh s\u00e1ch b\u1ea3o m\u1eadt[:] - travel","og_description":"1. M\u1ee5c \u0111\u00edch thu th\u1eadp th\u00f4ng tin c\u00e1 nh\u00e2n &#8211; C\u00e1c th\u00f4ng tin c\u00e1 nh\u00e2n thu th\u1eadp th\u00f4ng qua website n\u00e0y s\u1ebd gi\u00fap ch\u00fang t\u00f4i: H\u1ed7 tr\u1ee3 kh\u00e1ch h\u00e0ng khi mua s\u1ea3n ph\u1ea9m. Gi\u1ea3i \u0111\u00e1p th\u1eafc m\u1eafc kh\u00e1ch h\u00e0ng. Cung c\u1ea5p cho b\u1ea1n th\u00f4ng tin m\u1edbi nh\u1ea5t tr\u00ean Website c\u1ee7a ch\u00fang t\u00f4i. Xem x\u00e9t v\u00e0 [&hellip;]","og_url":"https:\/\/culturechiangmai-ngodong.com\/vi\/privacy-policy-2\/","og_site_name":"travel","article_modified_time":"2026-01-06T05:08:04+00:00","og_image":[{"width":523,"height":280,"url":"https:\/\/culturechiangmai-ngodong.com\/wp-content\/uploads\/2025\/12\/cybersecurity-privacy-concepts-protect-data-260nw-2268386621.webp","type":"image\/webp"}],"twitter_card":"summary_large_image","twitter_misc":{"\u01af\u1edbc t\u00ednh th\u1eddi gian \u0111\u1ecdc":"13 ph\u00fat"},"schema":{"@context":"https:\/\/schema.org","@graph":[{"@type":"WebPage","@id":"https:\/\/culturechiangmai-ngodong.com\/vi\/privacy-policy-2\/","url":"https:\/\/culturechiangmai-ngodong.com\/vi\/privacy-policy-2\/","name":"Ch\u00ednh s\u00e1ch b\u1ea3o m\u1eadt","isPartOf":{"@id":"https:\/\/culturechiangmai-ngodong.com\/#website"},"primaryImageOfPage":{"@id":"https:\/\/culturechiangmai-ngodong.com\/vi\/privacy-policy-2\/#primaryimage"},"image":{"@id":"https:\/\/culturechiangmai-ngodong.com\/vi\/privacy-policy-2\/#primaryimage"},"thumbnailUrl":"https:\/\/culturechiangmai-ngodong.com\/wp-content\/uploads\/2025\/12\/cybersecurity-privacy-concepts-protect-data-260nw-2268386621.webp","datePublished":"2025-12-11T06:15:50+00:00","dateModified":"2026-01-06T05:08:04+00:00","breadcrumb":{"@id":"https:\/\/culturechiangmai-ngodong.com\/vi\/privacy-policy-2\/#breadcrumb"},"inLanguage":"vi","potentialAction":[{"@type":"ReadAction","target":["https:\/\/culturechiangmai-ngodong.com\/vi\/privacy-policy-2\/"]}]},{"@type":"ImageObject","inLanguage":"vi","@id":"https:\/\/culturechiangmai-ngodong.com\/vi\/privacy-policy-2\/#primaryimage","url":"https:\/\/culturechiangmai-ngodong.com\/wp-content\/uploads\/2025\/12\/cybersecurity-privacy-concepts-protect-data-260nw-2268386621.webp","contentUrl":"https:\/\/culturechiangmai-ngodong.com\/wp-content\/uploads\/2025\/12\/cybersecurity-privacy-concepts-protect-data-260nw-2268386621.webp","width":523,"height":280},{"@type":"BreadcrumbList","@id":"https:\/\/culturechiangmai-ngodong.com\/vi\/privacy-policy-2\/#breadcrumb","itemListElement":[{"@type":"ListItem","position":1,"name":"Home","item":"https:\/\/culturechiangmai-ngodong.com\/"},{"@type":"ListItem","position":2,"name":"Ch\u00ednh s\u00e1ch b\u1ea3o m\u1eadt"}]},{"@type":"WebSite","@id":"https:\/\/culturechiangmai-ngodong.com\/#website","url":"https:\/\/culturechiangmai-ngodong.com\/","name":"Culture Chiangmai Ngo Dong","description":"","potentialAction":[{"@type":"SearchAction","target":{"@type":"EntryPoint","urlTemplate":"https:\/\/culturechiangmai-ngodong.com\/?s={search_term_string}"},"query-input":{"@type":"PropertyValueSpecification","valueRequired":true,"valueName":"search_term_string"}}],"inLanguage":"vi"}]}},"_links":{"self":[{"href":"https:\/\/culturechiangmai-ngodong.com\/vi\/wp-json\/wp\/v2\/pages\/15329","targetHints":{"allow":["GET"]}}],"collection":[{"href":"https:\/\/culturechiangmai-ngodong.com\/vi\/wp-json\/wp\/v2\/pages"}],"about":[{"href":"https:\/\/culturechiangmai-ngodong.com\/vi\/wp-json\/wp\/v2\/types\/page"}],"author":[{"embeddable":true,"href":"https:\/\/culturechiangmai-ngodong.com\/vi\/wp-json\/wp\/v2\/users\/1"}],"replies":[{"embeddable":true,"href":"https:\/\/culturechiangmai-ngodong.com\/vi\/wp-json\/wp\/v2\/comments?post=15329"}],"version-history":[{"count":21,"href":"https:\/\/culturechiangmai-ngodong.com\/vi\/wp-json\/wp\/v2\/pages\/15329\/revisions"}],"predecessor-version":[{"id":16566,"href":"https:\/\/culturechiangmai-ngodong.com\/vi\/wp-json\/wp\/v2\/pages\/15329\/revisions\/16566"}],"wp:featuredmedia":[{"embeddable":true,"href":"https:\/\/culturechiangmai-ngodong.com\/vi\/wp-json\/wp\/v2\/media\/15418"}],"wp:attachment":[{"href":"https:\/\/culturechiangmai-ngodong.com\/vi\/wp-json\/wp\/v2\/media?parent=15329"}],"curies":[{"name":"wp","href":"https:\/\/api.w.org\/{rel}","templated":true}]}}