{"id":15437,"date":"2025-12-13T02:19:42","date_gmt":"2025-12-13T02:19:42","guid":{"rendered":"https:\/\/culturechiangmai-ngodong.com\/?page_id=15437"},"modified":"2026-01-26T07:54:21","modified_gmt":"2026-01-26T07:54:21","slug":"ordering-payment-guide","status":"publish","type":"page","link":"https:\/\/culturechiangmai-ngodong.com\/vi\/ordering-payment-guide\/","title":{"rendered":"H\u01b0\u1edbng d\u1eabn \u0111\u1eb7t h\u00e0ng &#038; thanh to\u00e1n"},"content":{"rendered":"\n<h3 class=\"wp-block-heading\"><strong>B\u01b0\u1edbc 1: T\u00ecm s\u1ea3n ph\u1ea9m c\u1ea7n mua<\/strong><\/h3>\n\n\n\n<p style=\"font-size:16px\">B\u1ea1n c\u00f3 th\u1ec3 t\u00ecm ki\u1ebfm s\u1ea3n ph\u1ea9m theo nhi\u1ec1u c\u00e1ch:<\/p>\n\n\n\n<p style=\"font-size:16px\">Click v\u00e0o danh m\u1ee5c s\u1ea3n ph\u1ea9m tr\u00ean website.<\/p>\n\n\n\n<p style=\"font-size:16px\">T\u1ea1i trang danh m\u1ee5c s\u1ea3n ph\u1ea9m, b\u1ea1n c\u00f3 th\u1ec3 t\u00ecm theo t\u00ean s\u1ea3n ph\u1ea9m ho\u1eb7c t\u00ecm n\u00e2ng cao ph\u00f9 h\u1ee3p theo nhu c\u1ea7u.<\/p>\n\n\n\n<h3 class=\"wp-block-heading\"><strong>B\u01b0\u1edbc 2: Ki\u1ec3m tra th\u00f4ng tin s\u1ea3n ph\u1ea9m<\/strong><\/h3>\n\n\n\n<p style=\"font-size:16px\">Sau khi t\u00ecm ki\u1ebfm s\u1ea3n ph\u1ea9m, c\u00e1c b\u1ea1n s\u1ebd c\u1ea7n ch\u00fa \u00fd t\u1edbi ph\u1ea7n m\u00f4 t\u1ea3 chi ti\u1ebft c\u1ee7a s\u1ea3n ph\u1ea9m \u0111\u1ec3 ch\u1eafc ch\u1eafn ch\u00fang ph\u00f9 h\u1ee3p v\u1edbi nhu c\u1ea7u c\u1ee7a m\u00ecnh&nbsp;&nbsp;<\/p>\n\n\n\n<h3 class=\"wp-block-heading\"><strong>B\u01b0\u1edbc 3: Th\u00eam ho\u1eb7c b\u1edbt s\u1ea3n ph\u1ea9m trong gi\u1ecf h\u00e0ng<\/strong><\/h3>\n\n\n\n<p style=\"font-size:16px\">Sau khi quy\u1ebft \u0111\u1ecbnh \u0111\u01b0\u1ee3c s\u1ea3n ph\u1ea9m v\u00e0 s\u1ed1 l\u01b0\u1ee3ng c\u1ea7n mua. B\u1ea1n c\u1ea7n th\u00eam ch\u00fang v\u00e0o gi\u1ecf h\u00e0ng \u0111\u1ec3 ti\u1ebfn h\u00e0nh thanh to\u00e1n. Ngo\u00e0i ra, n\u1ebfu mu\u1ed1n lo\u1ea1i b\u1ecf s\u1ea3n ph\u1ea9m b\u1ea1n kh\u00f4ng mu\u1ed1n mua ra kh\u1ecfi gi\u1ecf h\u00e0ng b\u1ea1n c\u00f3 th\u1ec3 b\u1ea5m v\u00e0o &#8220;Gi\u1ecf h\u00e0ng&#8221; sau \u0111\u00f3 b\u1ea5m &#8220;X\u00f3a&#8221; ph\u00eda d\u01b0\u1edbi s\u1ea3n ph\u1ea9m.<\/p>\n\n\n\n<h3 class=\"wp-block-heading\"><strong>B\u01b0\u1edbc 4: \u0110\u1eb7t mua &#038; thanh to\u00e1n<\/strong><\/h3>\n\n\n\n<p style=\"font-size:16px\">\u0110\u1ec3 \u0111\u1eb7t \u0111\u01b0\u1ee3c h\u00e0ng, b\u1ea1n c\u1ea7n \u0111i\u1ec1n \u0111\u1ea7y \u0111\u1ee7 th\u00f4ng tin c\u00e1 nh\u00e2n nh\u01b0 \u0111\u1ecba ch\u1ec9, s\u1ed1 \u0111i\u1ec7n tho\u1ea1i, email\u2026 \u0111\u1ec3 ti\u1ec7n vi\u1ec7c li\u00ean l\u1ea1c v\u00e0 nh\u1ea5n ch\u1ecdn h\u00ecnh th\u1ee9c ch\u1ed1t \u0111\u01a1n, h\u00ecnh th\u1ee9c thanh to\u00e1n \u0111\u01a1n h\u00e0ng. Sau khi thanh to\u00e1n ho\u00e0n t\u1ea5t, \u0111\u01a1n h\u00e0ng \u0111\u00e3 \u0111\u01b0\u1ee3c ghi nh\u1eadn.&nbsp;<\/p>\n\n\n\n<p style=\"font-size:16px\">Ch\u00fang t\u00f4i cung c\u1ea5p nhi\u1ec1u h\u00ecnh th\u1ee9c thanh to\u00e1n \u0111\u1ec3 \u0111\u00e1p \u1ee9ng nhu c\u1ea7u c\u1ee7a t\u1ea5t c\u1ea3 kh\u00e1ch h\u00e0ng, gi\u00fap cho qu\u00e1 tr\u00ecnh mua h\u00e0ng \u0111\u01b0\u1ee3c thu\u1eadn l\u1ee3i nh\u1ea5t.&nbsp;<\/p>\n\n\n\n<h3 class=\"wp-block-heading\"><strong>1. H\u00ecnh th\u1ee9c thanh to\u00e1n qua t\u00e0i kho\u1ea3n ng\u00e2n h\u00e0ng:<\/strong><\/h3>\n\n\n\n<p style=\"font-size:16px\">Khi l\u1ef1a ch\u1ecdn h\u00ecnh th\u1ee9c thanh to\u00e1n th\u1ee7 c\u00f4ng b\u1eb1ng c\u00e1ch chuy\u1ec3n ti\u1ec1n qua t\u00e0i kho\u1ea3n ng\u00e2n h\u00e0ng c\u1ee7a ch\u00fang t\u00f4i (t\u1eeb d\u1ecbch v\u1ee5 chuy\u1ec3n ti\u1ec1n qua internet banking, mobile banking, n\u1ed9p ti\u1ec1n m\u1eb7t t\u1ea1i ng\u00e2n h\u00e0ng\u2026 ) qu\u00fd kh\u00e1ch vui l\u00f2ng chuy\u1ec3n ti\u1ec1n \u0111\u1ebfn t\u00e0i kho\u1ea3n d\u01b0\u1edbi \u0111\u00e2y:<\/p>\n\n\n\n<p style=\"font-size:16px\"><strong>T\u00e0i kho\u1ea3n giao d\u1ecbch:<\/strong><\/p>\n\n\n\n<p style=\"font-size:16px\"><strong>Ch\u1ee7 t\u00e0i kho\u1ea3n:\u00a0C\u00d4NG TY TNHH THUONG MAI DU NHIEN<\/strong><\/p>\n\n\n\n<p style=\"font-size:16px\"><strong>S\u1ed1 t\u00e0i kho\u1ea3n ng\u00e2n h\u00e0ng:\u00a0 78688669\u00a0 \u00a0 Ng\u00e2n h\u00e0ng Techcombank<\/strong><\/p>\n\n\n\n<p style=\"font-size:16px\">\u0110\u1ec3 \u0111\u01b0\u1ee3c x\u00e1c nh\u1eadn th\u00f4ng tin chuy\u1ec3n ti\u1ec1n nhanh h\u01a1n, kh\u00e1ch h\u00e0ng g\u1eedi th\u00f4ng tin chuy\u1ec3n kho\u1ea3n th\u00e0nh c\u00f4ng \u0111\u1ebfn email <a href=\"mailto:enquire@culturechiangmai-ngodong.com\">enquire@culturechiangmai-ngodong.com<\/a><\/p>\n\n\n\n<p style=\"font-size:16px\">H\u00ecnh th\u1ee9c chuy\u1ec3n kho\u1ea3n: Vui l\u00f2ng ch\u1ecdn NH c\u00f9ng tuy\u1ebfn ho\u1eb7c h\u00ecnh th\u1ee9c chuy\u1ec3n kho\u1ea3n 24h \u0111\u1ec3 th\u00f4ng tin thanh to\u00e1n \u0111\u01b0\u1ee3c c\u1eadp nh\u1eadt k\u1ecbp th\u1eddi.<\/p>\n\n\n\n<h3 class=\"wp-block-heading\"><strong>2. H\u00ecnh th\u1ee9c thanh to\u00e1n tr\u1ef1c tuy\u1ebfn<\/strong><\/h3>\n\n\n\n<p style=\"font-size:16px\">1. Thanh to\u00e1n b\u1eb1ng th\u1ebb n\u1ed9i \u0111\u1ecba<\/p>\n\n\n\n<p style=\"font-size:16px\">2. Thanh to\u00e1n b\u1eb1ng th\u1ebb Visa\/Master\/JCB.<\/p>\n\n\n\n<p style=\"font-size:16px\">3.&nbsp; C\u1ed5ng thanh to\u00e1n tr\u1ef1c tuy\u1ebfn Onepay<\/p>\n\n\n\n<p style=\"font-size:16px\">Trong v\u00f2ng 24 ti\u1ebfng sau khi nh\u1eadn 100% ti\u1ec1n v\u00e9 th\u00e0nh c\u00f4ng, ch\u00fang t\u00f4i s\u1ebd g\u1eedi email x\u00e1c nh\u1eadn ho\u1eb7c v\u00e9 online v\u1edbi m\u00e3 QR \u0111\u1ebfn kh\u00e1ch h\u00e0ng<\/p>\n\n\n\n<p style=\"font-size:16px\">N\u1ebfu c\u00f3 b\u1ea5t k\u1ef3 th\u1eafc m\u1eafc n\u00e0o, b\u1ea1n c\u00f3 th\u1ec3 li\u00ean h\u1ec7 ch\u00fang t\u00f4i:<\/p>\n\n\n\n<p style=\"font-size:16px\"><img decoding=\"async\" src=\"blob:https:\/\/culturechiangmai-ngodong.com\/77bbe6fb-5ae5-4bf4-8524-ce13c94925ad\" width=\"27\" height=\"26\">+66 930950191 (VN and TH)<\/p>\n\n\n\n<p style=\"font-size:16px\"><img decoding=\"async\" src=\"blob:https:\/\/culturechiangmai-ngodong.com\/a8f9f45f-6539-49c7-b992-5fa07a0f8cf6\" width=\"25\" height=\"27\"> +84 903991675 (EN)<br><\/p>\n","protected":false},"excerpt":{"rendered":"<p>B\u01b0\u1edbc 1: T\u00ecm s\u1ea3n ph\u1ea9m c\u1ea7n mua B\u1ea1n c\u00f3 th\u1ec3 t\u00ecm ki\u1ebfm s\u1ea3n ph\u1ea9m theo nhi\u1ec1u c\u00e1ch: Click v\u00e0o danh m\u1ee5c s\u1ea3n ph\u1ea9m tr\u00ean website. T\u1ea1i trang danh m\u1ee5c s\u1ea3n ph\u1ea9m, b\u1ea1n c\u00f3 th\u1ec3 t\u00ecm theo t\u00ean s\u1ea3n ph\u1ea9m ho\u1eb7c t\u00ecm n\u00e2ng cao ph\u00f9 h\u1ee3p theo nhu c\u1ea7u. B\u01b0\u1edbc 2: Ki\u1ec3m tra th\u00f4ng tin s\u1ea3n [&hellip;]<\/p>\n","protected":false},"author":1,"featured_media":15438,"parent":0,"menu_order":0,"comment_status":"closed","ping_status":"closed","template":"","meta":{"ngg_post_thumbnail":0,"footnotes":""},"class_list":["post-15437","page","type-page","status-publish","has-post-thumbnail","hentry"],"yoast_head":"<!-- This site is optimized with the Yoast SEO plugin v26.7 - https:\/\/yoast.com\/wordpress\/plugins\/seo\/ -->\n<title>H\u01b0\u1edbng d\u1eabn \u0111\u1eb7t h\u00e0ng &amp; thanh to\u00e1n<\/title>\n<meta name=\"robots\" content=\"index, follow, max-snippet:-1, max-image-preview:large, max-video-preview:-1\" \/>\n<link rel=\"canonical\" href=\"https:\/\/culturechiangmai-ngodong.com\/vi\/ordering-payment-guide\/\" \/>\n<meta property=\"og:locale\" content=\"vi_VN\" \/>\n<meta property=\"og:locale:alternate\" content=\"en_US\" \/>\n<meta property=\"og:type\" content=\"article\" \/>\n<meta property=\"og:title\" content=\"H\u01b0\u1edbng d\u1eabn \u0111\u1eb7t h\u00e0ng &amp; thanh to\u00e1n\" \/>\n<meta property=\"og:description\" content=\"B\u01b0\u1edbc 1: T\u00ecm s\u1ea3n ph\u1ea9m c\u1ea7n mua B\u1ea1n c\u00f3 th\u1ec3 t\u00ecm ki\u1ebfm s\u1ea3n ph\u1ea9m theo nhi\u1ec1u c\u00e1ch: Click v\u00e0o danh m\u1ee5c s\u1ea3n ph\u1ea9m tr\u00ean website. T\u1ea1i trang danh m\u1ee5c s\u1ea3n ph\u1ea9m, b\u1ea1n c\u00f3 th\u1ec3 t\u00ecm theo t\u00ean s\u1ea3n ph\u1ea9m ho\u1eb7c t\u00ecm n\u00e2ng cao ph\u00f9 h\u1ee3p theo nhu c\u1ea7u. B\u01b0\u1edbc 2: Ki\u1ec3m tra th\u00f4ng tin s\u1ea3n [&hellip;]\" \/>\n<meta property=\"og:url\" content=\"https:\/\/culturechiangmai-ngodong.com\/vi\/ordering-payment-guide\/\" \/>\n<meta property=\"og:site_name\" content=\"travel\" \/>\n<meta property=\"article:modified_time\" content=\"2026-01-26T07:54:21+00:00\" \/>\n<meta property=\"og:image\" content=\"https:\/\/culturechiangmai-ngodong.com\/wp-content\/uploads\/2025\/12\/image6.jpg\" \/>\n\t<meta property=\"og:image:width\" content=\"1000\" \/>\n\t<meta property=\"og:image:height\" content=\"667\" \/>\n\t<meta property=\"og:image:type\" content=\"image\/jpeg\" \/>\n<meta name=\"twitter:card\" content=\"summary_large_image\" \/>\n<meta name=\"twitter:label1\" content=\"\u01af\u1edbc t\u00ednh th\u1eddi gian \u0111\u1ecdc\" \/>\n\t<meta name=\"twitter:data1\" content=\"3 ph\u00fat\" \/>\n<script type=\"application\/ld+json\" class=\"yoast-schema-graph\">{\"@context\":\"https:\/\/schema.org\",\"@graph\":[{\"@type\":\"WebPage\",\"@id\":\"https:\/\/culturechiangmai-ngodong.com\/vi\/ordering-payment-guide\/\",\"url\":\"https:\/\/culturechiangmai-ngodong.com\/vi\/ordering-payment-guide\/\",\"name\":\"H\u01b0\u1edbng d\u1eabn \u0111\u1eb7t h\u00e0ng & thanh to\u00e1n\",\"isPartOf\":{\"@id\":\"https:\/\/culturechiangmai-ngodong.com\/#website\"},\"primaryImageOfPage\":{\"@id\":\"https:\/\/culturechiangmai-ngodong.com\/vi\/ordering-payment-guide\/#primaryimage\"},\"image\":{\"@id\":\"https:\/\/culturechiangmai-ngodong.com\/vi\/ordering-payment-guide\/#primaryimage\"},\"thumbnailUrl\":\"https:\/\/culturechiangmai-ngodong.com\/wp-content\/uploads\/2025\/12\/image6.jpg\",\"datePublished\":\"2025-12-13T02:19:42+00:00\",\"dateModified\":\"2026-01-26T07:54:21+00:00\",\"breadcrumb\":{\"@id\":\"https:\/\/culturechiangmai-ngodong.com\/vi\/ordering-payment-guide\/#breadcrumb\"},\"inLanguage\":\"vi\",\"potentialAction\":[{\"@type\":\"ReadAction\",\"target\":[\"https:\/\/culturechiangmai-ngodong.com\/vi\/ordering-payment-guide\/\"]}]},{\"@type\":\"ImageObject\",\"inLanguage\":\"vi\",\"@id\":\"https:\/\/culturechiangmai-ngodong.com\/vi\/ordering-payment-guide\/#primaryimage\",\"url\":\"https:\/\/culturechiangmai-ngodong.com\/wp-content\/uploads\/2025\/12\/image6.jpg\",\"contentUrl\":\"https:\/\/culturechiangmai-ngodong.com\/wp-content\/uploads\/2025\/12\/image6.jpg\",\"width\":1000,\"height\":667},{\"@type\":\"BreadcrumbList\",\"@id\":\"https:\/\/culturechiangmai-ngodong.com\/vi\/ordering-payment-guide\/#breadcrumb\",\"itemListElement\":[{\"@type\":\"ListItem\",\"position\":1,\"name\":\"Home\",\"item\":\"https:\/\/culturechiangmai-ngodong.com\/\"},{\"@type\":\"ListItem\",\"position\":2,\"name\":\"H\u01b0\u1edbng d\u1eabn \u0111\u1eb7t h\u00e0ng &#038; thanh to\u00e1n\"}]},{\"@type\":\"WebSite\",\"@id\":\"https:\/\/culturechiangmai-ngodong.com\/#website\",\"url\":\"https:\/\/culturechiangmai-ngodong.com\/\",\"name\":\"Culture Chiangmai Ngo Dong\",\"description\":\"\",\"potentialAction\":[{\"@type\":\"SearchAction\",\"target\":{\"@type\":\"EntryPoint\",\"urlTemplate\":\"https:\/\/culturechiangmai-ngodong.com\/?s={search_term_string}\"},\"query-input\":{\"@type\":\"PropertyValueSpecification\",\"valueRequired\":true,\"valueName\":\"search_term_string\"}}],\"inLanguage\":\"vi\"}]}<\/script>\n<!-- \/ Yoast SEO plugin. -->","yoast_head_json":{"title":"H\u01b0\u1edbng d\u1eabn \u0111\u1eb7t h\u00e0ng & thanh to\u00e1n","robots":{"index":"index","follow":"follow","max-snippet":"max-snippet:-1","max-image-preview":"max-image-preview:large","max-video-preview":"max-video-preview:-1"},"canonical":"https:\/\/culturechiangmai-ngodong.com\/vi\/ordering-payment-guide\/","og_locale":"vi_VN","og_type":"article","og_title":"[:en]Ordering & Payment Guide[:vi]H\u01b0\u1edbng d\u1eabn \u0111\u1eb7t h\u00e0ng &amp; thanh to\u00e1n[:] - travel","og_description":"B\u01b0\u1edbc 1: T\u00ecm s\u1ea3n ph\u1ea9m c\u1ea7n mua B\u1ea1n c\u00f3 th\u1ec3 t\u00ecm ki\u1ebfm s\u1ea3n ph\u1ea9m theo nhi\u1ec1u c\u00e1ch: Click v\u00e0o danh m\u1ee5c s\u1ea3n ph\u1ea9m tr\u00ean website. T\u1ea1i trang danh m\u1ee5c s\u1ea3n ph\u1ea9m, b\u1ea1n c\u00f3 th\u1ec3 t\u00ecm theo t\u00ean s\u1ea3n ph\u1ea9m ho\u1eb7c t\u00ecm n\u00e2ng cao ph\u00f9 h\u1ee3p theo nhu c\u1ea7u. B\u01b0\u1edbc 2: Ki\u1ec3m tra th\u00f4ng tin s\u1ea3n [&hellip;]","og_url":"https:\/\/culturechiangmai-ngodong.com\/vi\/ordering-payment-guide\/","og_site_name":"travel","article_modified_time":"2026-01-26T07:54:21+00:00","og_image":[{"width":1000,"height":667,"url":"https:\/\/culturechiangmai-ngodong.com\/wp-content\/uploads\/2025\/12\/image6.jpg","type":"image\/jpeg"}],"twitter_card":"summary_large_image","twitter_misc":{"\u01af\u1edbc t\u00ednh th\u1eddi gian \u0111\u1ecdc":"3 ph\u00fat"},"schema":{"@context":"https:\/\/schema.org","@graph":[{"@type":"WebPage","@id":"https:\/\/culturechiangmai-ngodong.com\/vi\/ordering-payment-guide\/","url":"https:\/\/culturechiangmai-ngodong.com\/vi\/ordering-payment-guide\/","name":"H\u01b0\u1edbng d\u1eabn \u0111\u1eb7t h\u00e0ng & thanh to\u00e1n","isPartOf":{"@id":"https:\/\/culturechiangmai-ngodong.com\/#website"},"primaryImageOfPage":{"@id":"https:\/\/culturechiangmai-ngodong.com\/vi\/ordering-payment-guide\/#primaryimage"},"image":{"@id":"https:\/\/culturechiangmai-ngodong.com\/vi\/ordering-payment-guide\/#primaryimage"},"thumbnailUrl":"https:\/\/culturechiangmai-ngodong.com\/wp-content\/uploads\/2025\/12\/image6.jpg","datePublished":"2025-12-13T02:19:42+00:00","dateModified":"2026-01-26T07:54:21+00:00","breadcrumb":{"@id":"https:\/\/culturechiangmai-ngodong.com\/vi\/ordering-payment-guide\/#breadcrumb"},"inLanguage":"vi","potentialAction":[{"@type":"ReadAction","target":["https:\/\/culturechiangmai-ngodong.com\/vi\/ordering-payment-guide\/"]}]},{"@type":"ImageObject","inLanguage":"vi","@id":"https:\/\/culturechiangmai-ngodong.com\/vi\/ordering-payment-guide\/#primaryimage","url":"https:\/\/culturechiangmai-ngodong.com\/wp-content\/uploads\/2025\/12\/image6.jpg","contentUrl":"https:\/\/culturechiangmai-ngodong.com\/wp-content\/uploads\/2025\/12\/image6.jpg","width":1000,"height":667},{"@type":"BreadcrumbList","@id":"https:\/\/culturechiangmai-ngodong.com\/vi\/ordering-payment-guide\/#breadcrumb","itemListElement":[{"@type":"ListItem","position":1,"name":"Home","item":"https:\/\/culturechiangmai-ngodong.com\/"},{"@type":"ListItem","position":2,"name":"H\u01b0\u1edbng d\u1eabn \u0111\u1eb7t h\u00e0ng &#038; thanh to\u00e1n"}]},{"@type":"WebSite","@id":"https:\/\/culturechiangmai-ngodong.com\/#website","url":"https:\/\/culturechiangmai-ngodong.com\/","name":"Culture Chiangmai Ngo Dong","description":"","potentialAction":[{"@type":"SearchAction","target":{"@type":"EntryPoint","urlTemplate":"https:\/\/culturechiangmai-ngodong.com\/?s={search_term_string}"},"query-input":{"@type":"PropertyValueSpecification","valueRequired":true,"valueName":"search_term_string"}}],"inLanguage":"vi"}]}},"_links":{"self":[{"href":"https:\/\/culturechiangmai-ngodong.com\/vi\/wp-json\/wp\/v2\/pages\/15437","targetHints":{"allow":["GET"]}}],"collection":[{"href":"https:\/\/culturechiangmai-ngodong.com\/vi\/wp-json\/wp\/v2\/pages"}],"about":[{"href":"https:\/\/culturechiangmai-ngodong.com\/vi\/wp-json\/wp\/v2\/types\/page"}],"author":[{"embeddable":true,"href":"https:\/\/culturechiangmai-ngodong.com\/vi\/wp-json\/wp\/v2\/users\/1"}],"replies":[{"embeddable":true,"href":"https:\/\/culturechiangmai-ngodong.com\/vi\/wp-json\/wp\/v2\/comments?post=15437"}],"version-history":[{"count":51,"href":"https:\/\/culturechiangmai-ngodong.com\/vi\/wp-json\/wp\/v2\/pages\/15437\/revisions"}],"predecessor-version":[{"id":16698,"href":"https:\/\/culturechiangmai-ngodong.com\/vi\/wp-json\/wp\/v2\/pages\/15437\/revisions\/16698"}],"wp:featuredmedia":[{"embeddable":true,"href":"https:\/\/culturechiangmai-ngodong.com\/vi\/wp-json\/wp\/v2\/media\/15438"}],"wp:attachment":[{"href":"https:\/\/culturechiangmai-ngodong.com\/vi\/wp-json\/wp\/v2\/media?parent=15437"}],"curies":[{"name":"wp","href":"https:\/\/api.w.org\/{rel}","templated":true}]}}