{"id":15451,"date":"2025-12-13T02:46:22","date_gmt":"2025-12-13T02:46:22","guid":{"rendered":"https:\/\/culturechiangmai-ngodong.com\/?page_id=15451"},"modified":"2026-01-06T05:19:05","modified_gmt":"2026-01-06T05:19:05","slug":"complaint-handling-policy","status":"publish","type":"page","link":"https:\/\/culturechiangmai-ngodong.com\/vi\/complaint-handling-policy\/","title":{"rendered":"Ch\u00ednh s\u00e1ch x\u1eed l\u00fd khi\u1ebfu n\u1ea1i"},"content":{"rendered":"\n<h3 class=\"wp-block-heading\"><strong>I. PH\u1ea0M VI \u00c1P D\u1ee4NG<\/strong><\/h3>\n\n\n\n<p style=\"font-size:16px\">Ch\u00ednh s\u00e1ch n\u00e0y \u00e1p d\u1ee5ng cho t\u1ea5t c\u1ea3 kh\u00e1ch h\u00e0ng s\u1eed d\u1ee5ng d\u1ecbch v\u1ee5 tr\u00ean website n\u00e0y.<\/p>\n\n\n\n<h3 class=\"wp-block-heading\"><strong>II. NGUY\u00caN T\u1eaeC X\u1eec L\u00dd KHI\u1ebeU N\u1ea0I<\/strong><\/h3>\n\n\n\n<ul class=\"wp-block-list\">\n<li style=\"font-size:16px\">M\u1ecdi khi\u1ebfu n\u1ea1i c\u1ee7a kh\u00e1ch h\u00e0ng s\u1ebd \u0111\u01b0\u1ee3c ti\u1ebfp nh\u1eadn v\u00e0 gi\u1ea3i quy\u1ebft m\u1ed9t c\u00e1ch nhanh ch\u00f3ng, c\u00f4ng b\u1eb1ng v\u00e0 minh b\u1ea1ch.<\/li>\n\n\n\n<li style=\"font-size:16px\">B\u1ea3o \u0111\u1ea3m th\u00f4ng tin kh\u00e1ch h\u00e0ng \u0111\u01b0\u1ee3c b\u1ea3o m\u1eadt trong qu\u00e1 tr\u00ecnh x\u1eed l\u00fd khi\u1ebfu n\u1ea1i.<\/li>\n\n\n\n<li style=\"font-size:16px\">\u01afu ti\u00ean gi\u1ea3i quy\u1ebft khi\u1ebfu n\u1ea1i th\u00f4ng qua th\u01b0\u01a1ng l\u01b0\u1ee3ng, h\u00f2a gi\u1ea3i tr\u01b0\u1edbc khi \u00e1p d\u1ee5ng c\u00e1c bi\u1ec7n ph\u00e1p kh\u00e1c.<\/li>\n<\/ul>\n\n\n\n<h3 class=\"wp-block-heading\"><strong>III. QUY TR\u00ccNH X\u1eec L\u00dd KHI\u1ebeU N\u1ea0I<\/strong><\/h3>\n\n\n\n<ol class=\"wp-block-list\">\n<li style=\"font-size:16px\">Ti\u1ebfp nh\u1eadn khi\u1ebfu n\u1ea1i Trong v\u00f2ng 7ng\u00e0y k\u1ec3 t\u1eeb ng\u00e0y k\u1ebft th\u00fac l\u1ec5 h\u1ed9i, Qu\u00fd Kh\u00e1ch H\u00e0ng c\u00f3 th\u1ec3 g\u1eedi khi\u1ebfu n\u1ea1i b\u1eb1ng m\u1ed9t trong c\u00e1c ph\u01b0\u01a1ng th\u1ee9c:<ul><li>G\u1eedi mail qua \u0111\u1ecba ch\u1ec9 enquire@culturechiangmai-ngodong.com;<\/li><li>G\u1ecdi \u0111\u1ebfn s\u1ed1 \u0111i\u1ec7n tho\u1ea1i +66 930950191 (VN v\u00e0 TH); +84 768155564 (EN)<\/li><\/ul>Khi g\u1eedi khi\u1ebfu n\u1ea1i, Qu\u00fd Kh\u00e1ch H\u00e0ng c\u1ea7n cung c\u1ea5p \u0111\u1ea7y \u0111\u1ee7 th\u00f4ng tin bao g\u1ed3m:\n<ul class=\"wp-block-list\">\n<li>H\u1ecd v\u00e0 t\u00ean, s\u1ed1 \u0111i\u1ec7n tho\u1ea1i; ng\u00e0y di\u1ec5n ra l\u1ec5 h\u1ed9i<\/li>\n\n\n\n<li>N\u1ed9i dung khi\u1ebfu n\u1ea1i v\u00e0 t\u00e0i li\u1ec7u ch\u1ee9ng minh (n\u1ebfu c\u00f3).<\/li>\n<\/ul>\n<\/li>\n\n\n\n<li style=\"font-size:16px\">X\u00e1c nh\u1eadn v\u00e0 x\u1eed l\u00fd khi\u1ebfu n\u1ea1i Trong v\u00f2ng 24 gi\u1edd k\u1ec3 t\u1eeb khi khi\u1ebfu n\u1ea1i \u0111\u01b0\u1ee3c g\u1eedi, ch\u00fang t\u00f4i s\u1ebd x\u00e1c nh\u1eadn v\u00e0 th\u00f4ng b\u00e1o v\u1ec1 vi\u1ec7c ti\u1ebfp nh\u1eadn.<br>Trong v\u00f2ng 05 ng\u00e0y l\u00e0m vi\u1ec7c sau khi ti\u1ebfp nh\u1eadn, khi\u1ebfu n\u1ea1i s\u1ebd \u0111\u01b0\u1ee3c xem x\u00e9t v\u00e0 gi\u1ea3i quy\u1ebft. Tr\u01b0\u1eddng h\u1ee3p ph\u1ee9c t\u1ea1p c\u00f3 th\u1ec3 k\u00e9o d\u00e0i nh\u01b0ng kh\u00f4ng qu\u00e1 30 ng\u00e0y.<br>K\u1ebft qu\u1ea3 gi\u1ea3i quy\u1ebft s\u1ebd \u0111\u01b0\u1ee3c th\u00f4ng b\u00e1o qua email ho\u1eb7c s\u1ed1 \u0111i\u1ec7n tho\u1ea1i cho qu\u00fd kh\u00e1ch h\u00e0ng.<\/li>\n<\/ol>\n\n\n\n<h3 class=\"wp-block-heading\"><strong>IV. PH\u01af\u01a0NG TH\u1ee8C GI\u1ea2I QUY\u1ebeT KHI\u1ebeU N\u1ea0I<\/strong><\/h3>\n\n\n\n<ul class=\"wp-block-list\">\n<li style=\"font-size:16px\">Trong tr\u01b0\u1eddng h\u1ee3p ph\u00e1t sinh v\u1ea5n \u0111\u1ec1, kh\u00e1ch h\u00e0ng c\u00f3 quy\u1ec1n y\u00eau c\u1ea7u b\u1ed3i th\u01b0\u1eddng n\u1ebfu khi\u1ebfu n\u1ea1i \u0111\u01b0\u1ee3c x\u00e1c minh l\u00e0 h\u1ee3p l\u1ec7. M\u1ee9c b\u1ed3i th\u01b0\u1eddng s\u1ebd c\u0103n c\u1ee9 theo ch\u00ednh s\u00e1ch c\u1ee5 th\u1ec3 c\u1ee7a t\u1eebng d\u1ecbch v\u1ee5, nh\u1eb1m \u0111\u1ea3m b\u1ea3o quy\u1ec1n l\u1ee3i ch\u00ednh \u0111\u00e1ng c\u1ee7a kh\u00e1ch h\u00e0ng. N\u1ebfu s\u1ef1 c\u1ed1 xu\u1ea5t ph\u00e1t t\u1eeb ph\u00eda kh\u00e1ch h\u00e0ng (nh\u01b0 cung c\u1ea5p sai th\u00f4ng tin, thay \u0111\u1ed5i l\u1ecbch tr\u00ecnh \u0111\u1ed9t xu\u1ea5t, ho\u1eb7c c\u00e1c l\u1ed7i thao t\u00e1c kh\u00e1c), ch\u00fang t\u00f4i s\u1ebd ch\u1ee7 \u0111\u1ed9ng h\u01b0\u1edbng d\u1eabn, t\u01b0 v\u1ea5n v\u00e0 h\u1ed7 tr\u1ee3 \u0111\u1ec3 gi\u00fap kh\u00e1ch h\u00e0ng kh\u1eafc ph\u1ee5c s\u1ef1 c\u1ed1, gi\u1ea3m thi\u1ec3u t\u1ed1i \u0111a \u1ea3nh h\u01b0\u1edfng \u0111\u1ebfn tr\u1ea3i nghi\u1ec7m d\u1ecbch v\u1ee5.<\/li>\n\n\n\n<li style=\"font-size:16px\">Trong m\u1ecdi tr\u01b0\u1eddng h\u1ee3p, ch\u00fang t\u00f4i s\u1ebd c\u00f9ng kh\u00e1ch h\u00e0ng trao \u0111\u1ed5i tr\u1ef1c ti\u1ebfp, tr\u00ean tinh th\u1ea7n h\u1ee3p t\u00e1c v\u00e0 thi\u1ec7n ch\u00ed, \u0111\u1ec3 th\u01b0\u01a1ng l\u01b0\u1ee3ng v\u00e0 t\u00ecm ra gi\u1ea3i ph\u00e1p h\u1ee3p l\u00fd, h\u00e0i h\u00f2a quy\u1ec1n l\u1ee3i c\u1ee7a c\u1ea3 hai b\u00ean. Trong tr\u01b0\u1eddng h\u1ee3p vi\u1ec7c \u0111\u00e0m ph\u00e1n v\u00e0 th\u1ecfa thu\u1eadn n\u00e0y kh\u00f4ng \u0111\u1ea1t \u0111\u01b0\u1ee3c k\u1ebft qu\u1ea3, c\u00e1c tranh ch\u1ea5p, khi\u1ebfu n\u1ea1i v\u00e0 ki\u1ec7n t\u1ee5ng s\u1ebd \u0111\u01b0\u1ee3c gi\u1ea3i quy\u1ebft t\u1ea1i Trung t\u00e2m Tr\u1ecdng t\u00e0i Qu\u1ed1c t\u1ebf Vi\u1ec7t Nam (VIAC).<\/li>\n<\/ul>\n","protected":false},"excerpt":{"rendered":"<p>I. PH\u1ea0M VI \u00c1P D\u1ee4NG Ch\u00ednh s\u00e1ch n\u00e0y \u00e1p d\u1ee5ng cho t\u1ea5t c\u1ea3 kh\u00e1ch h\u00e0ng s\u1eed d\u1ee5ng d\u1ecbch v\u1ee5 tr\u00ean website n\u00e0y. II. NGUY\u00caN T\u1eaeC X\u1eec L\u00dd KHI\u1ebeU N\u1ea0I III. QUY TR\u00ccNH X\u1eec L\u00dd KHI\u1ebeU N\u1ea0I IV. PH\u01af\u01a0NG TH\u1ee8C GI\u1ea2I QUY\u1ebeT KHI\u1ebeU N\u1ea0I<\/p>\n","protected":false},"author":1,"featured_media":15452,"parent":0,"menu_order":0,"comment_status":"closed","ping_status":"closed","template":"","meta":{"ngg_post_thumbnail":0,"footnotes":""},"class_list":["post-15451","page","type-page","status-publish","has-post-thumbnail","hentry"],"yoast_head":"<!-- This site is optimized with the Yoast SEO plugin v26.7 - https:\/\/yoast.com\/wordpress\/plugins\/seo\/ -->\n<title>Ch\u00ednh s\u00e1ch x\u1eed l\u00fd khi\u1ebfu n\u1ea1i<\/title>\n<meta name=\"robots\" content=\"index, follow, max-snippet:-1, max-image-preview:large, max-video-preview:-1\" \/>\n<link rel=\"canonical\" href=\"https:\/\/culturechiangmai-ngodong.com\/vi\/complaint-handling-policy\/\" \/>\n<meta property=\"og:locale\" content=\"vi_VN\" \/>\n<meta property=\"og:locale:alternate\" content=\"en_US\" \/>\n<meta property=\"og:type\" content=\"article\" \/>\n<meta property=\"og:title\" content=\"Ch\u00ednh s\u00e1ch x\u1eed l\u00fd khi\u1ebfu n\u1ea1i\" \/>\n<meta property=\"og:description\" content=\"I. PH\u1ea0M VI \u00c1P D\u1ee4NG Ch\u00ednh s\u00e1ch n\u00e0y \u00e1p d\u1ee5ng cho t\u1ea5t c\u1ea3 kh\u00e1ch h\u00e0ng s\u1eed d\u1ee5ng d\u1ecbch v\u1ee5 tr\u00ean website n\u00e0y. II. NGUY\u00caN T\u1eaeC X\u1eec L\u00dd KHI\u1ebeU N\u1ea0I III. QUY TR\u00ccNH X\u1eec L\u00dd KHI\u1ebeU N\u1ea0I IV. PH\u01af\u01a0NG TH\u1ee8C GI\u1ea2I QUY\u1ebeT KHI\u1ebeU N\u1ea0I\" \/>\n<meta property=\"og:url\" content=\"https:\/\/culturechiangmai-ngodong.com\/vi\/complaint-handling-policy\/\" \/>\n<meta property=\"og:site_name\" content=\"travel\" \/>\n<meta property=\"article:modified_time\" content=\"2026-01-06T05:19:05+00:00\" \/>\n<meta property=\"og:image\" content=\"https:\/\/culturechiangmai-ngodong.com\/wp-content\/uploads\/2025\/12\/customer-complaint-via-call-center-260nw-2614073649.webp\" \/>\n\t<meta property=\"og:image:width\" content=\"371\" \/>\n\t<meta property=\"og:image:height\" content=\"280\" \/>\n\t<meta property=\"og:image:type\" content=\"image\/webp\" \/>\n<meta name=\"twitter:card\" content=\"summary_large_image\" \/>\n<meta name=\"twitter:label1\" content=\"\u01af\u1edbc t\u00ednh th\u1eddi gian \u0111\u1ecdc\" \/>\n\t<meta name=\"twitter:data1\" content=\"5 ph\u00fat\" \/>\n<script type=\"application\/ld+json\" class=\"yoast-schema-graph\">{\"@context\":\"https:\/\/schema.org\",\"@graph\":[{\"@type\":\"WebPage\",\"@id\":\"https:\/\/culturechiangmai-ngodong.com\/vi\/complaint-handling-policy\/\",\"url\":\"https:\/\/culturechiangmai-ngodong.com\/vi\/complaint-handling-policy\/\",\"name\":\"Ch\u00ednh s\u00e1ch x\u1eed l\u00fd khi\u1ebfu n\u1ea1i\",\"isPartOf\":{\"@id\":\"https:\/\/culturechiangmai-ngodong.com\/#website\"},\"primaryImageOfPage\":{\"@id\":\"https:\/\/culturechiangmai-ngodong.com\/vi\/complaint-handling-policy\/#primaryimage\"},\"image\":{\"@id\":\"https:\/\/culturechiangmai-ngodong.com\/vi\/complaint-handling-policy\/#primaryimage\"},\"thumbnailUrl\":\"https:\/\/culturechiangmai-ngodong.com\/wp-content\/uploads\/2025\/12\/customer-complaint-via-call-center-260nw-2614073649.webp\",\"datePublished\":\"2025-12-13T02:46:22+00:00\",\"dateModified\":\"2026-01-06T05:19:05+00:00\",\"breadcrumb\":{\"@id\":\"https:\/\/culturechiangmai-ngodong.com\/vi\/complaint-handling-policy\/#breadcrumb\"},\"inLanguage\":\"vi\",\"potentialAction\":[{\"@type\":\"ReadAction\",\"target\":[\"https:\/\/culturechiangmai-ngodong.com\/vi\/complaint-handling-policy\/\"]}]},{\"@type\":\"ImageObject\",\"inLanguage\":\"vi\",\"@id\":\"https:\/\/culturechiangmai-ngodong.com\/vi\/complaint-handling-policy\/#primaryimage\",\"url\":\"https:\/\/culturechiangmai-ngodong.com\/wp-content\/uploads\/2025\/12\/customer-complaint-via-call-center-260nw-2614073649.webp\",\"contentUrl\":\"https:\/\/culturechiangmai-ngodong.com\/wp-content\/uploads\/2025\/12\/customer-complaint-via-call-center-260nw-2614073649.webp\",\"width\":371,\"height\":280},{\"@type\":\"BreadcrumbList\",\"@id\":\"https:\/\/culturechiangmai-ngodong.com\/vi\/complaint-handling-policy\/#breadcrumb\",\"itemListElement\":[{\"@type\":\"ListItem\",\"position\":1,\"name\":\"Home\",\"item\":\"https:\/\/culturechiangmai-ngodong.com\/\"},{\"@type\":\"ListItem\",\"position\":2,\"name\":\"Ch\u00ednh s\u00e1ch x\u1eed l\u00fd khi\u1ebfu n\u1ea1i\"}]},{\"@type\":\"WebSite\",\"@id\":\"https:\/\/culturechiangmai-ngodong.com\/#website\",\"url\":\"https:\/\/culturechiangmai-ngodong.com\/\",\"name\":\"Culture Chiangmai Ngo Dong\",\"description\":\"\",\"potentialAction\":[{\"@type\":\"SearchAction\",\"target\":{\"@type\":\"EntryPoint\",\"urlTemplate\":\"https:\/\/culturechiangmai-ngodong.com\/?s={search_term_string}\"},\"query-input\":{\"@type\":\"PropertyValueSpecification\",\"valueRequired\":true,\"valueName\":\"search_term_string\"}}],\"inLanguage\":\"vi\"}]}<\/script>\n<!-- \/ Yoast SEO plugin. -->","yoast_head_json":{"title":"Ch\u00ednh s\u00e1ch x\u1eed l\u00fd khi\u1ebfu n\u1ea1i","robots":{"index":"index","follow":"follow","max-snippet":"max-snippet:-1","max-image-preview":"max-image-preview:large","max-video-preview":"max-video-preview:-1"},"canonical":"https:\/\/culturechiangmai-ngodong.com\/vi\/complaint-handling-policy\/","og_locale":"vi_VN","og_type":"article","og_title":"[:en]Complaint Handling Policy[:vi]Ch\u00ednh s\u00e1ch x\u1eed l\u00fd khi\u1ebfu n\u1ea1i[:] - travel","og_description":"I. PH\u1ea0M VI \u00c1P D\u1ee4NG Ch\u00ednh s\u00e1ch n\u00e0y \u00e1p d\u1ee5ng cho t\u1ea5t c\u1ea3 kh\u00e1ch h\u00e0ng s\u1eed d\u1ee5ng d\u1ecbch v\u1ee5 tr\u00ean website n\u00e0y. II. NGUY\u00caN T\u1eaeC X\u1eec L\u00dd KHI\u1ebeU N\u1ea0I III. QUY TR\u00ccNH X\u1eec L\u00dd KHI\u1ebeU N\u1ea0I IV. PH\u01af\u01a0NG TH\u1ee8C GI\u1ea2I QUY\u1ebeT KHI\u1ebeU N\u1ea0I","og_url":"https:\/\/culturechiangmai-ngodong.com\/vi\/complaint-handling-policy\/","og_site_name":"travel","article_modified_time":"2026-01-06T05:19:05+00:00","og_image":[{"width":371,"height":280,"url":"https:\/\/culturechiangmai-ngodong.com\/wp-content\/uploads\/2025\/12\/customer-complaint-via-call-center-260nw-2614073649.webp","type":"image\/webp"}],"twitter_card":"summary_large_image","twitter_misc":{"\u01af\u1edbc t\u00ednh th\u1eddi gian \u0111\u1ecdc":"5 ph\u00fat"},"schema":{"@context":"https:\/\/schema.org","@graph":[{"@type":"WebPage","@id":"https:\/\/culturechiangmai-ngodong.com\/vi\/complaint-handling-policy\/","url":"https:\/\/culturechiangmai-ngodong.com\/vi\/complaint-handling-policy\/","name":"Ch\u00ednh s\u00e1ch x\u1eed l\u00fd khi\u1ebfu n\u1ea1i","isPartOf":{"@id":"https:\/\/culturechiangmai-ngodong.com\/#website"},"primaryImageOfPage":{"@id":"https:\/\/culturechiangmai-ngodong.com\/vi\/complaint-handling-policy\/#primaryimage"},"image":{"@id":"https:\/\/culturechiangmai-ngodong.com\/vi\/complaint-handling-policy\/#primaryimage"},"thumbnailUrl":"https:\/\/culturechiangmai-ngodong.com\/wp-content\/uploads\/2025\/12\/customer-complaint-via-call-center-260nw-2614073649.webp","datePublished":"2025-12-13T02:46:22+00:00","dateModified":"2026-01-06T05:19:05+00:00","breadcrumb":{"@id":"https:\/\/culturechiangmai-ngodong.com\/vi\/complaint-handling-policy\/#breadcrumb"},"inLanguage":"vi","potentialAction":[{"@type":"ReadAction","target":["https:\/\/culturechiangmai-ngodong.com\/vi\/complaint-handling-policy\/"]}]},{"@type":"ImageObject","inLanguage":"vi","@id":"https:\/\/culturechiangmai-ngodong.com\/vi\/complaint-handling-policy\/#primaryimage","url":"https:\/\/culturechiangmai-ngodong.com\/wp-content\/uploads\/2025\/12\/customer-complaint-via-call-center-260nw-2614073649.webp","contentUrl":"https:\/\/culturechiangmai-ngodong.com\/wp-content\/uploads\/2025\/12\/customer-complaint-via-call-center-260nw-2614073649.webp","width":371,"height":280},{"@type":"BreadcrumbList","@id":"https:\/\/culturechiangmai-ngodong.com\/vi\/complaint-handling-policy\/#breadcrumb","itemListElement":[{"@type":"ListItem","position":1,"name":"Home","item":"https:\/\/culturechiangmai-ngodong.com\/"},{"@type":"ListItem","position":2,"name":"Ch\u00ednh s\u00e1ch x\u1eed l\u00fd khi\u1ebfu n\u1ea1i"}]},{"@type":"WebSite","@id":"https:\/\/culturechiangmai-ngodong.com\/#website","url":"https:\/\/culturechiangmai-ngodong.com\/","name":"Culture Chiangmai Ngo Dong","description":"","potentialAction":[{"@type":"SearchAction","target":{"@type":"EntryPoint","urlTemplate":"https:\/\/culturechiangmai-ngodong.com\/?s={search_term_string}"},"query-input":{"@type":"PropertyValueSpecification","valueRequired":true,"valueName":"search_term_string"}}],"inLanguage":"vi"}]}},"_links":{"self":[{"href":"https:\/\/culturechiangmai-ngodong.com\/vi\/wp-json\/wp\/v2\/pages\/15451","targetHints":{"allow":["GET"]}}],"collection":[{"href":"https:\/\/culturechiangmai-ngodong.com\/vi\/wp-json\/wp\/v2\/pages"}],"about":[{"href":"https:\/\/culturechiangmai-ngodong.com\/vi\/wp-json\/wp\/v2\/types\/page"}],"author":[{"embeddable":true,"href":"https:\/\/culturechiangmai-ngodong.com\/vi\/wp-json\/wp\/v2\/users\/1"}],"replies":[{"embeddable":true,"href":"https:\/\/culturechiangmai-ngodong.com\/vi\/wp-json\/wp\/v2\/comments?post=15451"}],"version-history":[{"count":15,"href":"https:\/\/culturechiangmai-ngodong.com\/vi\/wp-json\/wp\/v2\/pages\/15451\/revisions"}],"predecessor-version":[{"id":16579,"href":"https:\/\/culturechiangmai-ngodong.com\/vi\/wp-json\/wp\/v2\/pages\/15451\/revisions\/16579"}],"wp:featuredmedia":[{"embeddable":true,"href":"https:\/\/culturechiangmai-ngodong.com\/vi\/wp-json\/wp\/v2\/media\/15452"}],"wp:attachment":[{"href":"https:\/\/culturechiangmai-ngodong.com\/vi\/wp-json\/wp\/v2\/media?parent=15451"}],"curies":[{"name":"wp","href":"https:\/\/api.w.org\/{rel}","templated":true}]}}