{"id":15464,"date":"2025-12-13T02:54:57","date_gmt":"2025-12-13T02:54:57","guid":{"rendered":"https:\/\/culturechiangmai-ngodong.com\/?page_id=15464"},"modified":"2026-01-06T05:11:50","modified_gmt":"2026-01-06T05:11:50","slug":"delivery-return-refund-policy","status":"publish","type":"page","link":"https:\/\/culturechiangmai-ngodong.com\/vi\/delivery-return-refund-policy\/","title":{"rendered":"Ch\u00ednh s\u00e1ch giao h\u00e0ng\/\u0111\u1ed5i tr\u1ea3\/ho\u00e0n ti\u1ec1n"},"content":{"rendered":"\n<h3 class=\"wp-block-heading\"><strong>C\u00e1ch th\u1ee9c giao h\u00e0ng<\/strong><\/h3>\n\n\n\n<p style=\"font-size:16px\">Sau khi \u0111\u01a1n h\u00e0ng \u0111\u01b0\u1ee3c x\u00e1c nh\u1eadn v\u00e0 thanh to\u00e1n \u0111\u01b0\u1ee3c ho\u00e0n t\u1ea5t, ch\u00fang t\u00f4i s\u1ebd g\u1eedi email v\u1edbi v\u00e9 c\u00f3 m\u00e3 QR \u0111\u1ebfn Qu\u00fd Kh\u00e1ch H\u00e0ng trong th\u1eddi gian s\u1edbm nh\u1ea5t. Qu\u00fd kh\u00e1ch h\u00e0ng ki\u1ec3m tra th\u00f4ng tin tr\u00ean v\u00e9 v\u00e0 x\u00e1c nh\u1eadn \u0111\u00e3 nh\u1eadn v\u00e9 qua email cho ch\u00fang t\u00f4i c\u00e0ng s\u1edbm c\u00e0ng t\u1ed1t.<\/p>\n\n\n\n<p style=\"font-size:16px\">+ C\u00e1ch th\u1ee9c g\u1eedi v\u00e9: th\u00f4ng qua email \u0111\u00e3 \u0111\u01b0\u1ee3c cung c\u1ea5p b\u1edfi Qu\u00fd Kh\u00e1ch H\u00e0ng<\/p>\n\n\n\n<p style=\"font-size:16px\">+ Th\u1eddi gian g\u1eedi v\u00e9: t\u1ed1i \u0111a 24 ti\u1ebfng sau khi thanh to\u00e1n ho\u00e0n t\u1ea5t<\/p>\n\n\n\n<p style=\"font-size:16px\">Trong tr\u01b0\u1eddng h\u1ee3p qu\u00e1 24 ti\u1ebfng v\u1eabn ch\u01b0a nh\u1eadn \u0111\u01b0\u1ee3c v\u00e9 \u0111i\u1ec7n t\u1eed qua email, Qu\u00fd Kh\u00e1ch H\u00e0ng li\u00ean h\u1ec7 \u0111\u1ebfn ch\u00fang t\u00f4i qua <a href=\"mailto:enquire@culturechiangmai-ngodong.com\">enquire@culturechiangmai-ngodong.com<\/a> ho\u1eb7c s\u1ed1 \u0111i\u1ec7n tho\u1ea1i: +66 930950191 (VN v\u00e0 TH); +84 768155564 (EN)<\/p>\n\n\n\n<p style=\"font-size:16px\">Ch\u00fa \u00fd:<\/p>\n\n\n\n<p style=\"font-size:16px\">&#8211; M\u00e3 QR tr\u00ean v\u00e9 \u0111i\u1ec7n t\u1eed ch\u1ec9 c\u00f3 gi\u00e1 tr\u1ecb scan l\u1ea7n \u0111\u1ea7u ti\u00ean t\u1ea1i l\u1ec5 h\u1ed9i b\u1edfi Ban T\u1ed5 Ch\u1ee9c l\u1ec5 h\u1ed9i, do \u0111\u00f3, v\u00e9 c\u1ea7n \u0111\u01b0\u1ee3c l\u01b0u tr\u1eef k\u1ef9 v\u00e0 tr\u00e1nh chia s\u1ebb m\u00e3 QR cho ng\u01b0\u1eddi kh\u00e1c \u0111\u1ec3 tr\u00e1nh b\u1ecb m\u1ea5t l\u01b0\u1ee3t v\u00e0o l\u1ec5 h\u1ed9i.<\/p>\n\n\n\n<p style=\"font-size:16px\">&#8211; N\u1ebfu Qu\u00fd Kh\u00e1ch H\u00e0ng nh\u1eadn v\u00e9 \u0111i\u1ec7n t\u1eed v\u1edbi th\u00f4ng tin sai l\u1ec7ch, vui l\u00f2ng li\u00ean h\u1ec7 s\u1edbm v\u1edbi ch\u00fang t\u00f4i \u0111\u1ec3 \u0111\u01b0\u1ee3c gi\u1ea3i quy\u1ebft ngay.<\/p>\n\n\n\n<p style=\"font-size:16px\">&#8211; N\u1ebfu Qu\u00fd Kh\u00e1ch H\u00e0ng thay \u0111\u1ed5i \u00fd \u0111\u1ecbnh sau khi v\u00e9 \u0111i\u1ec7n t\u1eed \u0111\u00e3 xu\u1ea5t, Qu\u00fd Kh\u00e1ch H\u00e0ng s\u1ebd ch\u1ecbu ho\u00e0n to\u00e0n t\u1ea5t c\u1ea3 chi ph\u00ed ph\u00e1t sinh li\u00ean quan.<\/p>\n\n\n\n<p style=\"font-size:16px\">&#8211; Ch\u00fang t\u00f4i s\u1ebd kh\u00f4ng ch\u1ecbu tr\u00e1ch nhi\u1ec7m cho b\u1ea5t k\u1ef3 sai bi\u1ec7t n\u00e0o tr\u00ean v\u00e9 \u0111i\u1ec7n t\u1eed n\u1ebfu Qu\u00fd Kh\u00e1ch H\u00e0ng kh\u00f4ng th\u00f4ng b\u00e1o \u0111\u1ebfn ch\u00fang t\u00f4i tr\u01b0\u1edbc 2 th\u00e1ng tr\u01b0\u1edbc ng\u00e0y di\u1ec5n ra l\u1ec5 h\u1ed9i.<\/p>\n\n\n\n<p style=\"font-size:18px\">C\u00d4NG TY TNHH TH\u01af\u01a0NG M\u1ea0I DU NHI\u00caN<\/p>\n\n\n\n<p style=\"font-size:16px\">\u0110\u1ecba ch\u1ec9: 20\/36\/2 \u0111\u01b0\u1eddng Nguy\u1ec5n Ng\u1ecdc Nh\u1ef1t, Ph\u01b0\u1eddng Ph\u00fa Th\u1ecd H\u00f2a, Th\u00e0nh Ph\u1ed1 H\u1ed3 Ch\u00ed Minh, Vi\u1ec7t Nam<\/p>\n\n\n\n<p style=\"font-size:16px\">\u0110i\u1ec7n tho\u1ea1i: +66 930950191 (VN v\u00e0 TH); +84 768155564 (EN)<\/p>\n\n\n\n<h3 class=\"wp-block-heading\"><strong>C\u00e1ch th\u1ee9c \u0111\u1ed5i tr\u1ea3 &#038; ho\u00e0n ti\u1ec1n<\/strong><\/h3>\n\n\n\n<p style=\"font-size:16px\">T\u1ea5t c\u1ea3 v\u00e9 \u0111\u01b0\u1ee3c g\u1eedi cho Qu\u00fd Kh\u00e1ch H\u00e0ng \u0111\u1ec1u l\u00e0 v\u00e9 \u0111i\u1ec7n t\u1eed c\u00f3 m\u00e3 QR, do \u0111\u00f3, KH\u00d4NG \u0111\u1ed5i tr\u1ea3 v\u00e0 KH\u00d4NG ho\u00e0n ti\u1ec1n.<\/p>\n\n\n\n<p style=\"font-size:16px\">Trong tr\u01b0\u1eddng h\u1ee3p b\u1ea5t kh\u1ea3 kh\u00e1ng (thi\u00ean tai, ch\u00ednh s\u00e1ch ch\u00ednh ph\u1ee7 thay \u0111\u1ed5i, b\u1ea5t kh\u1ea3 kh\u00e1ng\u2026) x\u1ea3y ra d\u1eabn \u0111\u1ebfn l\u1ec5 h\u1ed9i trong \u0111\u01b0\u1ee3c t\u1ed5 ch\u1ee9c nh\u01b0 k\u1ebf ho\u1ea1ch, c\u00f4ng ty ch\u00fang t\u00f4i s\u1ebd th\u00f4ng b\u00e1o ngay l\u1eadp t\u1ee9c \u0111\u1ebfn Qu\u00fd Kh\u00e1ch H\u00e0ng v\u00e0 v\u00e9 s\u1ebd \u0111\u01b0\u1ee3c d\u1eddi sang l\u1ec5 h\u1ed9i n\u0103m t\u1edbi.<\/p>\n","protected":false},"excerpt":{"rendered":"<p>C\u00e1ch th\u1ee9c giao h\u00e0ng Sau khi \u0111\u01a1n h\u00e0ng \u0111\u01b0\u1ee3c x\u00e1c nh\u1eadn v\u00e0 thanh to\u00e1n \u0111\u01b0\u1ee3c ho\u00e0n t\u1ea5t, ch\u00fang t\u00f4i s\u1ebd g\u1eedi email v\u1edbi v\u00e9 c\u00f3 m\u00e3 QR \u0111\u1ebfn Qu\u00fd Kh\u00e1ch H\u00e0ng trong th\u1eddi gian s\u1edbm nh\u1ea5t. Qu\u00fd kh\u00e1ch h\u00e0ng ki\u1ec3m tra th\u00f4ng tin tr\u00ean v\u00e9 v\u00e0 x\u00e1c nh\u1eadn \u0111\u00e3 nh\u1eadn v\u00e9 qua email cho ch\u00fang [&hellip;]<\/p>\n","protected":false},"author":1,"featured_media":15467,"parent":0,"menu_order":0,"comment_status":"closed","ping_status":"closed","template":"","meta":{"ngg_post_thumbnail":0,"footnotes":""},"class_list":["post-15464","page","type-page","status-publish","has-post-thumbnail","hentry"],"yoast_head":"<!-- This site is optimized with the Yoast SEO plugin v26.7 - https:\/\/yoast.com\/wordpress\/plugins\/seo\/ -->\n<title>Ch\u00ednh s\u00e1ch giao h\u00e0ng\/\u0111\u1ed5i tr\u1ea3\/ho\u00e0n ti\u1ec1n<\/title>\n<meta name=\"robots\" content=\"index, follow, max-snippet:-1, max-image-preview:large, max-video-preview:-1\" \/>\n<link rel=\"canonical\" href=\"https:\/\/culturechiangmai-ngodong.com\/vi\/delivery-return-refund-policy\/\" \/>\n<meta property=\"og:locale\" content=\"vi_VN\" \/>\n<meta property=\"og:locale:alternate\" content=\"en_US\" \/>\n<meta property=\"og:type\" content=\"article\" \/>\n<meta property=\"og:title\" content=\"Ch\u00ednh s\u00e1ch giao h\u00e0ng\/\u0111\u1ed5i tr\u1ea3\/ho\u00e0n ti\u1ec1n\" \/>\n<meta property=\"og:description\" content=\"C\u00e1ch th\u1ee9c giao h\u00e0ng Sau khi \u0111\u01a1n h\u00e0ng \u0111\u01b0\u1ee3c x\u00e1c nh\u1eadn v\u00e0 thanh to\u00e1n \u0111\u01b0\u1ee3c ho\u00e0n t\u1ea5t, ch\u00fang t\u00f4i s\u1ebd g\u1eedi email v\u1edbi v\u00e9 c\u00f3 m\u00e3 QR \u0111\u1ebfn Qu\u00fd Kh\u00e1ch H\u00e0ng trong th\u1eddi gian s\u1edbm nh\u1ea5t. Qu\u00fd kh\u00e1ch h\u00e0ng ki\u1ec3m tra th\u00f4ng tin tr\u00ean v\u00e9 v\u00e0 x\u00e1c nh\u1eadn \u0111\u00e3 nh\u1eadn v\u00e9 qua email cho ch\u00fang [&hellip;]\" \/>\n<meta property=\"og:url\" content=\"https:\/\/culturechiangmai-ngodong.com\/vi\/delivery-return-refund-policy\/\" \/>\n<meta property=\"og:site_name\" content=\"travel\" \/>\n<meta property=\"article:modified_time\" content=\"2026-01-06T05:11:50+00:00\" \/>\n<meta property=\"og:image\" content=\"https:\/\/culturechiangmai-ngodong.com\/wp-content\/uploads\/2025\/12\/istockphoto-1348018352-612x612-1.jpg\" \/>\n\t<meta property=\"og:image:width\" content=\"612\" \/>\n\t<meta property=\"og:image:height\" content=\"408\" \/>\n\t<meta property=\"og:image:type\" content=\"image\/jpeg\" \/>\n<meta name=\"twitter:card\" content=\"summary_large_image\" \/>\n<meta name=\"twitter:label1\" content=\"\u01af\u1edbc t\u00ednh th\u1eddi gian \u0111\u1ecdc\" \/>\n\t<meta name=\"twitter:data1\" content=\"4 ph\u00fat\" \/>\n<script type=\"application\/ld+json\" class=\"yoast-schema-graph\">{\"@context\":\"https:\/\/schema.org\",\"@graph\":[{\"@type\":\"WebPage\",\"@id\":\"https:\/\/culturechiangmai-ngodong.com\/vi\/delivery-return-refund-policy\/\",\"url\":\"https:\/\/culturechiangmai-ngodong.com\/vi\/delivery-return-refund-policy\/\",\"name\":\"Ch\u00ednh s\u00e1ch giao h\u00e0ng\/\u0111\u1ed5i tr\u1ea3\/ho\u00e0n ti\u1ec1n\",\"isPartOf\":{\"@id\":\"https:\/\/culturechiangmai-ngodong.com\/#website\"},\"primaryImageOfPage\":{\"@id\":\"https:\/\/culturechiangmai-ngodong.com\/vi\/delivery-return-refund-policy\/#primaryimage\"},\"image\":{\"@id\":\"https:\/\/culturechiangmai-ngodong.com\/vi\/delivery-return-refund-policy\/#primaryimage\"},\"thumbnailUrl\":\"https:\/\/culturechiangmai-ngodong.com\/wp-content\/uploads\/2025\/12\/istockphoto-1348018352-612x612-1.jpg\",\"datePublished\":\"2025-12-13T02:54:57+00:00\",\"dateModified\":\"2026-01-06T05:11:50+00:00\",\"breadcrumb\":{\"@id\":\"https:\/\/culturechiangmai-ngodong.com\/vi\/delivery-return-refund-policy\/#breadcrumb\"},\"inLanguage\":\"vi\",\"potentialAction\":[{\"@type\":\"ReadAction\",\"target\":[\"https:\/\/culturechiangmai-ngodong.com\/vi\/delivery-return-refund-policy\/\"]}]},{\"@type\":\"ImageObject\",\"inLanguage\":\"vi\",\"@id\":\"https:\/\/culturechiangmai-ngodong.com\/vi\/delivery-return-refund-policy\/#primaryimage\",\"url\":\"https:\/\/culturechiangmai-ngodong.com\/wp-content\/uploads\/2025\/12\/istockphoto-1348018352-612x612-1.jpg\",\"contentUrl\":\"https:\/\/culturechiangmai-ngodong.com\/wp-content\/uploads\/2025\/12\/istockphoto-1348018352-612x612-1.jpg\",\"width\":612,\"height\":408,\"caption\":\"Return Policy. RuLes, Customer, Exchange and Feedback concept. The meeting at the white office table\"},{\"@type\":\"BreadcrumbList\",\"@id\":\"https:\/\/culturechiangmai-ngodong.com\/vi\/delivery-return-refund-policy\/#breadcrumb\",\"itemListElement\":[{\"@type\":\"ListItem\",\"position\":1,\"name\":\"Home\",\"item\":\"https:\/\/culturechiangmai-ngodong.com\/\"},{\"@type\":\"ListItem\",\"position\":2,\"name\":\"Ch\u00ednh s\u00e1ch giao h\u00e0ng\/\u0111\u1ed5i tr\u1ea3\/ho\u00e0n ti\u1ec1n\"}]},{\"@type\":\"WebSite\",\"@id\":\"https:\/\/culturechiangmai-ngodong.com\/#website\",\"url\":\"https:\/\/culturechiangmai-ngodong.com\/\",\"name\":\"Culture Chiangmai Ngo Dong\",\"description\":\"\",\"potentialAction\":[{\"@type\":\"SearchAction\",\"target\":{\"@type\":\"EntryPoint\",\"urlTemplate\":\"https:\/\/culturechiangmai-ngodong.com\/?s={search_term_string}\"},\"query-input\":{\"@type\":\"PropertyValueSpecification\",\"valueRequired\":true,\"valueName\":\"search_term_string\"}}],\"inLanguage\":\"vi\"}]}<\/script>\n<!-- \/ Yoast SEO plugin. -->","yoast_head_json":{"title":"Ch\u00ednh s\u00e1ch giao h\u00e0ng\/\u0111\u1ed5i tr\u1ea3\/ho\u00e0n ti\u1ec1n","robots":{"index":"index","follow":"follow","max-snippet":"max-snippet:-1","max-image-preview":"max-image-preview:large","max-video-preview":"max-video-preview:-1"},"canonical":"https:\/\/culturechiangmai-ngodong.com\/vi\/delivery-return-refund-policy\/","og_locale":"vi_VN","og_type":"article","og_title":"[:en]Delivery, return, refund policy[:vi]Ch\u00ednh s\u00e1ch giao h\u00e0ng\/\u0111\u1ed5i tr\u1ea3\/ho\u00e0n ti\u1ec1n[:] - travel","og_description":"C\u00e1ch th\u1ee9c giao h\u00e0ng Sau khi \u0111\u01a1n h\u00e0ng \u0111\u01b0\u1ee3c x\u00e1c nh\u1eadn v\u00e0 thanh to\u00e1n \u0111\u01b0\u1ee3c ho\u00e0n t\u1ea5t, ch\u00fang t\u00f4i s\u1ebd g\u1eedi email v\u1edbi v\u00e9 c\u00f3 m\u00e3 QR \u0111\u1ebfn Qu\u00fd Kh\u00e1ch H\u00e0ng trong th\u1eddi gian s\u1edbm nh\u1ea5t. Qu\u00fd kh\u00e1ch h\u00e0ng ki\u1ec3m tra th\u00f4ng tin tr\u00ean v\u00e9 v\u00e0 x\u00e1c nh\u1eadn \u0111\u00e3 nh\u1eadn v\u00e9 qua email cho ch\u00fang [&hellip;]","og_url":"https:\/\/culturechiangmai-ngodong.com\/vi\/delivery-return-refund-policy\/","og_site_name":"travel","article_modified_time":"2026-01-06T05:11:50+00:00","og_image":[{"width":612,"height":408,"url":"https:\/\/culturechiangmai-ngodong.com\/wp-content\/uploads\/2025\/12\/istockphoto-1348018352-612x612-1.jpg","type":"image\/jpeg"}],"twitter_card":"summary_large_image","twitter_misc":{"\u01af\u1edbc t\u00ednh th\u1eddi gian \u0111\u1ecdc":"4 ph\u00fat"},"schema":{"@context":"https:\/\/schema.org","@graph":[{"@type":"WebPage","@id":"https:\/\/culturechiangmai-ngodong.com\/vi\/delivery-return-refund-policy\/","url":"https:\/\/culturechiangmai-ngodong.com\/vi\/delivery-return-refund-policy\/","name":"Ch\u00ednh s\u00e1ch giao h\u00e0ng\/\u0111\u1ed5i tr\u1ea3\/ho\u00e0n ti\u1ec1n","isPartOf":{"@id":"https:\/\/culturechiangmai-ngodong.com\/#website"},"primaryImageOfPage":{"@id":"https:\/\/culturechiangmai-ngodong.com\/vi\/delivery-return-refund-policy\/#primaryimage"},"image":{"@id":"https:\/\/culturechiangmai-ngodong.com\/vi\/delivery-return-refund-policy\/#primaryimage"},"thumbnailUrl":"https:\/\/culturechiangmai-ngodong.com\/wp-content\/uploads\/2025\/12\/istockphoto-1348018352-612x612-1.jpg","datePublished":"2025-12-13T02:54:57+00:00","dateModified":"2026-01-06T05:11:50+00:00","breadcrumb":{"@id":"https:\/\/culturechiangmai-ngodong.com\/vi\/delivery-return-refund-policy\/#breadcrumb"},"inLanguage":"vi","potentialAction":[{"@type":"ReadAction","target":["https:\/\/culturechiangmai-ngodong.com\/vi\/delivery-return-refund-policy\/"]}]},{"@type":"ImageObject","inLanguage":"vi","@id":"https:\/\/culturechiangmai-ngodong.com\/vi\/delivery-return-refund-policy\/#primaryimage","url":"https:\/\/culturechiangmai-ngodong.com\/wp-content\/uploads\/2025\/12\/istockphoto-1348018352-612x612-1.jpg","contentUrl":"https:\/\/culturechiangmai-ngodong.com\/wp-content\/uploads\/2025\/12\/istockphoto-1348018352-612x612-1.jpg","width":612,"height":408,"caption":"Return Policy. RuLes, Customer, Exchange and Feedback concept. The meeting at the white office table"},{"@type":"BreadcrumbList","@id":"https:\/\/culturechiangmai-ngodong.com\/vi\/delivery-return-refund-policy\/#breadcrumb","itemListElement":[{"@type":"ListItem","position":1,"name":"Home","item":"https:\/\/culturechiangmai-ngodong.com\/"},{"@type":"ListItem","position":2,"name":"Ch\u00ednh s\u00e1ch giao h\u00e0ng\/\u0111\u1ed5i tr\u1ea3\/ho\u00e0n ti\u1ec1n"}]},{"@type":"WebSite","@id":"https:\/\/culturechiangmai-ngodong.com\/#website","url":"https:\/\/culturechiangmai-ngodong.com\/","name":"Culture Chiangmai Ngo Dong","description":"","potentialAction":[{"@type":"SearchAction","target":{"@type":"EntryPoint","urlTemplate":"https:\/\/culturechiangmai-ngodong.com\/?s={search_term_string}"},"query-input":{"@type":"PropertyValueSpecification","valueRequired":true,"valueName":"search_term_string"}}],"inLanguage":"vi"}]}},"_links":{"self":[{"href":"https:\/\/culturechiangmai-ngodong.com\/vi\/wp-json\/wp\/v2\/pages\/15464","targetHints":{"allow":["GET"]}}],"collection":[{"href":"https:\/\/culturechiangmai-ngodong.com\/vi\/wp-json\/wp\/v2\/pages"}],"about":[{"href":"https:\/\/culturechiangmai-ngodong.com\/vi\/wp-json\/wp\/v2\/types\/page"}],"author":[{"embeddable":true,"href":"https:\/\/culturechiangmai-ngodong.com\/vi\/wp-json\/wp\/v2\/users\/1"}],"replies":[{"embeddable":true,"href":"https:\/\/culturechiangmai-ngodong.com\/vi\/wp-json\/wp\/v2\/comments?post=15464"}],"version-history":[{"count":11,"href":"https:\/\/culturechiangmai-ngodong.com\/vi\/wp-json\/wp\/v2\/pages\/15464\/revisions"}],"predecessor-version":[{"id":16571,"href":"https:\/\/culturechiangmai-ngodong.com\/vi\/wp-json\/wp\/v2\/pages\/15464\/revisions\/16571"}],"wp:featuredmedia":[{"embeddable":true,"href":"https:\/\/culturechiangmai-ngodong.com\/vi\/wp-json\/wp\/v2\/media\/15467"}],"wp:attachment":[{"href":"https:\/\/culturechiangmai-ngodong.com\/vi\/wp-json\/wp\/v2\/media?parent=15464"}],"curies":[{"name":"wp","href":"https:\/\/api.w.org\/{rel}","templated":true}]}}