{"id":807,"date":"2022-04-16T23:51:28","date_gmt":"2022-04-16T23:51:28","guid":{"rendered":"https:\/\/modmixmap.wpengine.com\/?page_id=807"},"modified":"2026-01-06T07:23:27","modified_gmt":"2026-01-06T07:23:27","slug":"about","status":"publish","type":"page","link":"https:\/\/culturechiangmai-ngodong.com\/vi\/about\/","title":{"rendered":"Gi\u1edbi thi\u1ec7u"},"content":{"rendered":"\n<h2 class=\"wp-block-heading\"><strong>Ch\u00e0o m\u1eebng b\u1ea1n \u0111\u1ebfn v\u1edbi Ngo Dong \u2013 Kh\u00e1m ph\u00e1 v\u0103n h\u00f3a<\/strong><\/h2>\n\n\n\n<p style=\"font-size:16px\">B\u1eaft ngu\u1ed3n t\u1eeb t\u00ecnh y\u00eau c\u1ea3nh thi\u00ean nhi\u00ean y\u00ean b\u00ecnh v\u00e0 nh\u1eefng con ng\u01b0\u1eddi hi\u1ec1n l\u00e0nh \u1edf Chiangmai, ch\u00fang m\u00ecnh \u0111\u00e3 b\u1eaft \u0111\u1ea7u chia s\u1ebb nh\u1eefng \u0111\u1ecba \u0111i\u1ec3m l\u1ecbch s\u1eed-v\u0103n h\u00f3a ho\u1eb7c ch\u1ec9 l\u00e0 chia s\u1ebb nh\u1eefng m\u00f3n \u0103n ngon \u0111\u1eb7c tr\u01b0ng t\u1ea1i v\u00f9ng n\u00e0y \u0111\u1ebfn b\u1ea1n b\u00e8. V\u00e0 k\u1ebft th\u00fac chuy\u1ebfn \u0111i, nh\u1eefng ng\u01b0\u1eddi b\u1ea1n n\u00e0y l\u1ea1i k\u1ec3 v\u1ec1 nh\u1eefng tr\u1ea3i nghi\u1ec7m th\u00fa v\u1ecb cho nh\u1eefng ng\u01b0\u1eddi b\u1ea1n m\u1edbi v\u00e0 c\u1ee9 nh\u01b0 th\u1ebf ch\u00fang m\u00ecnh c\u00e0ng c\u00f3 th\u00eam nhi\u1ec1u b\u1ea1n m\u1edbi v\u00e0 \u0111i\u1ec1u n\u00e0y th\u00fac \u0111\u1ea9y ch\u00fang m\u00ecnh l\u1ea1i kh\u00e1m ph\u00e1 nhi\u1ec1u h\u01a1n \u0111\u1ec3 c\u00f3 th\u1ec3 chia s\u1ebb th\u00eam nhi\u1ec1u n\u01a1i th\u00fa v\u1ecb cho c\u00e1c b\u1ea1n th\u00f4ng qua c\u1ed9ng \u0111\u1ed3ng nho nh\u1ecf tr\u00ean Facebook \u201cDu L\u1ecbch Chiang Mai &#8211; Th\u00e1i Lan\u201d.<\/p>\n\n\n\n<p style=\"font-size:16px\">&nbsp;V\u00e0 \u0111\u00e2y ch\u00ednh th\u1ee9c l\u00e0 trang web ch\u00ednh th\u1ee9c c\u1ee7a ch\u00fang m\u00ecnh \u0111\u1ec3 c\u00f3 th\u1ec3 l\u01b0u tr\u1eef nhi\u1ec1u h\u00ecnh \u1ea3nh \u0111\u1eb9p c\u1ee7a v\u00f9ng \u0111\u1ea5t n\u00e0y c\u0169ng nh\u01b0 l\u00e0 k\u1ef7 ni\u1ec7m \u0111\u1eb9p c\u1ee7a c\u00e1c b\u1ea1n t\u1ea1i v\u00f9ng \u0111\u1ea5t v\u0103n h\u00f3a-l\u1ecbch s\u1eed n\u00e0y, b\u00ean c\u1ea1nh \u0111\u00f3, ch\u00fang m\u00ecnh c\u00f3 th\u1ec3 chia s\u1ebb th\u00eam nhi\u1ec1u th\u00f4ng tin v\u1ec1 c\u00e1c ho\u1ea1t \u0111\u1ed9ng v\u0103n h\u00f3a di\u1ec5n ra, th\u1eddi gian t\u1ed1t nh\u1ea5t khi \u0111\u1ebfn kh\u00e1m ph\u00e1\u2026.. cho c\u00e1c b\u1ea1n.<\/p>\n\n\n\n<p style=\"font-size:16px\"><strong>C\u00e1m \u01a1n \u0111\u00e3 \u0111\u1ebfn v\u1edbi nhau v\u00e0 h\u1eb9n g\u1eb7p b\u1ea1n s\u1edbm t\u1ea1i Chiangmai trong m\u1ed9t ng\u00e0y n\u1eafng \u0111\u1eb9p !!!<\/strong><\/p>\n\n\n\n<h3 class=\"wp-block-heading\"><strong>Li\u00ean h\u1ec7 v\u1edbi ch\u00fang m\u00ecnh:<\/strong><\/h3>\n\n\n\n<style>\n.fb-item {\n  display: flex;\n  align-items: center;\n  gap: 10px;\n  margin-bottom: 10px;\n}\n\n.fb-item img {\n  width: 24px;\n  height: 24px;\n}\n\n.fb-item a {\n  text-decoration: none;\n  color: #000;\n  font-size: 16px;\n}\n\n.fb-item a:hover {\n  color: #1877f2;\n}\n<\/style>\n\n<div class=\"fb-item\">\n  <img decoding=\"async\" src=\"https:\/\/upload.wikimedia.org\/wikipedia\/commons\/5\/51\/Facebook_f_logo_%282019%29.svg\" alt=\"Facebook\">\n  <a href=\"https:\/\/www.facebook.com\/groups\/323321698324999\/\" target=\"_blank\">\n    Du L\u1ecbch Chiang Mai \u2013 Th\u00e1i Lan\n  <\/a>\n<\/div>\n\n<div class=\"fb-item\">\n  <img decoding=\"async\" src=\"https:\/\/upload.wikimedia.org\/wikipedia\/commons\/5\/51\/Facebook_f_logo_%282019%29.svg\" alt=\"Facebook\">\n  <a href=\"https:\/\/www.facebook.com\/ngothithaonguyen1991\" target=\"_blank\">\n    Ng\u00f4 \u0110\u1ed3ng\n  <\/a>\n<\/div>\n\n\n\n\n<p style=\"font-size:16px\">Email: enquire@culturechiangmai-ngodong.com<\/p>\n\n\n\n<p><\/p>\n","protected":false},"excerpt":{"rendered":"<p>Ch\u00e0o m\u1eebng b\u1ea1n \u0111\u1ebfn v\u1edbi Ngo Dong \u2013 Kh\u00e1m ph\u00e1 v\u0103n h\u00f3a B\u1eaft ngu\u1ed3n t\u1eeb t\u00ecnh y\u00eau c\u1ea3nh thi\u00ean nhi\u00ean y\u00ean b\u00ecnh v\u00e0 nh\u1eefng con ng\u01b0\u1eddi hi\u1ec1n l\u00e0nh \u1edf Chiangmai, ch\u00fang m\u00ecnh \u0111\u00e3 b\u1eaft \u0111\u1ea7u chia s\u1ebb nh\u1eefng \u0111\u1ecba \u0111i\u1ec3m l\u1ecbch s\u1eed-v\u0103n h\u00f3a ho\u1eb7c ch\u1ec9 l\u00e0 chia s\u1ebb nh\u1eefng m\u00f3n \u0103n ngon \u0111\u1eb7c tr\u01b0ng t\u1ea1i [&hellip;]<\/p>\n","protected":false},"author":1,"featured_media":16484,"parent":0,"menu_order":0,"comment_status":"closed","ping_status":"closed","template":"","meta":{"ngg_post_thumbnail":0,"footnotes":""},"class_list":["post-807","page","type-page","status-publish","has-post-thumbnail","hentry"],"yoast_head":"<!-- This site is optimized with the Yoast SEO plugin v26.7 - https:\/\/yoast.com\/wordpress\/plugins\/seo\/ -->\n<title>Gi\u1edbi thi\u1ec7u<\/title>\n<meta name=\"robots\" content=\"index, follow, max-snippet:-1, max-image-preview:large, max-video-preview:-1\" \/>\n<link rel=\"canonical\" href=\"https:\/\/culturechiangmai-ngodong.com\/vi\/about\/\" \/>\n<meta property=\"og:locale\" content=\"vi_VN\" \/>\n<meta property=\"og:locale:alternate\" content=\"en_US\" \/>\n<meta property=\"og:type\" content=\"article\" \/>\n<meta property=\"og:title\" content=\"Gi\u1edbi thi\u1ec7u\" \/>\n<meta property=\"og:description\" content=\"Ch\u00e0o m\u1eebng b\u1ea1n \u0111\u1ebfn v\u1edbi Ngo Dong \u2013 Kh\u00e1m ph\u00e1 v\u0103n h\u00f3a B\u1eaft ngu\u1ed3n t\u1eeb t\u00ecnh y\u00eau c\u1ea3nh thi\u00ean nhi\u00ean y\u00ean b\u00ecnh v\u00e0 nh\u1eefng con ng\u01b0\u1eddi hi\u1ec1n l\u00e0nh \u1edf Chiangmai, ch\u00fang m\u00ecnh \u0111\u00e3 b\u1eaft \u0111\u1ea7u chia s\u1ebb nh\u1eefng \u0111\u1ecba \u0111i\u1ec3m l\u1ecbch s\u1eed-v\u0103n h\u00f3a ho\u1eb7c ch\u1ec9 l\u00e0 chia s\u1ebb nh\u1eefng m\u00f3n \u0103n ngon \u0111\u1eb7c tr\u01b0ng t\u1ea1i [&hellip;]\" \/>\n<meta property=\"og:url\" content=\"https:\/\/culturechiangmai-ngodong.com\/vi\/about\/\" \/>\n<meta property=\"og:site_name\" content=\"travel\" \/>\n<meta property=\"article:modified_time\" content=\"2026-01-06T07:23:27+00:00\" \/>\n<meta property=\"og:image\" content=\"https:\/\/culturechiangmai-ngodong.com\/wp-content\/uploads\/2025\/12\/shutterstock1307758597huge-1667362005561-e1767173661315.jpg\" \/>\n\t<meta property=\"og:image:width\" content=\"799\" \/>\n\t<meta property=\"og:image:height\" content=\"389\" \/>\n\t<meta property=\"og:image:type\" content=\"image\/jpeg\" \/>\n<meta name=\"twitter:card\" content=\"summary_large_image\" \/>\n<meta name=\"twitter:label1\" content=\"\u01af\u1edbc t\u00ednh th\u1eddi gian \u0111\u1ecdc\" \/>\n\t<meta name=\"twitter:data1\" content=\"3 ph\u00fat\" \/>\n<script type=\"application\/ld+json\" class=\"yoast-schema-graph\">{\"@context\":\"https:\/\/schema.org\",\"@graph\":[{\"@type\":\"WebPage\",\"@id\":\"https:\/\/culturechiangmai-ngodong.com\/vi\/about\/\",\"url\":\"https:\/\/culturechiangmai-ngodong.com\/vi\/about\/\",\"name\":\"Gi\u1edbi thi\u1ec7u\",\"isPartOf\":{\"@id\":\"https:\/\/culturechiangmai-ngodong.com\/#website\"},\"primaryImageOfPage\":{\"@id\":\"https:\/\/culturechiangmai-ngodong.com\/vi\/about\/#primaryimage\"},\"image\":{\"@id\":\"https:\/\/culturechiangmai-ngodong.com\/vi\/about\/#primaryimage\"},\"thumbnailUrl\":\"https:\/\/culturechiangmai-ngodong.com\/wp-content\/uploads\/2025\/12\/shutterstock1307758597huge-1667362005561-e1767173661315.jpg\",\"datePublished\":\"2022-04-16T23:51:28+00:00\",\"dateModified\":\"2026-01-06T07:23:27+00:00\",\"breadcrumb\":{\"@id\":\"https:\/\/culturechiangmai-ngodong.com\/vi\/about\/#breadcrumb\"},\"inLanguage\":\"vi\",\"potentialAction\":[{\"@type\":\"ReadAction\",\"target\":[\"https:\/\/culturechiangmai-ngodong.com\/vi\/about\/\"]}]},{\"@type\":\"ImageObject\",\"inLanguage\":\"vi\",\"@id\":\"https:\/\/culturechiangmai-ngodong.com\/vi\/about\/#primaryimage\",\"url\":\"https:\/\/culturechiangmai-ngodong.com\/wp-content\/uploads\/2025\/12\/shutterstock1307758597huge-1667362005561-e1767173661315.jpg\",\"contentUrl\":\"https:\/\/culturechiangmai-ngodong.com\/wp-content\/uploads\/2025\/12\/shutterstock1307758597huge-1667362005561-e1767173661315.jpg\",\"width\":799,\"height\":389},{\"@type\":\"BreadcrumbList\",\"@id\":\"https:\/\/culturechiangmai-ngodong.com\/vi\/about\/#breadcrumb\",\"itemListElement\":[{\"@type\":\"ListItem\",\"position\":1,\"name\":\"Home\",\"item\":\"https:\/\/culturechiangmai-ngodong.com\/\"},{\"@type\":\"ListItem\",\"position\":2,\"name\":\"Gi\u1edbi thi\u1ec7u\"}]},{\"@type\":\"WebSite\",\"@id\":\"https:\/\/culturechiangmai-ngodong.com\/#website\",\"url\":\"https:\/\/culturechiangmai-ngodong.com\/\",\"name\":\"Culture Chiangmai Ngo Dong\",\"description\":\"\",\"potentialAction\":[{\"@type\":\"SearchAction\",\"target\":{\"@type\":\"EntryPoint\",\"urlTemplate\":\"https:\/\/culturechiangmai-ngodong.com\/?s={search_term_string}\"},\"query-input\":{\"@type\":\"PropertyValueSpecification\",\"valueRequired\":true,\"valueName\":\"search_term_string\"}}],\"inLanguage\":\"vi\"}]}<\/script>\n<!-- \/ Yoast SEO plugin. -->","yoast_head_json":{"title":"Gi\u1edbi thi\u1ec7u","robots":{"index":"index","follow":"follow","max-snippet":"max-snippet:-1","max-image-preview":"max-image-preview:large","max-video-preview":"max-video-preview:-1"},"canonical":"https:\/\/culturechiangmai-ngodong.com\/vi\/about\/","og_locale":"vi_VN","og_type":"article","og_title":"[:en]About[:vi]Gi\u1edbi thi\u1ec7u[:] - travel","og_description":"Ch\u00e0o m\u1eebng b\u1ea1n \u0111\u1ebfn v\u1edbi Ngo Dong \u2013 Kh\u00e1m ph\u00e1 v\u0103n h\u00f3a B\u1eaft ngu\u1ed3n t\u1eeb t\u00ecnh y\u00eau c\u1ea3nh thi\u00ean nhi\u00ean y\u00ean b\u00ecnh v\u00e0 nh\u1eefng con ng\u01b0\u1eddi hi\u1ec1n l\u00e0nh \u1edf Chiangmai, ch\u00fang m\u00ecnh \u0111\u00e3 b\u1eaft \u0111\u1ea7u chia s\u1ebb nh\u1eefng \u0111\u1ecba \u0111i\u1ec3m l\u1ecbch s\u1eed-v\u0103n h\u00f3a ho\u1eb7c ch\u1ec9 l\u00e0 chia s\u1ebb nh\u1eefng m\u00f3n \u0103n ngon \u0111\u1eb7c tr\u01b0ng t\u1ea1i [&hellip;]","og_url":"https:\/\/culturechiangmai-ngodong.com\/vi\/about\/","og_site_name":"travel","article_modified_time":"2026-01-06T07:23:27+00:00","og_image":[{"width":799,"height":389,"url":"https:\/\/culturechiangmai-ngodong.com\/wp-content\/uploads\/2025\/12\/shutterstock1307758597huge-1667362005561-e1767173661315.jpg","type":"image\/jpeg"}],"twitter_card":"summary_large_image","twitter_misc":{"\u01af\u1edbc t\u00ednh th\u1eddi gian \u0111\u1ecdc":"3 ph\u00fat"},"schema":{"@context":"https:\/\/schema.org","@graph":[{"@type":"WebPage","@id":"https:\/\/culturechiangmai-ngodong.com\/vi\/about\/","url":"https:\/\/culturechiangmai-ngodong.com\/vi\/about\/","name":"Gi\u1edbi thi\u1ec7u","isPartOf":{"@id":"https:\/\/culturechiangmai-ngodong.com\/#website"},"primaryImageOfPage":{"@id":"https:\/\/culturechiangmai-ngodong.com\/vi\/about\/#primaryimage"},"image":{"@id":"https:\/\/culturechiangmai-ngodong.com\/vi\/about\/#primaryimage"},"thumbnailUrl":"https:\/\/culturechiangmai-ngodong.com\/wp-content\/uploads\/2025\/12\/shutterstock1307758597huge-1667362005561-e1767173661315.jpg","datePublished":"2022-04-16T23:51:28+00:00","dateModified":"2026-01-06T07:23:27+00:00","breadcrumb":{"@id":"https:\/\/culturechiangmai-ngodong.com\/vi\/about\/#breadcrumb"},"inLanguage":"vi","potentialAction":[{"@type":"ReadAction","target":["https:\/\/culturechiangmai-ngodong.com\/vi\/about\/"]}]},{"@type":"ImageObject","inLanguage":"vi","@id":"https:\/\/culturechiangmai-ngodong.com\/vi\/about\/#primaryimage","url":"https:\/\/culturechiangmai-ngodong.com\/wp-content\/uploads\/2025\/12\/shutterstock1307758597huge-1667362005561-e1767173661315.jpg","contentUrl":"https:\/\/culturechiangmai-ngodong.com\/wp-content\/uploads\/2025\/12\/shutterstock1307758597huge-1667362005561-e1767173661315.jpg","width":799,"height":389},{"@type":"BreadcrumbList","@id":"https:\/\/culturechiangmai-ngodong.com\/vi\/about\/#breadcrumb","itemListElement":[{"@type":"ListItem","position":1,"name":"Home","item":"https:\/\/culturechiangmai-ngodong.com\/"},{"@type":"ListItem","position":2,"name":"Gi\u1edbi thi\u1ec7u"}]},{"@type":"WebSite","@id":"https:\/\/culturechiangmai-ngodong.com\/#website","url":"https:\/\/culturechiangmai-ngodong.com\/","name":"Culture Chiangmai Ngo Dong","description":"","potentialAction":[{"@type":"SearchAction","target":{"@type":"EntryPoint","urlTemplate":"https:\/\/culturechiangmai-ngodong.com\/?s={search_term_string}"},"query-input":{"@type":"PropertyValueSpecification","valueRequired":true,"valueName":"search_term_string"}}],"inLanguage":"vi"}]}},"_links":{"self":[{"href":"https:\/\/culturechiangmai-ngodong.com\/vi\/wp-json\/wp\/v2\/pages\/807","targetHints":{"allow":["GET"]}}],"collection":[{"href":"https:\/\/culturechiangmai-ngodong.com\/vi\/wp-json\/wp\/v2\/pages"}],"about":[{"href":"https:\/\/culturechiangmai-ngodong.com\/vi\/wp-json\/wp\/v2\/types\/page"}],"author":[{"embeddable":true,"href":"https:\/\/culturechiangmai-ngodong.com\/vi\/wp-json\/wp\/v2\/users\/1"}],"replies":[{"embeddable":true,"href":"https:\/\/culturechiangmai-ngodong.com\/vi\/wp-json\/wp\/v2\/comments?post=807"}],"version-history":[{"count":47,"href":"https:\/\/culturechiangmai-ngodong.com\/vi\/wp-json\/wp\/v2\/pages\/807\/revisions"}],"predecessor-version":[{"id":16615,"href":"https:\/\/culturechiangmai-ngodong.com\/vi\/wp-json\/wp\/v2\/pages\/807\/revisions\/16615"}],"wp:featuredmedia":[{"embeddable":true,"href":"https:\/\/culturechiangmai-ngodong.com\/vi\/wp-json\/wp\/v2\/media\/16484"}],"wp:attachment":[{"href":"https:\/\/culturechiangmai-ngodong.com\/vi\/wp-json\/wp\/v2\/media?parent=807"}],"curies":[{"name":"wp","href":"https:\/\/api.w.org\/{rel}","templated":true}]}}