{"id":15276,"date":"2025-12-10T09:00:27","date_gmt":"2025-12-10T09:00:27","guid":{"rendered":"https:\/\/culturechiangmai-ngodong.com\/?post_type=product&#038;p=15276"},"modified":"2025-12-29T13:12:22","modified_gmt":"2025-12-29T13:12:22","slug":"chiang-mai-cad-new-year-countdown-2026-official-ticket","status":"publish","type":"product","link":"https:\/\/culturechiangmai-ngodong.com\/vi\/product\/chiang-mai-cad-new-year-countdown-2026-official-ticket\/","title":{"rendered":"\u0110\u1ebfm ng\u01b0\u1ee3c \u0111\u00f3n n\u0103m m\u1edbi 2026 t\u1ea1i Chiang Mai CAD | V\u00e9 ch\u00ednh th\u1ee9c"},"content":{"rendered":"<div class=\"elementor elementor-121116\" data-elementor-type=\"section\" data-elementor-id=\"121116\" data-elementor-post-type=\"elementor_library\">\n<section class=\"elementor-section elementor-top-section elementor-element elementor-element-e8ca185 elementor-section-boxed elementor-section-height-default elementor-section-height-default\" data-id=\"e8ca185\" data-element_type=\"section\">\n<div class=\"elementor-container elementor-column-gap-default\">\n<div class=\"elementor-column elementor-col-100 elementor-top-column elementor-element elementor-element-65eefdf\" data-id=\"65eefdf\" data-element_type=\"column\">\n<div class=\"elementor-widget-wrap elementor-element-populated\">\n<div class=\"elementor-element elementor-element-d2c16db uael-header-sticky-no elementor-widget elementor-widget-uael-table\" data-id=\"d2c16db\" data-element_type=\"widget\" data-widget_type=\"uael-table.default\">\n<div class=\"elementor-widget-container\">\n<p>Immerse yourself in the vibrant atmosphere of a local village festival, where the warmth of Thai hospitality meets the excitement of the New Year. Whether you\u2019re a local or a visitor, this event promises a night of wonder, celebration, and cultural discovery in the heart of Chiang Mai. Don\u2019t miss the chance to be part of this spectacular countdown to 2026!<\/p>\n<p><strong>Highlights:<\/strong><\/p>\n<ul>\n<li><strong>Mass Lantern Release<\/strong>&nbsp;on 31st December, experience the countdown to the magical moment.<\/li>\n<li><strong>Spectacular Fireworks &#038; Cultural Performances<\/strong>: Enjoy stunning fireworks by Thailand\u2019s top teams and immerse in live traditional Lanna music, dance, and rituals.<\/li>\n<li><strong>Countdown to 2026<\/strong>: Celebrate the New Year with a vibrant countdown event filled with music, dance, and family-friendly entertainment.<\/li>\n<li><strong>Cultural Immersion &#038; Thai Cuisine<\/strong>: Engage with the local community, explore art and craft exhibitions, and savor delicious traditional Thai dishes.<\/li>\n<\/ul>\n<div class=\"alignfull\" data-block=\"hook:120986\">\n<article id=\"post-120986\" class=\"post-120986\">\n<div class=\"entry-content is-layout-constrained\">\n<div class=\"wp-block-columns is-layout-flex wp-container-core-columns-is-layout-28f84493 wp-block-columns-is-layout-flex\">\n<div class=\"wp-block-column is-layout-flow wp-block-column-is-layout-flow\">\n<p><em>Note: This ticket grants access to all zones except the Pagoda (main performance) and buffet areas.<\/em>&nbsp;<em>A set each person is not enough?<\/em>&nbsp;<em>Additional Shabu set is 500 THB<\/em>&nbsp;<em>Only!<\/em><\/p>\n<p><strong>Book your Shabu Ticket now before they sell out!<\/strong><\/p>\n<\/div>\n<\/div>\n<\/div>\n<\/article>\n<\/div>\n<\/div>\n<\/div>\n<\/div>\n<\/div>\n<\/div>\n<\/section>\n<\/div>\n<div class=\"alignfull\" data-block=\"hook:120973\">\n<article id=\"post-120973\" class=\"post-120973\">\n<div class=\"entry-content is-layout-constrained\">\n<figure class=\"wp-block-gallery has-nested-images columns-default is-cropped wp-block-gallery-1 is-layout-flex wp-block-gallery-is-layout-flex\">\n<figure class=\"wp-block-image size-large\"><img fetchpriority=\"high\" decoding=\"async\" class=\"wp-image-120974\" src=\"https:\/\/cdn.yipenglanternfestival.in.th\/wp-content\/uploads\/2025\/11\/cad-countdown-fireworks-769x1024.jpg\" alt=\"cad countdown fireworks\" width=\"769\" height=\"1024\" data-id=\"120974\"><\/figure>\n<figure class=\"wp-block-image size-large\"><img decoding=\"async\" class=\"wp-image-120977\" src=\"https:\/\/cdn.yipenglanternfestival.in.th\/wp-content\/uploads\/2025\/11\/CAD-Countdown-Chiang-mai-Fireworks-1-1024x669.webp\" alt=\"cad countdown chiang mai fireworks 1\" width=\"1024\" height=\"669\" data-id=\"120977\"><\/figure>\n<figure class=\"wp-block-image size-large\"><img decoding=\"async\" class=\"wp-image-120978\" src=\"https:\/\/cdn.yipenglanternfestival.in.th\/wp-content\/uploads\/2025\/11\/CAD-Countdown-Chiang-mai-Fireworks-2-1024x947.webp\" alt=\"cad countdown chiang mai fireworks 2\" width=\"1024\" height=\"947\" data-id=\"120978\"><\/figure>\n<figure class=\"wp-block-image size-large\"><img loading=\"lazy\" decoding=\"async\" class=\"wp-image-120979\" src=\"https:\/\/cdn.yipenglanternfestival.in.th\/wp-content\/uploads\/2025\/11\/CAD-Countdown-Chiang-mai-Fireworks-3-683x1024.webp\" alt=\"cad countdown chiang mai fireworks 3\" width=\"683\" height=\"1024\" data-id=\"120979\"><\/figure>\n<figure class=\"wp-block-image size-large\"><img loading=\"lazy\" decoding=\"async\" class=\"wp-image-120980\" src=\"https:\/\/cdn.yipenglanternfestival.in.th\/wp-content\/uploads\/2025\/11\/CAD-Countdown-Chiang-mai-Fireworks-4-1024x684.webp\" alt=\"cad countdown chiang mai fireworks 4\" width=\"1024\" height=\"684\" data-id=\"120980\"><\/figure>\n<figure class=\"wp-block-image size-large\"><img loading=\"lazy\" decoding=\"async\" class=\"wp-image-120981\" src=\"https:\/\/cdn.yipenglanternfestival.in.th\/wp-content\/uploads\/2025\/11\/CAD-Countdown-Chiang-mai-Fireworks-5-1024x683.webp\" alt=\"cad countdown chiang mai fireworks 5\" width=\"1024\" height=\"683\" data-id=\"120981\"><\/figure>\n<figure class=\"wp-block-image size-large\"><img loading=\"lazy\" decoding=\"async\" class=\"wp-image-120982\" src=\"https:\/\/cdn.yipenglanternfestival.in.th\/wp-content\/uploads\/2025\/11\/CAD-Countdown-Chiang-mai-Fireworks-6-1024x684.webp\" alt=\"cad countdown chiang mai fireworks 6\" width=\"1024\" height=\"684\" data-id=\"120982\"><\/figure>\n<figure class=\"wp-block-image size-large\"><img loading=\"lazy\" decoding=\"async\" class=\"wp-image-120983\" src=\"https:\/\/cdn.yipenglanternfestival.in.th\/wp-content\/uploads\/2025\/11\/CAD-Countdown-Chiang-mai-Fireworks-7-1024x593.webp\" alt=\"cad countdown chiang mai fireworks 7\" width=\"1024\" height=\"593\" data-id=\"120983\"><\/figure>\n<figure class=\"wp-block-image size-large\"><img loading=\"lazy\" decoding=\"async\" class=\"wp-image-120984\" src=\"https:\/\/cdn.yipenglanternfestival.in.th\/wp-content\/uploads\/2025\/11\/CAD-Countdown-Chiang-mai-Fireworks-8-1024x683.webp\" alt=\"cad countdown chiang mai fireworks 8\" width=\"1024\" height=\"683\" data-id=\"120984\"><\/figure>\n<\/figure>\n<\/div>\n<\/article>\n<\/div>\n<div class=\"alignfull\" data-block=\"hook:120959\">\n<article id=\"post-120959\" class=\"post-120959\">\n<div class=\"entry-content is-layout-constrained\">\n<figure class=\"wp-block-video\"><video src=\"https:\/\/video.gumlet.io\/6746815beb335fc32f90a5a5\/68bec9756a4843e6768cf596\/download.mp4\" controls=\"controls\" width=\"300\" height=\"150\" data-mce-fragment=\"1\"><\/video><\/figure>\n<\/div>\n<\/article>\n<\/div>\n<p><img loading=\"lazy\" decoding=\"async\" class=\"alignnone size-full wp-image-121122\" src=\"https:\/\/cdn.yipenglanternfestival.in.th\/wp-content\/uploads\/2025\/06\/CAD-Countdown-Itinerary-31-DEC.jpg\" alt=\"chiang mai cad new year countdown 2026 | official ticket\" width=\"1545\" height=\"2000\"><\/p>\n<p><img loading=\"lazy\" decoding=\"async\" class=\"alignnone size-full wp-image-120957\" src=\"https:\/\/cdn.yipenglanternfestival.in.th\/wp-content\/uploads\/2025\/06\/countdown-seating-map-plan-2026.webp\" alt=\"chiang mai cad new year countdown 2026 | official ticket\" width=\"1380\" height=\"900\"><\/p>\n<p>&nbsp;<\/p>\n<div class=\"XTranslate\" style=\"all: unset;\">&nbsp;<\/div>\n<div class=\"XTranslate\" style=\"all: unset;\">&nbsp;<\/div>\n<div class=\"XTranslate\" style=\"all: unset;\">&nbsp;<\/div>\n<div class=\"XTranslate\" style=\"all: unset;\">&nbsp;<\/div>\n<div class=\"XTranslate\" style=\"all: unset;\">&nbsp;<\/div>\n<div class=\"XTranslate\" style=\"all: unset;\">&nbsp;<\/div>\n<div class=\"XTranslate\" style=\"all: unset;\">&nbsp;<\/div>\n<div class=\"XTranslate\" style=\"all: unset;\"><\/div>\n","protected":false},"excerpt":{"rendered":"<h3>Event Date: 31st December 2025<\/h3>\n<p>Immerse yourself in the vibrant atmosphere of a local village festival, where the warmth of Thai hospitality meets the excitement of the New Year. Whether you\u2019re a local or a visitor, this event promises a night of wonder, celebration, and cultural discovery in the heart of Chiang Mai. Don\u2019t miss the chance to be part of this spectacular countdown to 2026!<\/p>\n<div class=\"XTranslate\" style=\"all: unset;\">&nbsp;<\/div>\n<div class=\"XTranslate\" style=\"all: unset;\">&nbsp;<\/div>\n<div class=\"XTranslate\" style=\"all: unset;\">&nbsp;<\/div>\n<div class=\"XTranslate\" style=\"all: unset;\">&nbsp;<\/div>\n<div class=\"XTranslate\" style=\"all: unset;\">&nbsp;<\/div>\n<div class=\"XTranslate\" style=\"all: unset;\">&nbsp;<\/div>\n<div class=\"XTranslate\" style=\"all: unset;\">&nbsp;<\/div>\n<div class=\"XTranslate\" style=\"all: unset;\">&nbsp;<\/div>\n<div class=\"XTranslate\" style=\"all: unset;\">&nbsp;<\/div>\n<div class=\"XTranslate\" style=\"all: unset;\"><\/div>\n","protected":false},"featured_media":15271,"comment_status":"open","ping_status":"closed","template":"","meta":{"ngg_post_thumbnail":0},"product_brand":[],"product_cat":[174],"product_tag":[],"class_list":{"0":"post-15276","1":"product","2":"type-product","3":"status-publish","4":"has-post-thumbnail","6":"product_cat-chiang-mai","8":"first","9":"outofstock","10":"shipping-taxable","11":"product-type-simple"},"yoast_head":"<!-- This site is optimized with the Yoast SEO plugin v26.7 - https:\/\/yoast.com\/wordpress\/plugins\/seo\/ -->\n<title>\u0110\u1ebfm ng\u01b0\u1ee3c \u0111\u00f3n n\u0103m m\u1edbi 2026 t\u1ea1i Chiang Mai CAD | V\u00e9 ch\u00ednh th\u1ee9c<\/title>\n<meta name=\"robots\" content=\"index, follow, max-snippet:-1, max-image-preview:large, max-video-preview:-1\" \/>\n<link rel=\"canonical\" href=\"https:\/\/culturechiangmai-ngodong.com\/vi\/product\/chiang-mai-cad-new-year-countdown-2026-official-ticket\/\" \/>\n<meta property=\"og:locale\" content=\"vi_VN\" \/>\n<meta property=\"og:locale:alternate\" content=\"en_US\" \/>\n<meta property=\"og:type\" content=\"article\" \/>\n<meta property=\"og:title\" content=\"\u0110\u1ebfm ng\u01b0\u1ee3c \u0111\u00f3n n\u0103m m\u1edbi 2026 t\u1ea1i Chiang Mai CAD | V\u00e9 ch\u00ednh th\u1ee9c\" \/>\n<meta property=\"og:description\" content=\"Event Date: 31st December 2025 Immerse yourself in the vibrant atmosphere of a local village festival, where the warmth of Thai hospitality meets the excitement of the New Year. Whether you\u2019re a local or a visitor, this event promises a night of wonder, celebration, and cultural discovery in the heart of Chiang Mai. Don\u2019t miss the chance to be part of this spectacular countdown to 2026! &nbsp; &nbsp; &nbsp; &nbsp; &nbsp; &nbsp; &nbsp; &nbsp; &nbsp;\" \/>\n<meta property=\"og:url\" content=\"https:\/\/culturechiangmai-ngodong.com\/vi\/product\/chiang-mai-cad-new-year-countdown-2026-official-ticket\/\" \/>\n<meta property=\"og:site_name\" content=\"travel\" \/>\n<meta property=\"article:modified_time\" content=\"2025-12-29T13:12:22+00:00\" \/>\n<meta property=\"og:image\" content=\"https:\/\/culturechiangmai-ngodong.com\/wp-content\/uploads\/2022\/05\/CAD-Countdown-to-2026-1.webp\" \/>\n\t<meta property=\"og:image:width\" content=\"598\" \/>\n\t<meta property=\"og:image:height\" content=\"900\" \/>\n\t<meta property=\"og:image:type\" content=\"image\/webp\" \/>\n<meta name=\"twitter:card\" content=\"summary_large_image\" \/>\n<meta name=\"twitter:label1\" content=\"\u01af\u1edbc t\u00ednh th\u1eddi gian \u0111\u1ecdc\" \/>\n\t<meta name=\"twitter:data1\" content=\"2 ph\u00fat\" \/>\n<script type=\"application\/ld+json\" class=\"yoast-schema-graph\">{\"@context\":\"https:\/\/schema.org\",\"@graph\":[{\"@type\":\"WebPage\",\"@id\":\"https:\/\/culturechiangmai-ngodong.com\/product\/chiang-mai-cad-new-year-countdown-2026-official-ticket\/\",\"url\":\"https:\/\/culturechiangmai-ngodong.com\/product\/chiang-mai-cad-new-year-countdown-2026-official-ticket\/\",\"name\":\"\u0110\u1ebfm ng\u01b0\u1ee3c \u0111\u00f3n n\u0103m m\u1edbi 2026 t\u1ea1i Chiang Mai CAD | V\u00e9 ch\u00ednh th\u1ee9c\",\"isPartOf\":{\"@id\":\"https:\/\/culturechiangmai-ngodong.com\/#website\"},\"primaryImageOfPage\":{\"@id\":\"https:\/\/culturechiangmai-ngodong.com\/product\/chiang-mai-cad-new-year-countdown-2026-official-ticket\/#primaryimage\"},\"image\":{\"@id\":\"https:\/\/culturechiangmai-ngodong.com\/product\/chiang-mai-cad-new-year-countdown-2026-official-ticket\/#primaryimage\"},\"thumbnailUrl\":\"https:\/\/culturechiangmai-ngodong.com\/wp-content\/uploads\/2022\/05\/CAD-Countdown-to-2026-1.webp\",\"datePublished\":\"2025-12-10T09:00:27+00:00\",\"dateModified\":\"2025-12-29T13:12:22+00:00\",\"breadcrumb\":{\"@id\":\"https:\/\/culturechiangmai-ngodong.com\/product\/chiang-mai-cad-new-year-countdown-2026-official-ticket\/#breadcrumb\"},\"inLanguage\":\"vi\",\"potentialAction\":[{\"@type\":\"ReadAction\",\"target\":[\"https:\/\/culturechiangmai-ngodong.com\/product\/chiang-mai-cad-new-year-countdown-2026-official-ticket\/\"]}]},{\"@type\":\"ImageObject\",\"inLanguage\":\"vi\",\"@id\":\"https:\/\/culturechiangmai-ngodong.com\/product\/chiang-mai-cad-new-year-countdown-2026-official-ticket\/#primaryimage\",\"url\":\"https:\/\/culturechiangmai-ngodong.com\/wp-content\/uploads\/2022\/05\/CAD-Countdown-to-2026-1.webp\",\"contentUrl\":\"https:\/\/culturechiangmai-ngodong.com\/wp-content\/uploads\/2022\/05\/CAD-Countdown-to-2026-1.webp\",\"width\":598,\"height\":900},{\"@type\":\"BreadcrumbList\",\"@id\":\"https:\/\/culturechiangmai-ngodong.com\/product\/chiang-mai-cad-new-year-countdown-2026-official-ticket\/#breadcrumb\",\"itemListElement\":[{\"@type\":\"ListItem\",\"position\":1,\"name\":\"Home\",\"item\":\"https:\/\/culturechiangmai-ngodong.com\/\"},{\"@type\":\"ListItem\",\"position\":2,\"name\":\"Shop\",\"item\":\"https:\/\/culturechiangmai-ngodong.com\/shop\/\"},{\"@type\":\"ListItem\",\"position\":3,\"name\":\"\u0110\u1ebfm ng\u01b0\u1ee3c \u0111\u00f3n n\u0103m m\u1edbi 2026 t\u1ea1i Chiang Mai CAD | V\u00e9 ch\u00ednh th\u1ee9c\"}]},{\"@type\":\"WebSite\",\"@id\":\"https:\/\/culturechiangmai-ngodong.com\/#website\",\"url\":\"https:\/\/culturechiangmai-ngodong.com\/\",\"name\":\"Culture Chiangmai Ngo Dong\",\"description\":\"\",\"potentialAction\":[{\"@type\":\"SearchAction\",\"target\":{\"@type\":\"EntryPoint\",\"urlTemplate\":\"https:\/\/culturechiangmai-ngodong.com\/?s={search_term_string}\"},\"query-input\":{\"@type\":\"PropertyValueSpecification\",\"valueRequired\":true,\"valueName\":\"search_term_string\"}}],\"inLanguage\":\"vi\"}]}<\/script>\n<!-- \/ Yoast SEO plugin. -->","yoast_head_json":{"title":"\u0110\u1ebfm ng\u01b0\u1ee3c \u0111\u00f3n n\u0103m m\u1edbi 2026 t\u1ea1i Chiang Mai CAD | V\u00e9 ch\u00ednh th\u1ee9c","robots":{"index":"index","follow":"follow","max-snippet":"max-snippet:-1","max-image-preview":"max-image-preview:large","max-video-preview":"max-video-preview:-1"},"canonical":"https:\/\/culturechiangmai-ngodong.com\/vi\/product\/chiang-mai-cad-new-year-countdown-2026-official-ticket\/","og_locale":"vi_VN","og_type":"article","og_title":"[:en]Chiang Mai CAD New Year Countdown 2026 | Official Ticket[:vi]\u0110\u1ebfm ng\u01b0\u1ee3c \u0111\u00f3n n\u0103m m\u1edbi 2026 t\u1ea1i Chiang Mai CAD | V\u00e9 ch\u00ednh th\u1ee9c[:] - travel","og_description":"Event Date: 31st December 2025 Immerse yourself in the vibrant atmosphere of a local village festival, where the warmth of Thai hospitality meets the excitement of the New Year. Whether you\u2019re a local or a visitor, this event promises a night of wonder, celebration, and cultural discovery in the heart of Chiang Mai. Don\u2019t miss the chance to be part of this spectacular countdown to 2026! &nbsp; &nbsp; &nbsp; &nbsp; &nbsp; &nbsp; &nbsp; &nbsp; &nbsp;","og_url":"https:\/\/culturechiangmai-ngodong.com\/vi\/product\/chiang-mai-cad-new-year-countdown-2026-official-ticket\/","og_site_name":"travel","article_modified_time":"2025-12-29T13:12:22+00:00","og_image":[{"width":598,"height":900,"url":"https:\/\/culturechiangmai-ngodong.com\/wp-content\/uploads\/2022\/05\/CAD-Countdown-to-2026-1.webp","type":"image\/webp"}],"twitter_card":"summary_large_image","twitter_misc":{"\u01af\u1edbc t\u00ednh th\u1eddi gian \u0111\u1ecdc":"2 ph\u00fat"},"schema":{"@context":"https:\/\/schema.org","@graph":[{"@type":"WebPage","@id":"https:\/\/culturechiangmai-ngodong.com\/product\/chiang-mai-cad-new-year-countdown-2026-official-ticket\/","url":"https:\/\/culturechiangmai-ngodong.com\/product\/chiang-mai-cad-new-year-countdown-2026-official-ticket\/","name":"\u0110\u1ebfm ng\u01b0\u1ee3c \u0111\u00f3n n\u0103m m\u1edbi 2026 t\u1ea1i Chiang Mai CAD | V\u00e9 ch\u00ednh th\u1ee9c","isPartOf":{"@id":"https:\/\/culturechiangmai-ngodong.com\/#website"},"primaryImageOfPage":{"@id":"https:\/\/culturechiangmai-ngodong.com\/product\/chiang-mai-cad-new-year-countdown-2026-official-ticket\/#primaryimage"},"image":{"@id":"https:\/\/culturechiangmai-ngodong.com\/product\/chiang-mai-cad-new-year-countdown-2026-official-ticket\/#primaryimage"},"thumbnailUrl":"https:\/\/culturechiangmai-ngodong.com\/wp-content\/uploads\/2022\/05\/CAD-Countdown-to-2026-1.webp","datePublished":"2025-12-10T09:00:27+00:00","dateModified":"2025-12-29T13:12:22+00:00","breadcrumb":{"@id":"https:\/\/culturechiangmai-ngodong.com\/product\/chiang-mai-cad-new-year-countdown-2026-official-ticket\/#breadcrumb"},"inLanguage":"vi","potentialAction":[{"@type":"ReadAction","target":["https:\/\/culturechiangmai-ngodong.com\/product\/chiang-mai-cad-new-year-countdown-2026-official-ticket\/"]}]},{"@type":"ImageObject","inLanguage":"vi","@id":"https:\/\/culturechiangmai-ngodong.com\/product\/chiang-mai-cad-new-year-countdown-2026-official-ticket\/#primaryimage","url":"https:\/\/culturechiangmai-ngodong.com\/wp-content\/uploads\/2022\/05\/CAD-Countdown-to-2026-1.webp","contentUrl":"https:\/\/culturechiangmai-ngodong.com\/wp-content\/uploads\/2022\/05\/CAD-Countdown-to-2026-1.webp","width":598,"height":900},{"@type":"BreadcrumbList","@id":"https:\/\/culturechiangmai-ngodong.com\/product\/chiang-mai-cad-new-year-countdown-2026-official-ticket\/#breadcrumb","itemListElement":[{"@type":"ListItem","position":1,"name":"Home","item":"https:\/\/culturechiangmai-ngodong.com\/"},{"@type":"ListItem","position":2,"name":"Shop","item":"https:\/\/culturechiangmai-ngodong.com\/shop\/"},{"@type":"ListItem","position":3,"name":"\u0110\u1ebfm ng\u01b0\u1ee3c \u0111\u00f3n n\u0103m m\u1edbi 2026 t\u1ea1i Chiang Mai CAD | V\u00e9 ch\u00ednh th\u1ee9c"}]},{"@type":"WebSite","@id":"https:\/\/culturechiangmai-ngodong.com\/#website","url":"https:\/\/culturechiangmai-ngodong.com\/","name":"Culture Chiangmai Ngo Dong","description":"","potentialAction":[{"@type":"SearchAction","target":{"@type":"EntryPoint","urlTemplate":"https:\/\/culturechiangmai-ngodong.com\/?s={search_term_string}"},"query-input":{"@type":"PropertyValueSpecification","valueRequired":true,"valueName":"search_term_string"}}],"inLanguage":"vi"}]}},"_links":{"self":[{"href":"https:\/\/culturechiangmai-ngodong.com\/vi\/wp-json\/wp\/v2\/product\/15276","targetHints":{"allow":["GET"]}}],"collection":[{"href":"https:\/\/culturechiangmai-ngodong.com\/vi\/wp-json\/wp\/v2\/product"}],"about":[{"href":"https:\/\/culturechiangmai-ngodong.com\/vi\/wp-json\/wp\/v2\/types\/product"}],"replies":[{"embeddable":true,"href":"https:\/\/culturechiangmai-ngodong.com\/vi\/wp-json\/wp\/v2\/comments?post=15276"}],"wp:featuredmedia":[{"embeddable":true,"href":"https:\/\/culturechiangmai-ngodong.com\/vi\/wp-json\/wp\/v2\/media\/15271"}],"wp:attachment":[{"href":"https:\/\/culturechiangmai-ngodong.com\/vi\/wp-json\/wp\/v2\/media?parent=15276"}],"wp:term":[{"taxonomy":"product_brand","embeddable":true,"href":"https:\/\/culturechiangmai-ngodong.com\/vi\/wp-json\/wp\/v2\/product_brand?post=15276"},{"taxonomy":"product_cat","embeddable":true,"href":"https:\/\/culturechiangmai-ngodong.com\/vi\/wp-json\/wp\/v2\/product_cat?post=15276"},{"taxonomy":"product_tag","embeddable":true,"href":"https:\/\/culturechiangmai-ngodong.com\/vi\/wp-json\/wp\/v2\/product_tag?post=15276"}],"curies":[{"name":"wp","href":"https:\/\/api.w.org\/{rel}","templated":true}]}}