{"id":15315,"date":"2025-11-11T05:59:28","date_gmt":"2025-11-11T05:59:28","guid":{"rendered":"https:\/\/culturechiangmai-ngodong.com\/?post_type=product&#038;p=15315"},"modified":"2026-04-14T07:37:12","modified_gmt":"2026-04-14T07:37:12","slug":"chiang-mai-cad-yi-peng-khomloy-sky-lantern-festival-2026","status":"publish","type":"product","link":"https:\/\/culturechiangmai-ngodong.com\/vi\/product\/chiang-mai-cad-yi-peng-khomloy-sky-lantern-festival-2026\/","title":{"rendered":"L\u1ec5 h\u1ed9i CAD th\u1ea3 \u0111\u00e8n tr\u1eddi t\u1ea1i Chiangmai 2026"},"content":{"rendered":"<p><span style=\"font-size: 14pt;\"><b>L\u1ec5 h\u1ed9i CAD th\u1ea3 \u0111\u00e8n tr\u1eddi t\u1ea1i Chiangmai 2026<\/b><\/span><\/p>\n<p><span style=\"font-size: 14pt;\"><b>24 th\u00e1ng 11 n\u0103m 2026 &#038; 25 th\u00e1ng 11 n\u0103m 2026 | Chiangmai CAD Khomloy Eco-Friendly Sky Lanterns Festival 2026<\/b><\/span><\/p>\n<p><span style=\"font-size: 14pt;\"><span style=\"font-weight: 400;\">S\u1ef1 ki\u1ec7n t\u00e1i hi\u1ec7n l\u1ea1i nhi\u1ec1u&nbsp;n\u00e9t&nbsp;\u0111\u1eb7c&nbsp;tr\u01b0ng&nbsp;v\u1ec1&nbsp;s\u1eafc&nbsp;th\u00e1i&nbsp;<\/span><b>v\u0103n&nbsp;h\u00f3a&nbsp;d\u00e2n&nbsp;t\u1ed9c&nbsp;Lanna<\/b><span style=\"font-weight: 400;\"> t\u1ea1i Chiangmai th\u00f4ng qua vi\u1ec7c tr\u1ea3i nghi\u1ec7m tham gia tr\u1ef1c ti\u1ebfp v\u00e0o nh\u1eefng ho\u1ea1t \u0111\u1ed9ng truy\u1ec1n th\u1ed1ng c\u0169ng nh\u01b0 th\u01b0\u1edfng th\u1ee9c c\u00e1c m\u00f3n \u0103n\/th\u1ee9c u\u1ed1ng \u0111\u1eb7c tr\u01b0ng \u0111\u1ecba ph\u01b0\u01a1ng mi\u1ec1n B\u1eafc Th\u00e1i Lan \u0111\u01b0\u1ee3c t\u1ed5 ch\u1ee9c b\u1edfi Chiang Mai Arts &#038; Design (CAD).&nbsp;<\/span><\/span><\/p>\n<p><span style=\"font-weight: 400; font-size: 14pt;\">H\u00e3y l\u1ef1a ch\u1ecdn c\u00e1c h\u1ea1ng v\u00e9 s\u1eb5n c\u00f3 t\u1ea1i l\u1ec5 h\u1ed9i: Standard, VIP, Premium, Gold, Platinum v\u00e0 Elite.<\/span><\/p>\n<p><span style=\"font-size: 14pt;\"><span style=\"color: #ff0000;\"><b>MI\u1ec4N PH\u00cd V\u00c9 V\u00c0O C\u1ed4NG CHO TR\u1eba EM D\u01af\u1edaI 7 TU\u1ed4I <\/b><\/span><span style=\"font-weight: 400;\">(<\/span><i><span style=\"font-weight: 400;\">Tr\u1ebb em s\u1ebd ng\u1ed3i chung gh\u1ebf v\u1edbi ng\u01b0\u1eddi l\u1edbn \u0111i c\u00f9ng)<\/span><\/i> <span style=\"font-weight: 400;\"><br \/>\n<\/span><span style=\"color: #ff0000;\"><b><i>[T\u1ea5t c\u1ea3 gi\u00e1 v\u00e9 \u0111\u00e3 \u1ea5n \u0111\u1ecbnh. Kh\u00f4ng ho\u00e0n tr\u1ea3 ti\u1ec1n v\u00e9]<\/i><\/b><\/span><\/span><\/p>\n<p><span style=\"font-size: 14pt;\"><b>Chi ti\u1ebft&nbsp;<\/b><\/span><\/p>\n<p><span style=\"font-weight: 400; font-size: 14pt;\">Ch\u00e0o m\u1eebng b\u1ea1n \u0111\u1ebfn v\u1edbi l\u1ec5 h\u1ed9i th\u1ea3 \u0111\u00e8n tr\u1eddi 2026 t\u1ea1i Chiangmai \u0111\u01b0\u1ee3c t\u1ed5 ch\u1ee9c b\u1edfi Chiang Mai Arts and Design (CAD). S\u1ef1 ki\u1ec7n tuy\u1ec7t v\u1eddi n\u00e0y \u0111\u00e3 \u0111\u01b0\u1ee3c t\u1ed5 ch\u1ee9c th\u00e0nh c\u00f4ng r\u1ef1c r\u1ee1 r\u1ea5t nhi\u1ec1u n\u0103m v\u00e0 mang l\u1ea1i h\u00e2n hoan v\u00e0 m\u00e3n nguy\u1ec7n cho t\u1ea5t c\u1ea3 du kh\u00e1ch tr\u00ean th\u1ebf gi\u1edbi \u0111\u1ebfn tham d\u1ef1.<\/span><\/p>\n<p><span style=\"font-weight: 400; font-size: 14pt;\">H\u00e3y \u0111\u1ebfn v\u00e0 c\u00f9ng nhau bi\u1ebfn s\u1ef1 ki\u1ec7n n\u00e0y th\u00e0nh kho\u1ea3nh kh\u1eafc \u0111\u00e1ng nh\u1edb nh\u1ea5t trong cu\u1ed9c \u0111\u1eddi c\u1ee7a b\u1ea1n!<\/span><\/p>\n<p><img fetchpriority=\"high\" decoding=\"async\" class=\"aligncenter wp-image-15369 size-full\" src=\"https:\/\/culturechiangmai-ngodong.com\/wp-content\/uploads\/2025\/11\/venue.jpg\" alt=\"\" width=\"686\" height=\"803\" srcset=\"https:\/\/culturechiangmai-ngodong.com\/wp-content\/uploads\/2025\/11\/venue.jpg 686w, https:\/\/culturechiangmai-ngodong.com\/wp-content\/uploads\/2025\/11\/venue-600x702.jpg 600w, https:\/\/culturechiangmai-ngodong.com\/wp-content\/uploads\/2025\/11\/venue-768x898.jpg 768w\" sizes=\"(max-width: 686px) 100vw, 686px\" \/><\/p>\n<p><b><span style=\"font-size: 14pt;\">Ho\u1ea1t \u0111\u1ed9ng truy\u1ec1n th\u1ed1ng<\/span> <\/b><\/p>\n<p>ngg_shortcode_0_placeholder<span style=\"font-size: 14pt;\"><b>Khu v\u1ef1c \u1ea9m th\u1ef1c<\/b><\/span><\/p>\n<p>ngg_shortcode_1_placeholder<span style=\"font-size: 14pt;\"><strong>C\u00e1c lo\u1ea1i \u0111\u1ed3 \u0103n th\u1ee9c u\u1ed1ng<\/strong><\/span><\/p>\n<p>ngg_shortcode_2_placeholder<span style=\"font-size: 14pt;\"><b>H\u1ea1ng v\u00e9<\/b><\/span><\/p>\n<p><img decoding=\"async\" class=\"aligncenter wp-image-16421 size-full\" src=\"https:\/\/culturechiangmai-ngodong.com\/wp-content\/uploads\/2025\/11\/Anh-chup-man-hinh-2025-12-22-122847.png\" alt=\"\" width=\"907\" height=\"420\" srcset=\"https:\/\/culturechiangmai-ngodong.com\/wp-content\/uploads\/2025\/11\/Anh-chup-man-hinh-2025-12-22-122847.png 907w, https:\/\/culturechiangmai-ngodong.com\/wp-content\/uploads\/2025\/11\/Anh-chup-man-hinh-2025-12-22-122847-768x355.png 768w, https:\/\/culturechiangmai-ngodong.com\/wp-content\/uploads\/2025\/11\/Anh-chup-man-hinh-2025-12-22-122847-600x277.png 600w\" sizes=\"(max-width: 907px) 100vw, 907px\" \/> <img decoding=\"async\" class=\"aligncenter wp-image-16422 size-full\" src=\"https:\/\/culturechiangmai-ngodong.com\/wp-content\/uploads\/2025\/11\/Anh-chup-man-hinh-2025-12-22-123451.png\" alt=\"\" width=\"910\" height=\"252\" srcset=\"https:\/\/culturechiangmai-ngodong.com\/wp-content\/uploads\/2025\/11\/Anh-chup-man-hinh-2025-12-22-123451.png 910w, https:\/\/culturechiangmai-ngodong.com\/wp-content\/uploads\/2025\/11\/Anh-chup-man-hinh-2025-12-22-123451-768x212.png 768w, https:\/\/culturechiangmai-ngodong.com\/wp-content\/uploads\/2025\/11\/Anh-chup-man-hinh-2025-12-22-123451-600x166.png 600w\" sizes=\"(max-width: 910px) 100vw, 910px\" \/><\/p>\n<p><strong><span style=\"font-size: 14pt;\"><span dir=\"auto\" style=\"vertical-align: inherit;\"><span dir=\"auto\" style=\"vertical-align: inherit;\"><span dir=\"auto\" style=\"vertical-align: inherit;\"><span dir=\"auto\" style=\"vertical-align: inherit;\"><span dir=\"auto\" style=\"vertical-align: inherit;\"><span dir=\"auto\" style=\"vertical-align: inherit;\">B\u1ea3n \u0111\u1ed3<\/span><\/span><\/span><\/span><\/span><\/span><\/span><\/strong><\/p>\n<p><img loading=\"lazy\" decoding=\"async\" class=\"wp-image-15412 size-full aligncenter\" src=\"https:\/\/culturechiangmai-ngodong.com\/wp-content\/uploads\/2025\/11\/seat-map.jpg\" alt=\"\" width=\"861\" height=\"759\" srcset=\"https:\/\/culturechiangmai-ngodong.com\/wp-content\/uploads\/2025\/11\/seat-map.jpg 861w, https:\/\/culturechiangmai-ngodong.com\/wp-content\/uploads\/2025\/11\/seat-map-600x528.jpg 600w, https:\/\/culturechiangmai-ngodong.com\/wp-content\/uploads\/2025\/11\/seat-map-768x677.jpg 768w\" sizes=\"(max-width: 861px) 100vw, 861px\" \/><img loading=\"lazy\" decoding=\"async\" class=\"aligncenter wp-image-15411 size-full\" src=\"https:\/\/culturechiangmai-ngodong.com\/wp-content\/uploads\/2025\/11\/seat-map-1.jpg\" alt=\"\" width=\"2000\" height=\"1333\" srcset=\"https:\/\/culturechiangmai-ngodong.com\/wp-content\/uploads\/2025\/11\/seat-map-1.jpg 2000w, https:\/\/culturechiangmai-ngodong.com\/wp-content\/uploads\/2025\/11\/seat-map-1-600x399.jpg 600w, https:\/\/culturechiangmai-ngodong.com\/wp-content\/uploads\/2025\/11\/seat-map-1-768x511.jpg 768w\" sizes=\"(max-width: 2000px) 100vw, 2000px\" \/><\/p>\n<p><span style=\"font-size: 14pt;\"><b>Ph\u01b0\u01a1ng ti\u1ec7n \u0111\u01b0a \u0111\u00f3n<\/b><\/span><\/p>\n<p><span style=\"font-size: 14pt;\"><span style=\"font-weight: 400;\">Gi\u00e1 v\u00e9 b\u1ea1n mua tr\u00ean website n\u00e0y <\/span><b>\u0111\u00e3 bao g\u1ed3m xe \u0111\u01b0a \u0111\u00f3n (xe m\u00e1y l\u1ea1nh 9 ch\u1ed7) k\u00e8m v\u1edbi 1 b\u1ea1n h\u01b0\u1edbng d\u1eabn n\u00f3i ti\u1ebfng Anh s\u1ebd \u0111\u01b0a \u0111\u00f3n <\/b><span style=\"color: #ff0000;\"><b>t\u1eeb \u0111i\u1ec3m \u0111\u00f3n\/tr\u1ea3 \u0111\u1ebfn khu v\u1ef1c l\u1ec5 h\u1ed9i<\/b><\/span> <span style=\"font-weight: 400;\">(kho\u1ea3ng c\u00e1ch ~20-25km).&nbsp;<\/span><\/span><\/p>\n<p><span style=\"font-weight: 400; font-size: 14pt;\">Trong tr\u01b0\u1eddng h\u1ee3p b\u1ea1n mua v\u00e9 combo (v\u00e9 l\u1ec5 h\u1ed9i + kh\u00e1ch s\u1ea1n) \u1edf website n\u00e0y th\u00ec b\u1ea1n s\u1ebd \u0111\u01b0\u1ee3c \u0111\u00f3n\/tr\u1ea3 t\u1ea1i kh\u00e1ch s\u1ea1n \u0111\u1ebfn khu v\u1ef1c l\u1ec5 h\u1ed9i<\/span><\/p>\n<p><span style=\"font-size: 14pt;\"><b>V\u1ecb tr\u00ed \u0111i\u1ec3m \u0111\u00f3n\/tr\u1ea3<\/b><span style=\"font-weight: 400;\">: s\u1ebd \u0111\u01b0\u1ee3c c\u1eadp nh\u1eadt s\u1edbm \u0111\u1ebfn b\u1ea1n tr\u00ean website n\u00e0y<\/span><\/span><\/p>\n<p><span style=\"font-weight: 400; font-size: 14pt;\">Trong tr\u01b0\u1eddng h\u1ee3p b\u1ea1n \u0111i chung v\u1edbi tr\u1ebb em d\u01b0\u1edbi 7 tu\u1ed5i, th\u00f4ng b\u00e1o s\u1edbm v\u1edbi ch\u00fang m\u00ecnh \u0111\u1ec3 \u0111\u01b0\u1ee3c s\u1eafp x\u1ebfp ch\u1ed7 ng\u1ed3i tr\u00ean xe \u0111\u01b0a \u0111\u00f3n ph\u00f9 h\u1ee3p<\/span><\/p>\n<p><img loading=\"lazy\" decoding=\"async\" class=\"aligncenter wp-image-15414 size-full\" src=\"https:\/\/culturechiangmai-ngodong.com\/wp-content\/uploads\/2025\/11\/xe1.jpg\" alt=\"\" width=\"1280\" height=\"960\" srcset=\"https:\/\/culturechiangmai-ngodong.com\/wp-content\/uploads\/2025\/11\/xe1.jpg 1280w, https:\/\/culturechiangmai-ngodong.com\/wp-content\/uploads\/2025\/11\/xe1-600x450.jpg 600w, https:\/\/culturechiangmai-ngodong.com\/wp-content\/uploads\/2025\/11\/xe1-768x576.jpg 768w\" sizes=\"(max-width: 1280px) 100vw, 1280px\" \/> <img loading=\"lazy\" decoding=\"async\" class=\"aligncenter wp-image-15413 size-large\" src=\"https:\/\/culturechiangmai-ngodong.com\/wp-content\/uploads\/2025\/11\/xe2-1024x1024.jpg\" alt=\"\" width=\"1024\" height=\"1024\" srcset=\"https:\/\/culturechiangmai-ngodong.com\/wp-content\/uploads\/2025\/11\/xe2-1024x1024.jpg 1024w, https:\/\/culturechiangmai-ngodong.com\/wp-content\/uploads\/2025\/11\/xe2-100x100.jpg 100w, https:\/\/culturechiangmai-ngodong.com\/wp-content\/uploads\/2025\/11\/xe2-150x150.jpg 150w, https:\/\/culturechiangmai-ngodong.com\/wp-content\/uploads\/2025\/11\/xe2-1536x1536.jpg 1536w, https:\/\/culturechiangmai-ngodong.com\/wp-content\/uploads\/2025\/11\/xe2-2048x2048.jpg 2048w\" sizes=\"(max-width: 1024px) 100vw, 1024px\" \/><\/p>\n<p><span style=\"font-size: 14pt;\"><b>Ch\u00ednh s\u00e1ch li\u00ean quan \u0111\u1ebfn tr\u1ebb em&nbsp;<\/b><\/span><\/p>\n<ol>\n<li style=\"font-weight: 400;\" aria-level=\"1\"><span style=\"font-weight: 400; font-size: 14pt;\">Tr\u1ebb em t\u1eeb 0-7 tu\u1ed5i \u0111\u01b0\u1ee3c mi\u1ec5n ph\u00ed v\u00e9 v\u00e0o khu v\u1ef1c l\u1ec5 h\u1ed9i.&nbsp;<\/span><\/li>\n<li style=\"font-weight: 400;\" aria-level=\"1\"><span style=\"font-size: 14pt;\"><span style=\"font-weight: 400;\">S\u1ed1 l\u01b0\u1ee3ng tr\u1ebb em kh\u00f4ng \u0111\u01b0\u1ee3c v\u01b0\u1ee3t qu\u00e1 s\u1ed1 l\u01b0\u1ee3ng ng\u01b0\u1eddi l\u1edbn \u0111i c\u00f9ng. (V\u00ed d\u1ee5: <\/span><span style=\"font-weight: 400;\">2 ng\u01b0\u1eddi l\u1edbn 3 tr\u1ebb em)&nbsp;<\/span><\/span><\/li>\n<li style=\"font-weight: 400;\" aria-level=\"1\"><span style=\"font-weight: 400; font-size: 14pt;\">Tr\u1ebb em \u0111\u01b0\u1ee3c mi\u1ec5n ph\u00ed v\u00e0o khu v\u1ef1c \u1ea9m th\u1ef1c c\u00f9ng v\u1edbi ng\u01b0\u1eddi l\u1edbn \u0111i c\u00f9ng.&nbsp;<\/span><\/li>\n<li style=\"font-weight: 400;\" aria-level=\"1\"><span style=\"font-weight: 400; font-size: 14pt;\">Gh\u1ebf ng\u1ed3i s\u1ebd kh\u00f4ng \u0111\u01b0\u1ee3c cung c\u1ea5p, tr\u1ebb em \u0111\u01b0\u1ee3c \u0111\u00f2i h\u1ecfi ng\u1ed3i chung gh\u1ebf v\u1edbi ng\u01b0\u1eddi l\u1edbn \u0111i c\u00f9ng.&nbsp;<\/span><\/li>\n<li style=\"font-weight: 400;\" aria-level=\"1\"><span style=\"font-weight: 400; font-size: 14pt;\">Xe \u0111\u1ea9y tr\u1ebb em \u0111\u01b0\u1ee3c ph\u00e9p \u0111\u01b0a v\u00e0o khu v\u1ef1c l\u1ec5 h\u1ed9i. Tuy nhi\u00ean, ch\u00fa \u00fd r\u1eb1ng \u0111\u01b0\u1eddng \u0111i b\u1ed9 trong khu v\u1ef1c l\u1ec5 h\u1ed9i g\u1ed3 gh\u1ec1 kh\u00f4ng th\u00edch h\u1ee3p cho xe \u0111\u1ea9y.<\/span><\/li>\n<li style=\"font-weight: 400;\" aria-level=\"1\"><span style=\"font-weight: 400; font-size: 14pt;\">Gh\u1ebf b\u00ean ngo\u00e0i s\u1ebd kh\u00f4ng \u0111\u01b0\u1ee3c ph\u00e9p s\u1eed d\u1ee5ng trong khu v\u1ef1c l\u1ec5 h\u1ed9i.&nbsp;<\/span><\/li>\n<li style=\"font-weight: 400;\" aria-level=\"1\"><span style=\"font-weight: 400; font-size: 14pt;\">Tr\u00e1ch nhi\u1ec7m c\u1ee7a cha m\u1eb9 l\u00e0 \u0111\u1ea3m b\u1ea3o an to\u00e0n cho tr\u1ebb \u0111i c\u00f9ng trong su\u1ed1t th\u1eddi gian l\u1ec5 h\u1ed9i di\u1ec5n ra. Ban t\u1ed5 ch\u1ee9c s\u1ebd kh\u00f4ng ch\u1ecbu tr\u00e1ch nhi\u1ec7m v\u1edbi b\u1ea5t k\u1ef3 ch\u1ea5n th\u01b0\u01a1ng hay h\u01b0 h\u1ecfng n\u00e0o x\u1ea3y ra. T\u1ea5t c\u1ea3 kh\u00e1ch tham d\u1ef1 \u0111\u01b0\u1ee3c c\u1ea3nh b\u00e1o c\u00e1c \u0111i\u1ec3m c\u1ea7n thi\u1ebft tr\u01b0\u1edbc khi \u0111\u1ebfn l\u1ec5 h\u1ed9i \u0111\u1ec3 \u0111\u1ea3m b\u1ea3o an to\u00e0n cho t\u1ea5t c\u1ea3 m\u1ecdi ng\u01b0\u1eddi tham gia l\u1ec5 h\u1ed9i.&nbsp;<\/span><\/li>\n<\/ol>\n<p><span style=\"font-size: 14pt;\"><b>An ninh&nbsp;<\/b><\/span><\/p>\n<ul>\n<li style=\"font-weight: 400;\" aria-level=\"1\"><span style=\"font-weight: 400; font-size: 14pt;\">Cung c\u1ea5p d\u1ecbch v\u1ee5 c\u1ea5p c\u1ee9u cho kh\u00e1ch tham gia s\u1ef1 ki\u1ec7n khi c\u1ea7n c\u1ea5p c\u1ee9u kh\u1ea9n c\u1ea5p.<\/span><\/li>\n<li style=\"font-weight: 400;\" aria-level=\"1\"><span style=\"font-weight: 400; font-size: 14pt;\">Cung c\u1ea5p xe c\u1ee9u h\u1ecfa v\u00e0 \u0111\u1ed9i h\u00ecnh c\u1ee9u h\u1ed9 \u0111\u1ec3 \u0111\u1ea3m b\u1ea3o an to\u00e0n khi c\u00f3 s\u1ef1 vi\u1ec7c kh\u1ea9n c\u1ea5p x\u1ea3y ra.<\/span><\/li>\n<li style=\"font-weight: 400;\" aria-level=\"1\"><span style=\"font-weight: 400; font-size: 14pt;\">C\u00f3 c\u1ea3nh s\u00e1t hi\u1ec7n di\u1ec7n \u0111\u1ec3 \u0111\u1ea3m b\u1ea3o an to\u00e0n cho du kh\u00e1ch tham d\u1ef1.<\/span><\/li>\n<li style=\"font-weight: 400;\" aria-level=\"1\"><span style=\"font-weight: 400; font-size: 14pt;\">B\u1edfi v\u00ec ho\u1ea1t \u0111\u1ed9ng \u0111\u1ecdc kinh c\u1ea7u nguy\u1ec7n v\u00e0 th\u1ea3 \u0111\u00e8n tr\u1eddi l\u00e0 ph\u1ea7n quan tr\u1ecdng trong Ph\u1eadt gi\u00e1o n\u00ean du kh\u00e1ch tham d\u1ef1 c\u1ea7n tu\u00e2n th\u1ee7 h\u01b0\u1edbng d\u1eabn c\u1ee7a ng\u01b0\u1eddi d\u1eabn ch\u01b0\u01a1ng tr\u00ecnh m\u1ed9t c\u00e1ch nghi\u00eam ng\u1eb7t.&nbsp;<\/span><\/li>\n<li style=\"font-weight: 400;\" aria-level=\"1\"><span style=\"font-weight: 400; font-size: 14pt;\">Ph\u00e1o, v\u0169 kh\u00ed, c\u00e1c thi\u1ebft b\u1ecb \u0111\u00e1nh b\u1ea1c, \u0111\u00e8n tr\u1eddi, c\u00e1c v\u1eadt d\u1ee5ng b\u1ea5t h\u1ee3p h\u1ee3p ph\u00e1p v\u00e0 c\u00e1c lo\u1ea1i \u0111\u1ed3 u\u1ed1ng c\u00f3 c\u1ed3n b\u1ecb c\u1ea5m mang v\u00e0o l\u1ec5 h\u1ed9i.<\/span><\/li>\n<li style=\"font-weight: 400;\" aria-level=\"1\"><span style=\"font-weight: 400; font-size: 14pt;\">Ng\u01b0\u1eddi tham d\u1ef1 \u0111\u01b0\u1ee3c y\u00eau c\u1ea7u b\u1eadn trang ph\u1ee5c truy\u1ec1n th\u1ed1ng c\u1ee7a d\u00e2n t\u1ed9c Lanna ho\u1eb7c trang ph\u1ee5c l\u1ecbch s\u1ef1 khi tham gia l\u1ec5 h\u1ed9i.<\/span><\/li>\n<li style=\"font-weight: 400;\" aria-level=\"1\"><span style=\"font-weight: 400; font-size: 14pt;\">Ng\u01b0\u1eddi tham d\u1ef1 c\u1ea7n t\u00f4n tr\u1ecdng s\u1ef1 linh thi\u00eang c\u1ee7a bu\u1ed5i l\u1ec5 c\u1ea7u nguy\u1ec7n trong l\u1ec5 h\u1ed9i n\u00e0y.<\/span><\/li>\n<li style=\"font-weight: 400;\" aria-level=\"1\"><span style=\"font-weight: 400; font-size: 14pt;\">C\u1ea5m h\u00fat thu\u1ed1c v\u00e0 c\u00e1c \u0111\u1ed3 u\u1ed1ng c\u00f3 c\u1ed3n<\/span><\/li>\n<\/ul>\n","protected":false},"excerpt":{"rendered":"<p>&nbsp;<\/p>\n<div class=\"XTranslate\" style=\"all: unset;\">&nbsp;<\/div>\n","protected":false},"featured_media":16266,"comment_status":"open","ping_status":"closed","template":"","meta":{"ngg_post_thumbnail":0},"product_brand":[],"product_cat":[174],"product_tag":[],"class_list":{"0":"post-15315","1":"product","2":"type-product","3":"status-publish","4":"has-post-thumbnail","6":"product_cat-chiang-mai","8":"first","9":"instock","10":"shipping-taxable","11":"purchasable","12":"product-type-variable","13":"has-default-attributes"},"yoast_head":"<!-- This site is optimized with the Yoast SEO plugin v26.7 - https:\/\/yoast.com\/wordpress\/plugins\/seo\/ -->\n<title>L\u1ec5 h\u1ed9i CAD th\u1ea3 \u0111\u00e8n tr\u1eddi t\u1ea1i Chiangmai 2026<\/title>\n<meta name=\"robots\" content=\"index, follow, max-snippet:-1, max-image-preview:large, max-video-preview:-1\" \/>\n<link rel=\"canonical\" href=\"https:\/\/culturechiangmai-ngodong.com\/vi\/product\/chiang-mai-cad-yi-peng-khomloy-sky-lantern-festival-2026\/\" \/>\n<meta property=\"og:locale\" content=\"vi_VN\" \/>\n<meta property=\"og:locale:alternate\" content=\"en_US\" \/>\n<meta property=\"og:type\" content=\"article\" \/>\n<meta property=\"og:title\" content=\"L\u1ec5 h\u1ed9i CAD th\u1ea3 \u0111\u00e8n tr\u1eddi t\u1ea1i Chiangmai 2026\" \/>\n<meta property=\"og:description\" content=\"&nbsp; &nbsp;\" \/>\n<meta property=\"og:url\" content=\"https:\/\/culturechiangmai-ngodong.com\/vi\/product\/chiang-mai-cad-yi-peng-khomloy-sky-lantern-festival-2026\/\" \/>\n<meta property=\"og:site_name\" content=\"travel\" \/>\n<meta property=\"article:modified_time\" content=\"2026-04-14T07:37:12+00:00\" \/>\n<meta property=\"og:image\" content=\"https:\/\/culturechiangmai-ngodong.com\/wp-content\/uploads\/2025\/11\/yeepeng-cut-min-768x922.png\" \/>\n\t<meta property=\"og:image:width\" content=\"768\" \/>\n\t<meta property=\"og:image:height\" content=\"922\" \/>\n\t<meta property=\"og:image:type\" content=\"image\/png\" \/>\n<meta name=\"twitter:card\" content=\"summary_large_image\" \/>\n<meta name=\"twitter:label1\" content=\"\u01af\u1edbc t\u00ednh th\u1eddi gian \u0111\u1ecdc\" \/>\n\t<meta name=\"twitter:data1\" content=\"5 ph\u00fat\" \/>\n<script type=\"application\/ld+json\" class=\"yoast-schema-graph\">{\"@context\":\"https:\/\/schema.org\",\"@graph\":[{\"@type\":\"WebPage\",\"@id\":\"https:\/\/culturechiangmai-ngodong.com\/vi\/product\/chiang-mai-cad-yi-peng-khomloy-sky-lantern-festival-2026\/\",\"url\":\"https:\/\/culturechiangmai-ngodong.com\/vi\/product\/chiang-mai-cad-yi-peng-khomloy-sky-lantern-festival-2026\/\",\"name\":\"L\u1ec5 h\u1ed9i CAD th\u1ea3 \u0111\u00e8n tr\u1eddi t\u1ea1i Chiangmai 2026\",\"isPartOf\":{\"@id\":\"https:\/\/culturechiangmai-ngodong.com\/#website\"},\"primaryImageOfPage\":{\"@id\":\"https:\/\/culturechiangmai-ngodong.com\/vi\/product\/chiang-mai-cad-yi-peng-khomloy-sky-lantern-festival-2026\/#primaryimage\"},\"image\":{\"@id\":\"https:\/\/culturechiangmai-ngodong.com\/vi\/product\/chiang-mai-cad-yi-peng-khomloy-sky-lantern-festival-2026\/#primaryimage\"},\"thumbnailUrl\":\"https:\/\/culturechiangmai-ngodong.com\/wp-content\/uploads\/2025\/11\/yeepeng-cut-min.png\",\"datePublished\":\"2025-11-11T05:59:28+00:00\",\"dateModified\":\"2026-04-14T07:37:12+00:00\",\"breadcrumb\":{\"@id\":\"https:\/\/culturechiangmai-ngodong.com\/vi\/product\/chiang-mai-cad-yi-peng-khomloy-sky-lantern-festival-2026\/#breadcrumb\"},\"inLanguage\":\"vi\",\"potentialAction\":[{\"@type\":\"ReadAction\",\"target\":[\"https:\/\/culturechiangmai-ngodong.com\/vi\/product\/chiang-mai-cad-yi-peng-khomloy-sky-lantern-festival-2026\/\"]}]},{\"@type\":\"ImageObject\",\"inLanguage\":\"vi\",\"@id\":\"https:\/\/culturechiangmai-ngodong.com\/vi\/product\/chiang-mai-cad-yi-peng-khomloy-sky-lantern-festival-2026\/#primaryimage\",\"url\":\"https:\/\/culturechiangmai-ngodong.com\/wp-content\/uploads\/2025\/11\/yeepeng-cut-min.png\",\"contentUrl\":\"https:\/\/culturechiangmai-ngodong.com\/wp-content\/uploads\/2025\/11\/yeepeng-cut-min.png\",\"width\":2012,\"height\":2417},{\"@type\":\"BreadcrumbList\",\"@id\":\"https:\/\/culturechiangmai-ngodong.com\/vi\/product\/chiang-mai-cad-yi-peng-khomloy-sky-lantern-festival-2026\/#breadcrumb\",\"itemListElement\":[{\"@type\":\"ListItem\",\"position\":1,\"name\":\"Home\",\"item\":\"https:\/\/culturechiangmai-ngodong.com\/\"},{\"@type\":\"ListItem\",\"position\":2,\"name\":\"Shop\",\"item\":\"https:\/\/culturechiangmai-ngodong.com\/shop\/\"},{\"@type\":\"ListItem\",\"position\":3,\"name\":\"L\u1ec5 h\u1ed9i CAD th\u1ea3 \u0111\u00e8n tr\u1eddi t\u1ea1i Chiangmai 2026\"}]},{\"@type\":\"WebSite\",\"@id\":\"https:\/\/culturechiangmai-ngodong.com\/#website\",\"url\":\"https:\/\/culturechiangmai-ngodong.com\/\",\"name\":\"Culture Chiangmai Ngo Dong\",\"description\":\"\",\"potentialAction\":[{\"@type\":\"SearchAction\",\"target\":{\"@type\":\"EntryPoint\",\"urlTemplate\":\"https:\/\/culturechiangmai-ngodong.com\/?s={search_term_string}\"},\"query-input\":{\"@type\":\"PropertyValueSpecification\",\"valueRequired\":true,\"valueName\":\"search_term_string\"}}],\"inLanguage\":\"vi\"}]}<\/script>\n<!-- \/ Yoast SEO plugin. -->","yoast_head_json":{"title":"L\u1ec5 h\u1ed9i CAD th\u1ea3 \u0111\u00e8n tr\u1eddi t\u1ea1i Chiangmai 2026","robots":{"index":"index","follow":"follow","max-snippet":"max-snippet:-1","max-image-preview":"max-image-preview:large","max-video-preview":"max-video-preview:-1"},"canonical":"https:\/\/culturechiangmai-ngodong.com\/vi\/product\/chiang-mai-cad-yi-peng-khomloy-sky-lantern-festival-2026\/","og_locale":"vi_VN","og_type":"article","og_title":"[:en]Chiang Mai CAD Khomloy Sky Lantern Festival 2026[:vi]L\u1ec5 h\u1ed9i CAD th\u1ea3 \u0111\u00e8n tr\u1eddi t\u1ea1i Chiangmai 2026[:] - travel","og_description":"&nbsp; &nbsp;","og_url":"https:\/\/culturechiangmai-ngodong.com\/vi\/product\/chiang-mai-cad-yi-peng-khomloy-sky-lantern-festival-2026\/","og_site_name":"travel","article_modified_time":"2026-04-14T07:37:12+00:00","og_image":[{"width":768,"height":922,"url":"https:\/\/culturechiangmai-ngodong.com\/wp-content\/uploads\/2025\/11\/yeepeng-cut-min-768x922.png","type":"image\/png"}],"twitter_card":"summary_large_image","twitter_misc":{"\u01af\u1edbc t\u00ednh th\u1eddi gian \u0111\u1ecdc":"5 ph\u00fat"},"schema":{"@context":"https:\/\/schema.org","@graph":[{"@type":"WebPage","@id":"https:\/\/culturechiangmai-ngodong.com\/vi\/product\/chiang-mai-cad-yi-peng-khomloy-sky-lantern-festival-2026\/","url":"https:\/\/culturechiangmai-ngodong.com\/vi\/product\/chiang-mai-cad-yi-peng-khomloy-sky-lantern-festival-2026\/","name":"L\u1ec5 h\u1ed9i CAD th\u1ea3 \u0111\u00e8n tr\u1eddi t\u1ea1i Chiangmai 2026","isPartOf":{"@id":"https:\/\/culturechiangmai-ngodong.com\/#website"},"primaryImageOfPage":{"@id":"https:\/\/culturechiangmai-ngodong.com\/vi\/product\/chiang-mai-cad-yi-peng-khomloy-sky-lantern-festival-2026\/#primaryimage"},"image":{"@id":"https:\/\/culturechiangmai-ngodong.com\/vi\/product\/chiang-mai-cad-yi-peng-khomloy-sky-lantern-festival-2026\/#primaryimage"},"thumbnailUrl":"https:\/\/culturechiangmai-ngodong.com\/wp-content\/uploads\/2025\/11\/yeepeng-cut-min.png","datePublished":"2025-11-11T05:59:28+00:00","dateModified":"2026-04-14T07:37:12+00:00","breadcrumb":{"@id":"https:\/\/culturechiangmai-ngodong.com\/vi\/product\/chiang-mai-cad-yi-peng-khomloy-sky-lantern-festival-2026\/#breadcrumb"},"inLanguage":"vi","potentialAction":[{"@type":"ReadAction","target":["https:\/\/culturechiangmai-ngodong.com\/vi\/product\/chiang-mai-cad-yi-peng-khomloy-sky-lantern-festival-2026\/"]}]},{"@type":"ImageObject","inLanguage":"vi","@id":"https:\/\/culturechiangmai-ngodong.com\/vi\/product\/chiang-mai-cad-yi-peng-khomloy-sky-lantern-festival-2026\/#primaryimage","url":"https:\/\/culturechiangmai-ngodong.com\/wp-content\/uploads\/2025\/11\/yeepeng-cut-min.png","contentUrl":"https:\/\/culturechiangmai-ngodong.com\/wp-content\/uploads\/2025\/11\/yeepeng-cut-min.png","width":2012,"height":2417},{"@type":"BreadcrumbList","@id":"https:\/\/culturechiangmai-ngodong.com\/vi\/product\/chiang-mai-cad-yi-peng-khomloy-sky-lantern-festival-2026\/#breadcrumb","itemListElement":[{"@type":"ListItem","position":1,"name":"Home","item":"https:\/\/culturechiangmai-ngodong.com\/"},{"@type":"ListItem","position":2,"name":"Shop","item":"https:\/\/culturechiangmai-ngodong.com\/shop\/"},{"@type":"ListItem","position":3,"name":"L\u1ec5 h\u1ed9i CAD th\u1ea3 \u0111\u00e8n tr\u1eddi t\u1ea1i Chiangmai 2026"}]},{"@type":"WebSite","@id":"https:\/\/culturechiangmai-ngodong.com\/#website","url":"https:\/\/culturechiangmai-ngodong.com\/","name":"Culture Chiangmai Ngo Dong","description":"","potentialAction":[{"@type":"SearchAction","target":{"@type":"EntryPoint","urlTemplate":"https:\/\/culturechiangmai-ngodong.com\/?s={search_term_string}"},"query-input":{"@type":"PropertyValueSpecification","valueRequired":true,"valueName":"search_term_string"}}],"inLanguage":"vi"}]}},"_links":{"self":[{"href":"https:\/\/culturechiangmai-ngodong.com\/vi\/wp-json\/wp\/v2\/product\/15315","targetHints":{"allow":["GET"]}}],"collection":[{"href":"https:\/\/culturechiangmai-ngodong.com\/vi\/wp-json\/wp\/v2\/product"}],"about":[{"href":"https:\/\/culturechiangmai-ngodong.com\/vi\/wp-json\/wp\/v2\/types\/product"}],"replies":[{"embeddable":true,"href":"https:\/\/culturechiangmai-ngodong.com\/vi\/wp-json\/wp\/v2\/comments?post=15315"}],"wp:featuredmedia":[{"embeddable":true,"href":"https:\/\/culturechiangmai-ngodong.com\/vi\/wp-json\/wp\/v2\/media\/16266"}],"wp:attachment":[{"href":"https:\/\/culturechiangmai-ngodong.com\/vi\/wp-json\/wp\/v2\/media?parent=15315"}],"wp:term":[{"taxonomy":"product_brand","embeddable":true,"href":"https:\/\/culturechiangmai-ngodong.com\/vi\/wp-json\/wp\/v2\/product_brand?post=15315"},{"taxonomy":"product_cat","embeddable":true,"href":"https:\/\/culturechiangmai-ngodong.com\/vi\/wp-json\/wp\/v2\/product_cat?post=15315"},{"taxonomy":"product_tag","embeddable":true,"href":"https:\/\/culturechiangmai-ngodong.com\/vi\/wp-json\/wp\/v2\/product_tag?post=15315"}],"curies":[{"name":"wp","href":"https:\/\/api.w.org\/{rel}","templated":true}]}}